{"id":174,"date":"2017-07-18T22:10:09","date_gmt":"2017-07-18T20:10:09","guid":{"rendered":"https:\/\/sprememba.si\/SiSQ-Spirits\/?page_id=174"},"modified":"2024-07-18T10:06:51","modified_gmt":"2024-07-18T08:06:51","slug":"vino","status":"publish","type":"page","link":"https:\/\/sprememba.si\/SiSQ-Spirits\/trgovina\/vino\/","title":{"rendered":"Vino"},"content":{"rendered":"\n<p>Odkrijte najbolj\u0161e vino v Enoteki Mozirje &#8211; Navdu\u0161ili vas bodo okusi!<\/p>\n\n\n\n<p>Raziskujte izvrstna vina v Enoteki Mozirje in se prepustite edinstvenim okusom. U\u017eivajte v najbolj\u0161ih vinskih do\u017eivetjih!<\/p>\n\n\n\n<p>Vsako dobro vino nosi s sabo dobro zgodbo in mi poznamo vino in vinarje. Vemo kako nastaja, diha in zori vino. Vemo kje in kako vinarji obdelujejo svojo zemljo.  <a href=\"https:\/\/sprememba.si\/SiSQ-Spirits\/brand\/santei\/\">Santei<\/a>, <a href=\"https:\/\/sprememba.si\/SiSQ-Spirits\/brand\/kmetija-slavcek\/\">Slav\u010dek<\/a>, <a href=\"https:\/\/sprememba.si\/SiSQ-Spirits\/brand\/silveri\/\">Silveri<\/a>, ljubljenec svetovnega Decanterja <a href=\"https:\/\/sprememba.si\/SiSQ-Spirits\/brand\/m-vina\/\">M-enostavno dobra vina<\/a>, <a href=\"https:\/\/sprememba.si\/SiSQ-Spirits\/brand\/meum\/\">Meum<\/a>, <a href=\"https:\/\/sprememba.si\/SiSQ-Spirits\/brand\/carga-1767\/\">\u010carga<\/a>, <a href=\"https:\/\/sprememba.si\/SiSQ-Spirits\/brand\/vina-cuk\/\">\u010cuk<\/a>, <a href=\"https:\/\/sprememba.si\/SiSQ-Spirits\/brand\/vino-zorz-1696\/\">\u017dor\u017e<\/a> , <a href=\"https:\/\/sprememba.si\/SiSQ-Spirits\/brand\/vino-greif\/\">Greif,<\/a> <a href=\"https:\/\/sprememba.si\/SiSQ-Spirits\/brand\/vino-koglot\/\">Koglot<\/a> in seveda vinar leta 2023 <a href=\"https:\/\/sprememba.si\/SiSQ-Spirits\/bencina-vinar\/\" data-type=\"post\" data-id=\"1143\">Ben\u010dina<\/a>.<\/p>\n\n\n\n<h2 class=\"wp-block-heading\">Kakovost vina dolo\u010da 5 klju\u010dnih zna\u010dilnosti<\/h2>\n\n\n\n<p>Tukaj je nekaj najpomembnej\u0161ih:<\/p>\n\n\n\n<ul class=\"wp-block-list\">\n<li><strong>sladkost<\/strong>; to je prvi vtis vina. Dolo\u010den je s koli\u010dino ostanka sladkorja v vinu po fermentaciji. Vina so lahko od suhih do sladkih<\/li>\n\n\n\n<li><strong>kislost<\/strong>; kislost v vinu lahko opi\u0161emo kot sve\u017eo, trpko ali kislo. Vina z vi\u0161jo kislostjo delujejo z la\u017ejim telesom, ker se zdijo &#8220;\u0161pricasta&#8221;. \u010ce imate raje vino, ki je bolj bogato in okroglo, boste u\u017eivali nekoliko manj kislosti<\/li>\n\n\n\n<li><strong>tanin<\/strong>; tanini so naravno prisotne spojine, ki bostajajo v \u0161tevilnih naravnih virih, vklju\u010dno z grozdjem. Prispevajo k grenkobi, trpkosti in kompleksnosti vina. Tanini lahko vplivajo tudi na barvo vina<\/li>\n\n\n\n<li><strong>alkohol;<\/strong> stopnja alkohola lahko vpliva na te\u017eo in telo vina.  Lahko se giblje od nizkih kot je 5,5 % do celo 20 % ABV (alkohola)..<\/li>\n\n\n\n<li><strong>telo;<\/strong> to se nana\u0161a na te\u017eo vina v va\u0161ih ustih in je lahko rahlo, srednje ali polno. Veliko dejavnikov lahko vpliva na sestavo vina, vklju\u010dno s sorto grozdja, stopnjo alkohola in na\u010dinom izdelave.<\/li>\n<\/ul>\n\n\n<div class=\"wp-block-image\">\n<figure class=\"aligncenter size-full is-resized\"><img data-recalc-dims=\"1\" loading=\"lazy\" decoding=\"async\" width=\"980\" height=\"654\" data-attachment-id=\"16714\" data-permalink=\"https:\/\/sprememba.si\/SiSQ-Spirits\/trgovina\/vino\/tuscany-grape-field-nature-51947\/\" data-orig-file=\"https:\/\/i0.wp.com\/sprememba.si\/SiSQ-Spirits\/wp-content\/uploads\/2017\/07\/tuscany-grape-field-nature-51947.jpeg?fit=1880%2C1254&amp;ssl=1\" data-orig-size=\"1880,1254\" data-comments-opened=\"0\" data-image-meta=\"{&quot;aperture&quot;:&quot;0&quot;,&quot;credit&quot;:&quot;&quot;,&quot;camera&quot;:&quot;&quot;,&quot;caption&quot;:&quot;Photo by Pixabay on &lt;a href=\\&quot;https:\/\/www.pexels.com\/photo\/farm-land-during-sunset-51947\/\\&quot; rel=\\&quot;nofollow\\&quot;&gt;Pexels.com&lt;\/a&gt;&quot;,&quot;created_timestamp&quot;:&quot;0&quot;,&quot;copyright&quot;:&quot;&quot;,&quot;focal_length&quot;:&quot;0&quot;,&quot;iso&quot;:&quot;0&quot;,&quot;shutter_speed&quot;:&quot;0&quot;,&quot;title&quot;:&quot;farm land during sunset&quot;,&quot;orientation&quot;:&quot;0&quot;}\" data-image-title=\"tuscany-grape-field-nature-51947\" data-image-description=\"\" data-image-caption=\"&lt;p&gt;Photo by Pixabay on &lt;a href=&quot;https:\/\/www.pexels.com\/photo\/farm-land-during-sunset-51947\/&quot; rel=&quot;nofollow&quot;&gt;Pexels.com&lt;\/a&gt;&lt;\/p&gt;\n\" data-large-file=\"https:\/\/i0.wp.com\/sprememba.si\/SiSQ-Spirits\/wp-content\/uploads\/2017\/07\/tuscany-grape-field-nature-51947.jpeg?fit=980%2C654&amp;ssl=1\" src=\"https:\/\/i0.wp.com\/sprememba.si\/SiSQ-Spirits\/wp-content\/uploads\/2017\/07\/tuscany-grape-field-nature-51947.jpeg?resize=980%2C654&#038;ssl=1\" alt=\"farm land during sunset\" class=\"wp-image-16714\" style=\"width:402px;height:auto\" title=\"\" srcset=\"https:\/\/i0.wp.com\/sprememba.si\/SiSQ-Spirits\/wp-content\/uploads\/2017\/07\/tuscany-grape-field-nature-51947.jpeg?w=1880&amp;ssl=1 1880w, https:\/\/i0.wp.com\/sprememba.si\/SiSQ-Spirits\/wp-content\/uploads\/2017\/07\/tuscany-grape-field-nature-51947.jpeg?resize=300%2C200&amp;ssl=1 300w, https:\/\/i0.wp.com\/sprememba.si\/SiSQ-Spirits\/wp-content\/uploads\/2017\/07\/tuscany-grape-field-nature-51947.jpeg?resize=1024%2C683&amp;ssl=1 1024w, https:\/\/i0.wp.com\/sprememba.si\/SiSQ-Spirits\/wp-content\/uploads\/2017\/07\/tuscany-grape-field-nature-51947.jpeg?resize=768%2C512&amp;ssl=1 768w, https:\/\/i0.wp.com\/sprememba.si\/SiSQ-Spirits\/wp-content\/uploads\/2017\/07\/tuscany-grape-field-nature-51947.jpeg?resize=1536%2C1025&amp;ssl=1 1536w, https:\/\/i0.wp.com\/sprememba.si\/SiSQ-Spirits\/wp-content\/uploads\/2017\/07\/tuscany-grape-field-nature-51947.jpeg?resize=416%2C277&amp;ssl=1 416w\" sizes=\"auto, (max-width: 980px) 100vw, 980px\" \/><figcaption class=\"wp-element-caption\">Photo by Pixabay on <a href=\"https:\/\/www.pexels.com\/photo\/farm-land-during-sunset-51947\/\" rel=\"nofollow noopener\" target=\"_blank\">Pexels.com<\/a><\/figcaption><\/figure>\n<\/div>\n\n\n<p>Dobro vino je ravnovesje teh elementov. Poleg tega so kompleksnost, uravnote\u017eenost,  intenzivnost in zaklju\u010dek prav tako pokazatelji kakovosti vina. Razumevanje teh lastnosti vam pomaga bolje ceniti vino in prepoznati svoje osebne \u017eelje.<\/p>\n","protected":false},"excerpt":{"rendered":"<p>Odkrijte najbolj\u0161e vino v Enoteki Mozirje &#8211; Navdu\u0161ili vas bodo okusi! Raziskujte izvrstna vina v Enoteki Mozirje in se prepustite edinstvenim okusom. U\u017eivajte v najbolj\u0161ih vinskih do\u017eivetjih! Vsako dobro vino [&hellip;]<\/p>\n","protected":false},"author":1,"featured_media":0,"parent":29,"menu_order":0,"comment_status":"closed","ping_status":"closed","template":"","meta":{"_price":"","_stock":"","_tribe_ticket_header":"","_tribe_default_ticket_provider":"","_tribe_ticket_capacity":"0","_ticket_start_date":"","_ticket_end_date":"","_tribe_ticket_show_description":"","_tribe_ticket_show_not_going":false,"_tribe_ticket_use_global_stock":"","_tribe_ticket_global_stock_level":"","_global_stock_mode":"","_global_stock_cap":"","_tribe_rsvp_for_event":"","_tribe_ticket_going_count":"","_tribe_ticket_not_going_count":"","_tribe_tickets_list":"[]","_tribe_ticket_has_attendee_info_fields":false,"jetpack_post_was_ever_published":false,"footnotes":"","_tec_slr_enabled":"","_tec_slr_layout":""},"class_list":["post-174","page","type-page","status-publish","hentry"],"jetpack_sharing_enabled":true,"jetpack_shortlink":"https:\/\/wp.me\/P8Squ7-2O","jetpack_likes_enabled":true,"ticketed":false,"_links":{"self":[{"href":"https:\/\/sprememba.si\/SiSQ-Spirits\/wp-json\/wp\/v2\/pages\/174","targetHints":{"allow":["GET"]}}],"collection":[{"href":"https:\/\/sprememba.si\/SiSQ-Spirits\/wp-json\/wp\/v2\/pages"}],"about":[{"href":"https:\/\/sprememba.si\/SiSQ-Spirits\/wp-json\/wp\/v2\/types\/page"}],"author":[{"embeddable":true,"href":"https:\/\/sprememba.si\/SiSQ-Spirits\/wp-json\/wp\/v2\/users\/1"}],"replies":[{"embeddable":true,"href":"https:\/\/sprememba.si\/SiSQ-Spirits\/wp-json\/wp\/v2\/comments?post=174"}],"version-history":[{"count":5,"href":"https:\/\/sprememba.si\/SiSQ-Spirits\/wp-json\/wp\/v2\/pages\/174\/revisions"}],"predecessor-version":[{"id":16718,"href":"https:\/\/sprememba.si\/SiSQ-Spirits\/wp-json\/wp\/v2\/pages\/174\/revisions\/16718"}],"up":[{"embeddable":true,"href":"https:\/\/sprememba.si\/SiSQ-Spirits\/wp-json\/wp\/v2\/pages\/29"}],"wp:attachment":[{"href":"https:\/\/sprememba.si\/SiSQ-Spirits\/wp-json\/wp\/v2\/media?parent=174"}],"curies":[{"name":"wp","href":"https:\/\/api.w.org\/{rel}","templated":true}]}}