{"id":7929,"date":"2019-10-15T08:29:55","date_gmt":"2019-10-15T06:29:55","guid":{"rendered":"https:\/\/sprememba.si\/SiSQ-Spirits\/?page_id=7929"},"modified":"2024-01-03T23:19:52","modified_gmt":"2024-01-03T22:19:52","slug":"pogoji-poslovanja","status":"publish","type":"page","link":"https:\/\/sprememba.si\/SiSQ-Spirits\/pogoji-poslovanja\/","title":{"rendered":"Pogoji poslovanja"},"content":{"rendered":"<p>Spletna enoteka Mozirje je v lasti Zavoda Sprememba.<\/p>\n<h4>Splo\u0161ni pogoji spletne trgovine<\/h4>\n<p>Spletna Enoteka Mozirje deluje v skladu s splo\u0161nimi pogoji Zakona o varstvu potro\u0161nikov (ZVPot), priporo\u010dili Gospodarske zbornice Slovenije in mednarodnih kodeksov, ki urejajo internetno poslovanje.<\/p>\n<p>Uporabnik s sprejetjem naro\u010dila potrjuje, da je seznanjen s celotnim besedilom splo\u0161nih pogojev poslovanja na spletni strani www.sprememba.si ter se z njimi strinja.<\/p>\n<h4>Cene<\/h4>\n<p>Vse cene so v EUR in ne vsebujejo DDV, ker Zavod Sprememba ni zavezanec za pla\u010dilo davka. Cene ob izdelku ne vsebujejo stro\u0161kov dostave in pakiranja. Ponudnik si pridr\u017euje pravico, da lahko brez predhodnega obvestila spremeni cene. Velja cena objavljena\u00a0ob oddaji\u00a0naro\u010dila.<\/p>\n<h4>Pla\u010dilni pogoji<\/h4>\n<ol>\n<li><strong>Pla\u010dilo po predra\u010dunu<\/strong> &#8211; kupec prejme potrdilo o naro\u010dilu na elektronski naslov naveden ob naro\u010dilu. Po pla\u010dilu je blago dostavljeno uporabniku v dogovorjenem roku oz. ga \u010daka na naslovu Zavoda za osebni prevzem.<\/li>\n<li><strong>Pla\u010dilo pri prevzemu blaga<\/strong>\u00a0&#8211; kupec prejme potrdilo o naro\u010dilu na elektronski naslov navedenem ob naro\u010dilu. Ob dostavi se\u00a0 pla\u010da kupnina.<\/li>\n<li><strong>Dostava v okolici Mozirja<\/strong> &#8211; pla\u010dilo v gotovini preko dav\u010dne blagajne<\/li>\n<li><strong>Osebni prevzem<\/strong> &#8211; pla\u010dilo v gotovini preko dav\u010dne blagajne<\/li>\n<li><strong>Pla\u010dilo s karticami preko Stripe<\/strong>&#8211; platforma Stripe podpira vse ve\u010dje debetne in kreditne kartice ( Visa, Mastercard, Maestro, American express, Alipay &#8230;)<\/li>\n<\/ol>\n<h4>Dostava<\/h4>\n<ol>\n<li><strong>Osebni prevzem:<\/strong>\u00a0v primeru naro\u010dila in pla\u010dila do 15. ure bo po\u0161iljka na voljo za prevzem \u017ee isti dan.<\/li>\n<li><strong>Brezpla\u010dna dostava za podro\u010dje:<\/strong> Mozirje, Ljubno, Lu\u010de, Sol\u010dava, \u0160o\u0161tanj, Velenje, \u0160martno ob Paki, Braslov\u010de, Polzela, \u0160empeter v primeru naro\u010dila 49 \u20ac ali ve\u010d<\/li>\n<li><strong>Brezpla\u010dna dostava za ostale predele Slovenije: <\/strong>v primeru naro\u010dila v vrednosti 200 \u20ac.<\/li>\n<li><strong>Preko kurirske slu\u017ebe <\/strong>(pogodba s Po\u0161to Slovenije, ali preko GLS)<\/li>\n<li><strong>Lastna dostava<\/strong> v primeru ve\u010djih koli\u010din<\/li>\n<\/ol>\n<p>Dostava je v<strong> 1-3 dneh<\/strong>, \u010de ni druga\u010de navedeno. Po\u0161tnina je obra\u010dunana po <strong>ceniku Po\u0161te Slovenije<\/strong>.<\/p>\n<p>Izguba ali po\u0161kodbe po\u0161iljke<\/p>\n<p>Za izgubo ali po\u0161kodbe po\u0161iljke odgovarja prevoznik. Kupec mora o po\u0161kodbi ali izgubi po\u0161iljke obvestiti prevoznika ali ponudnika. V tem primeru se po\u0161lje nova po\u0161iljka.<\/p>\n<h4>Najni\u017eja vrednost blaga za dostavo<\/h4>\n<p>Najni\u017eji skupni znesek blaga ( z upo\u0161tevanjem vrednosti kupona) mora biti v vrednosti 14 \u20ac ali ve\u010d.<\/p>\n<h4>Pravica od odstopa od nakupa<\/h4>\n<p>Uporabnik ima pravico vrniti blago v roku 14 dni od prejema po\u0161iljke. Prejeto blago mora kupec vrniti v originalni embala\u017ei, nepo\u0161kodovano in v nespremenjenem stanju. Za hitro pokvarljivo blago pri vra\u010danju ne sme biti \u010dez rok uporabe. Kupec ima le stro\u0161ek vra\u010dila blaga.<\/p>\n<p>Vra\u010dilo kupnine se bo izvedelo takoj, najkasneje v 5 dneh od prejema sporo\u010dila o odstopu od pogodbe. Vra\u010dilo se naka\u017ee na transakcijski ra\u010dun kupca, ki ga sporo\u010di v obvestilu o vra\u010dilu blaga.<br \/>\nVrnitev prejetega blaga ponudniku v roku za odstop od pogodbe se \u0161teje za sporo\u010dilo o odstopu od pogodbe. Blago se vrne na sede\u017e zavoda: Zavod Sprememba, Praprotnikova 34, 3330 Mozirje.<\/p>\n<h4>Varnost podatkov<\/h4>\n<p>Ponudnik se zavezuje, da bo varoval vse osebne podatke uporabnikov in jih ne bo posredoval tretjim osebam. Podatki bodo uporabljeni le za vodenje ra\u010dunov, ponudb in ostale potrebne dokumentacije.<br \/>\nPonudnik uporablja ustrezna tehnolo\u0161ka sredstva za za\u0161\u010dito prenosa in shranjevanja osebnih podatkov ter pla\u010dil.<\/p>\n<h4>OPOZORILO!<\/h4>\n<p>Mladoletnim osebam je prodaja alkoholnih pija\u010d prepovedana, zato mora biti uporabnik polnoleten v \u010dasu nakupa. Ministrstvo za zdravje opozarja: prekomerno pitje alkohola \u0161koduje zdravju.<\/p>\n<p>Trenutno zaradi spremenjene EU zakonodaje ni mo\u017eno dostaviti izven Slovenije.<\/p>\n<h4>E-novi\u010dke<\/h4>\n<p>Uporabnik se strinja, da ga po prijavi na e-novi\u010dke ob\u010dasno obve\u0161\u010damo o novostih v ponudbi, raznih promocijah in akcijah, dogodkih, izobra\u017eevanjih ali o novostih o zavodu. Ponudnik se zavezuje, da e-naslova uporabnika ne bo na noben na\u010din zlorabil ali posredoval tretji osebi. Uporabnik se lahko kadarkoli odjavi od prejemanja novic.<\/p>\n<h4>Podatki o zavodu<\/h4>\n<p>Zavod Sprememba<br \/>\nPraprotnikova 34<br \/>\n3330 Mozirje<br \/>\nmati\u010dna \u0161t.: 3350550<br \/>\ndav\u010dna \u0161t.: 87658593<br \/>\nTTR: SI56 6100 0000 0988 195 (Delavska hranilnica)<\/p>\n","protected":false},"excerpt":{"rendered":"<p>Spletna enoteka Mozirje je v lasti Zavoda Sprememba. Splo\u0161ni pogoji spletne trgovine Spletna Enoteka Mozirje deluje v skladu s splo\u0161nimi pogoji Zakona o varstvu potro\u0161nikov (ZVPot), priporo\u010dili Gospodarske zbornice Slovenije [&hellip;]<\/p>\n","protected":false},"author":1,"featured_media":0,"parent":0,"menu_order":0,"comment_status":"closed","ping_status":"closed","template":"","meta":{"_price":"","_stock":"","_tribe_ticket_header":"","_tribe_default_ticket_provider":"","_tribe_ticket_capacity":"0","_ticket_start_date":"","_ticket_end_date":"","_tribe_ticket_show_description":"","_tribe_ticket_show_not_going":false,"_tribe_ticket_use_global_stock":"","_tribe_ticket_global_stock_level":"","_global_stock_mode":"","_global_stock_cap":"","_tribe_rsvp_for_event":"","_tribe_ticket_going_count":"","_tribe_ticket_not_going_count":"","_tribe_tickets_list":"[]","_tribe_ticket_has_attendee_info_fields":false,"jetpack_post_was_ever_published":false,"footnotes":"","_tec_slr_enabled":"","_tec_slr_layout":""},"class_list":["post-7929","page","type-page","status-publish","hentry"],"jetpack_sharing_enabled":true,"jetpack_shortlink":"https:\/\/wp.me\/P8Squ7-23T","jetpack_likes_enabled":true,"ticketed":false,"_links":{"self":[{"href":"https:\/\/sprememba.si\/SiSQ-Spirits\/wp-json\/wp\/v2\/pages\/7929","targetHints":{"allow":["GET"]}}],"collection":[{"href":"https:\/\/sprememba.si\/SiSQ-Spirits\/wp-json\/wp\/v2\/pages"}],"about":[{"href":"https:\/\/sprememba.si\/SiSQ-Spirits\/wp-json\/wp\/v2\/types\/page"}],"author":[{"embeddable":true,"href":"https:\/\/sprememba.si\/SiSQ-Spirits\/wp-json\/wp\/v2\/users\/1"}],"replies":[{"embeddable":true,"href":"https:\/\/sprememba.si\/SiSQ-Spirits\/wp-json\/wp\/v2\/comments?post=7929"}],"version-history":[{"count":2,"href":"https:\/\/sprememba.si\/SiSQ-Spirits\/wp-json\/wp\/v2\/pages\/7929\/revisions"}],"predecessor-version":[{"id":16539,"href":"https:\/\/sprememba.si\/SiSQ-Spirits\/wp-json\/wp\/v2\/pages\/7929\/revisions\/16539"}],"wp:attachment":[{"href":"https:\/\/sprememba.si\/SiSQ-Spirits\/wp-json\/wp\/v2\/media?parent=7929"}],"curies":[{"name":"wp","href":"https:\/\/api.w.org\/{rel}","templated":true}]}}