{"id":7933,"date":"2019-10-15T09:02:09","date_gmt":"2019-10-15T07:02:09","guid":{"rendered":"https:\/\/sprememba.si\/SiSQ-Spirits\/?page_id=7933"},"modified":"2023-03-20T12:58:22","modified_gmt":"2023-03-20T11:58:22","slug":"politika-zasebnosti","status":"publish","type":"page","link":"https:\/\/sprememba.si\/SiSQ-Spirits\/politika-zasebnosti\/","title":{"rendered":"Politika zasebnosti"},"content":{"rendered":"<p>Zbrane podatke varujemo v skladu z GDPR, konvencijami Sveta Evrope in ZVOP-2<\/p>\n<h4>Kateri podatki se zbirajo?<\/h4>\n<p>Zavod Sprememba zbira slede\u010de osebne podatke za potrebe poslovanja: ime in priimek, naslov in kraj dostave, naslov elektronske po\u0161te, kontaktni telefon, ki jih uporabnik vnsese v orazec na spletnem mestu sprememba.si. Zavod ne odgovarja za to\u010dnost podtkov, ki jih vnese uporabnik.<br \/>\nPosameznemu uporabniku je ob za\u010detku obiska dodeljen sejni pi\u0161kotek za identifikacijo in spremljanje nakupovalne ko\u0161are v \u0161ifrirani obliki in pi\u0161kotki Google Analytics za analizo obiskov spletne strani. Sejni pi\u0161kotek se v pomnilnik stre\u017enika shrani le za \u010das trajanja obiska in se izbri\u0161ejo po uri neaktivnosti.<\/p>\n<h4>Obdelava osebnih podatkov<\/h4>\n<p>Z uporabo spletnega mesta se uporabnik strinja z vsakokratnimi veljavnimi pravili in splo\u0161nimi pogoji, objavljeni na tem spletnem mestu.<br \/>\nPodatkov u uporabniku se v nobenem primeru ne bo predalo nepoobla\u0161\u010denim osebam.<\/p>\n<h4>Prijava na e-novice<\/h4>\n<p>Uporabnik se lahko prijavi na e-novice, s katerimi se do preklica obve\u0161\u010da o novosti v ponudbi, o dogodkih, ki jih organiziramo ali sodelujemo na njih, o raznih nagradnih igrah, popustih in drugih promocijah.\u00a0 Za prijavo na e-novice se zbirajo naslednji podatki: ime in priimek, elektronski naslov.<br \/>\nPo poslanem obrazcu dobi uporabnik potrditveno sporo\u010dilo. Z e-novic se lahko uporabnik kadarkoli odjavi s klikom na gumb Odjava v e-novicah ali pa se po\u0161lje elektronsko sporo\u010dilo z zahtevo po odjavi. E-novice se po\u0161iljajo preko spletne aplikacije Sendinblue (shranjuje podatke le v EU).<\/p>\n<h4>Registracija uporabnika<\/h4>\n<p>V spletni trgovini se lahko vsak prijavi kot registriran uporabnik, ogled vsebine in nakup pa je mo\u017een tudi gostom.<\/p>\n<h4>Varnost podatkov<\/h4>\n<p>Podatki, ki jih uporabnik posreduje so zaupni in se obravnavajo v skladu s slovensko zakonodajo. Osebni podatki se varujejo pred njihovo zlorabo in so uporabljeni le za namene, za katere je uporabnik dal svoje soglasje. dostop do osebnih podatkov imajo zgolj poobla\u0161\u010dene osebe.\u00a0 Registrirani uporabniki morajo sami skrbeti za varnost svojega imena in gesla.<\/p>\n<p>Za prenos vseh osebnih podatkov uporabnika se uporablja tehnologija SSL, ki srbi za kodiranje vseh informacij, poslanih z naro\u010dili. Vsi, ki imajo dostop do osebnih podatkov, so zavezani skrbnemu ravnanju z njimi skladno z evropsko zakonodajo.<\/p>\n<h4>Privolitev<\/h4>\n<p>Z uporabo spletnega mesta se uporabnik strinja s splo\u0161nimi pogoji uporabe in pravilnikom zasebnosti, objavljenim na spletnem mestu.<\/p>\n<h4>Upravljalec osebnih podatkov<\/h4>\n<p>Zavod Sprememba, Praprotnikova 34, 3330 Mozirje. Za vsa vpra\u0161anja o zasebnosti in ostala vpra\u0161anja lahko naslovite na info (@)sprememba.si .<\/p>\n","protected":false},"excerpt":{"rendered":"<p>Zbrane podatke varujemo v skladu z GDPR, konvencijami Sveta Evrope in ZVOP-2 Kateri podatki se zbirajo? Zavod Sprememba zbira slede\u010de osebne podatke za potrebe poslovanja: ime in priimek, naslov in [&hellip;]<\/p>\n","protected":false},"author":1,"featured_media":0,"parent":0,"menu_order":0,"comment_status":"closed","ping_status":"closed","template":"","meta":{"_price":"","_stock":"","_tribe_ticket_header":"","_tribe_default_ticket_provider":"","_tribe_ticket_capacity":"0","_ticket_start_date":"","_ticket_end_date":"","_tribe_ticket_show_description":"","_tribe_ticket_show_not_going":false,"_tribe_ticket_use_global_stock":"","_tribe_ticket_global_stock_level":"","_global_stock_mode":"","_global_stock_cap":"","_tribe_rsvp_for_event":"","_tribe_ticket_going_count":"","_tribe_ticket_not_going_count":"","_tribe_tickets_list":"[]","_tribe_ticket_has_attendee_info_fields":false,"jetpack_post_was_ever_published":false,"footnotes":"","_tec_slr_enabled":"","_tec_slr_layout":""},"class_list":["post-7933","page","type-page","status-publish","hentry"],"jetpack_sharing_enabled":true,"jetpack_shortlink":"https:\/\/wp.me\/P8Squ7-23X","jetpack_likes_enabled":true,"ticketed":false,"_links":{"self":[{"href":"https:\/\/sprememba.si\/SiSQ-Spirits\/wp-json\/wp\/v2\/pages\/7933","targetHints":{"allow":["GET"]}}],"collection":[{"href":"https:\/\/sprememba.si\/SiSQ-Spirits\/wp-json\/wp\/v2\/pages"}],"about":[{"href":"https:\/\/sprememba.si\/SiSQ-Spirits\/wp-json\/wp\/v2\/types\/page"}],"author":[{"embeddable":true,"href":"https:\/\/sprememba.si\/SiSQ-Spirits\/wp-json\/wp\/v2\/users\/1"}],"replies":[{"embeddable":true,"href":"https:\/\/sprememba.si\/SiSQ-Spirits\/wp-json\/wp\/v2\/comments?post=7933"}],"version-history":[{"count":0,"href":"https:\/\/sprememba.si\/SiSQ-Spirits\/wp-json\/wp\/v2\/pages\/7933\/revisions"}],"wp:attachment":[{"href":"https:\/\/sprememba.si\/SiSQ-Spirits\/wp-json\/wp\/v2\/media?parent=7933"}],"curies":[{"name":"wp","href":"https:\/\/api.w.org\/{rel}","templated":true}]}}