{"id":928,"date":"2019-01-13T18:55:31","date_gmt":"2019-01-13T17:55:31","guid":{"rendered":"https:\/\/sprememba.si\/SiSQ-Spirits\/?page_id=928"},"modified":"2025-04-30T15:14:16","modified_gmt":"2025-04-30T13:14:16","slug":"sommelier-slemensek-sisq-spirits-o-nas-wset","status":"publish","type":"page","link":"https:\/\/sprememba.si\/SiSQ-Spirits\/sommelier-slemensek-sisq-spirits-o-nas-wset\/","title":{"rendered":"O nas"},"content":{"rendered":"\n<p>Vsa pija\u010da v Enoteki SiSQSpirits je&nbsp;izbrana glede na svetovanje&nbsp;na\u0161ega glavnega sommeliera.<\/p>\n\n\n\n<p><strong>Sa\u0161o Slemen\u0161ek<\/strong> je odli\u010den svetovalec za vino, pivo\u00a0in\u00a0destilate z mednarodnim certifikatom <strong>WSET 2<\/strong> in\u00a0s slovenskim\u00a0certifikatom <strong>Sommelier<\/strong>. Rad deli svoje znanje z drugimi, hkrati pa se \u0161e sam izobra\u017euje pod mentorstvom najbolj\u0161ih slovenskih sommelierjev.<br><br>Vsako leto ocenjuje vina tudi na Sommelier Selection v Mariboru.<\/p>\n\n\n\n<p>Pokli\u010dite, rad vam bo pomagal pri izboru pija\u010de za sebe ali kot darilo!<\/p>\n\n\n\n<p><\/p>\n","protected":false},"excerpt":{"rendered":"<p>Vsa pija\u010da v Enoteki SiSQSpirits je&nbsp;izbrana glede na svetovanje&nbsp;na\u0161ega glavnega sommeliera. Sa\u0161o Slemen\u0161ek je odli\u010den svetovalec za vino, pivo\u00a0in\u00a0destilate z mednarodnim certifikatom WSET 2 in\u00a0s slovenskim\u00a0certifikatom Sommelier. Rad deli svoje [&hellip;]<\/p>\n","protected":false},"author":1,"featured_media":17124,"parent":0,"menu_order":4,"comment_status":"closed","ping_status":"closed","template":"","meta":{"_price":"","_stock":"","_tribe_ticket_header":"","_tribe_default_ticket_provider":"","_tribe_ticket_capacity":"0","_ticket_start_date":"","_ticket_end_date":"","_tribe_ticket_show_description":"","_tribe_ticket_show_not_going":false,"_tribe_ticket_use_global_stock":"","_tribe_ticket_global_stock_level":"","_global_stock_mode":"","_global_stock_cap":"","_tribe_rsvp_for_event":"","_tribe_ticket_going_count":"","_tribe_ticket_not_going_count":"","_tribe_tickets_list":"[]","_tribe_ticket_has_attendee_info_fields":false,"jetpack_post_was_ever_published":false,"footnotes":"","_tec_slr_enabled":"","_tec_slr_layout":""},"class_list":["post-928","page","type-page","status-publish","has-post-thumbnail","hentry"],"jetpack_sharing_enabled":true,"jetpack_shortlink":"https:\/\/wp.me\/P8Squ7-eY","jetpack_likes_enabled":true,"ticketed":false,"_links":{"self":[{"href":"https:\/\/sprememba.si\/SiSQ-Spirits\/wp-json\/wp\/v2\/pages\/928","targetHints":{"allow":["GET"]}}],"collection":[{"href":"https:\/\/sprememba.si\/SiSQ-Spirits\/wp-json\/wp\/v2\/pages"}],"about":[{"href":"https:\/\/sprememba.si\/SiSQ-Spirits\/wp-json\/wp\/v2\/types\/page"}],"author":[{"embeddable":true,"href":"https:\/\/sprememba.si\/SiSQ-Spirits\/wp-json\/wp\/v2\/users\/1"}],"replies":[{"embeddable":true,"href":"https:\/\/sprememba.si\/SiSQ-Spirits\/wp-json\/wp\/v2\/comments?post=928"}],"version-history":[{"count":4,"href":"https:\/\/sprememba.si\/SiSQ-Spirits\/wp-json\/wp\/v2\/pages\/928\/revisions"}],"predecessor-version":[{"id":17125,"href":"https:\/\/sprememba.si\/SiSQ-Spirits\/wp-json\/wp\/v2\/pages\/928\/revisions\/17125"}],"wp:featuredmedia":[{"embeddable":true,"href":"https:\/\/sprememba.si\/SiSQ-Spirits\/wp-json\/wp\/v2\/media\/17124"}],"wp:attachment":[{"href":"https:\/\/sprememba.si\/SiSQ-Spirits\/wp-json\/wp\/v2\/media?parent=928"}],"curies":[{"name":"wp","href":"https:\/\/api.w.org\/{rel}","templated":true}]}}