{"id":10150,"date":"2019-11-25T22:38:47","date_gmt":"2019-11-25T21:38:47","guid":{"rendered":"https:\/\/sprememba.si\/SiSQ-Spirits\/?post_type=product&#038;p=10150"},"modified":"2024-10-03T09:43:47","modified_gmt":"2024-10-03T07:43:47","slug":"bathtub-gin-old-tom","status":"publish","type":"product","link":"https:\/\/sprememba.si\/SiSQ-Spirits\/trgovina\/bathtub-gin-old-tom\/","title":{"rendered":"Bathtub Gin Old Tom"},"content":{"rendered":"<p>Bathtub Gin Old Tom iz destilarne Ableforth je zelo klasi\u010den old tom, ne\u017eno sladek, okusimo lahko kardamom in cimet, sveda brin in mint ter seveda rahlo tudi pomaran\u010do.<\/p>\n<p>Old Tom je skoraj pozabljen stil Gina, ki je bil zelo priljubljen v 18. in 19. stoletju, sedaj pa se po\u010dasi vra\u010da popularnost. Gini Old Tom so slaj\u0161i in primerni tako za Gin Tonike kot tudi za kompleksnej\u0161e koktejle.<\/p>\n<p>Bathtub Old Tom je nabral \u017ee lepo \u0161tevilo medalj in priznanj na vseh tekmovanjih.<\/p>\n<p>Poleg rahle sladkobe boste v njem okusili obilico sadja, brin in pomaran\u010de. Zaradi bolj polnega telesa bo dobrodo\u0161el dodatek vsem me\u0161anim pija\u010dam.<\/p>\n<p>&nbsp;<\/p>\n<p><img data-recalc-dims=\"1\" loading=\"lazy\" decoding=\"async\" data-attachment-id=\"10156\" data-permalink=\"https:\/\/sprememba.si\/SiSQ-Spirits\/?attachment_id=10156\" data-orig-file=\"https:\/\/i0.wp.com\/sprememba.si\/SiSQ-Spirits\/wp-content\/uploads\/2019\/11\/bathtub-IWSC-Silver-Outstanding-Medal.png?fit=232%2C232&amp;ssl=1\" data-orig-size=\"232,232\" data-comments-opened=\"0\" data-image-meta=\"{&quot;aperture&quot;:&quot;0&quot;,&quot;credit&quot;:&quot;&quot;,&quot;camera&quot;:&quot;&quot;,&quot;caption&quot;:&quot;&quot;,&quot;created_timestamp&quot;:&quot;0&quot;,&quot;copyright&quot;:&quot;&quot;,&quot;focal_length&quot;:&quot;0&quot;,&quot;iso&quot;:&quot;0&quot;,&quot;shutter_speed&quot;:&quot;0&quot;,&quot;title&quot;:&quot;&quot;,&quot;orientation&quot;:&quot;0&quot;}\" data-image-title=\"bathtub-IWSC-Silver-Outstanding-Medal\" data-image-description=\"\" data-image-caption=\"\" data-large-file=\"https:\/\/i0.wp.com\/sprememba.si\/SiSQ-Spirits\/wp-content\/uploads\/2019\/11\/bathtub-IWSC-Silver-Outstanding-Medal.png?fit=232%2C232&amp;ssl=1\" class=\"wp-image-10156\" src=\"https:\/\/i0.wp.com\/sprememba.si\/SiSQ-Spirits\/wp-content\/uploads\/2019\/11\/bathtub-IWSC-Silver-Outstanding-Medal.png?resize=101%2C101&#038;ssl=1\" alt=\"\" width=\"101\" height=\"101\" title=\"\" srcset=\"https:\/\/i0.wp.com\/sprememba.si\/SiSQ-Spirits\/wp-content\/uploads\/2019\/11\/bathtub-IWSC-Silver-Outstanding-Medal.png?w=232&amp;ssl=1 232w, https:\/\/i0.wp.com\/sprememba.si\/SiSQ-Spirits\/wp-content\/uploads\/2019\/11\/bathtub-IWSC-Silver-Outstanding-Medal.png?resize=150%2C150&amp;ssl=1 150w, https:\/\/i0.wp.com\/sprememba.si\/SiSQ-Spirits\/wp-content\/uploads\/2019\/11\/bathtub-IWSC-Silver-Outstanding-Medal.png?resize=100%2C100&amp;ssl=1 100w\" sizes=\"auto, (max-width: 101px) 100vw, 101px\" \/><\/p>\n<p><img data-recalc-dims=\"1\" loading=\"lazy\" decoding=\"async\" data-attachment-id=\"10155\" data-permalink=\"https:\/\/sprememba.si\/SiSQ-Spirits\/?attachment_id=10155\" data-orig-file=\"https:\/\/i0.wp.com\/sprememba.si\/SiSQ-Spirits\/wp-content\/uploads\/2019\/11\/bathtub-International-Spirits-Challenge-Silver-Medal.png?fit=257%2C257&amp;ssl=1\" data-orig-size=\"257,257\" data-comments-opened=\"0\" data-image-meta=\"{&quot;aperture&quot;:&quot;0&quot;,&quot;credit&quot;:&quot;&quot;,&quot;camera&quot;:&quot;&quot;,&quot;caption&quot;:&quot;&quot;,&quot;created_timestamp&quot;:&quot;0&quot;,&quot;copyright&quot;:&quot;&quot;,&quot;focal_length&quot;:&quot;0&quot;,&quot;iso&quot;:&quot;0&quot;,&quot;shutter_speed&quot;:&quot;0&quot;,&quot;title&quot;:&quot;&quot;,&quot;orientation&quot;:&quot;0&quot;}\" data-image-title=\"bathtub-International-Spirits-Challenge-Silver-Medal\" data-image-description=\"\" data-image-caption=\"\" data-large-file=\"https:\/\/i0.wp.com\/sprememba.si\/SiSQ-Spirits\/wp-content\/uploads\/2019\/11\/bathtub-International-Spirits-Challenge-Silver-Medal.png?fit=257%2C257&amp;ssl=1\" class=\" wp-image-10155 alignleft\" src=\"https:\/\/i0.wp.com\/sprememba.si\/SiSQ-Spirits\/wp-content\/uploads\/2019\/11\/bathtub-International-Spirits-Challenge-Silver-Medal.png?resize=95%2C95&#038;ssl=1\" alt=\"\" width=\"95\" height=\"95\" title=\"\" srcset=\"https:\/\/i0.wp.com\/sprememba.si\/SiSQ-Spirits\/wp-content\/uploads\/2019\/11\/bathtub-International-Spirits-Challenge-Silver-Medal.png?w=257&amp;ssl=1 257w, https:\/\/i0.wp.com\/sprememba.si\/SiSQ-Spirits\/wp-content\/uploads\/2019\/11\/bathtub-International-Spirits-Challenge-Silver-Medal.png?resize=150%2C150&amp;ssl=1 150w, https:\/\/i0.wp.com\/sprememba.si\/SiSQ-Spirits\/wp-content\/uploads\/2019\/11\/bathtub-International-Spirits-Challenge-Silver-Medal.png?resize=100%2C100&amp;ssl=1 100w\" sizes=\"auto, (max-width: 95px) 100vw, 95px\" \/> <img data-recalc-dims=\"1\" loading=\"lazy\" decoding=\"async\" data-attachment-id=\"10157\" data-permalink=\"https:\/\/sprememba.si\/SiSQ-Spirits\/?attachment_id=10157\" data-orig-file=\"https:\/\/i0.wp.com\/sprememba.si\/SiSQ-Spirits\/wp-content\/uploads\/2019\/11\/bathtub-The-Spirits-Business-Gold-Medal.png?fit=224%2C225&amp;ssl=1\" data-orig-size=\"224,225\" data-comments-opened=\"0\" data-image-meta=\"{&quot;aperture&quot;:&quot;0&quot;,&quot;credit&quot;:&quot;&quot;,&quot;camera&quot;:&quot;&quot;,&quot;caption&quot;:&quot;&quot;,&quot;created_timestamp&quot;:&quot;0&quot;,&quot;copyright&quot;:&quot;&quot;,&quot;focal_length&quot;:&quot;0&quot;,&quot;iso&quot;:&quot;0&quot;,&quot;shutter_speed&quot;:&quot;0&quot;,&quot;title&quot;:&quot;&quot;,&quot;orientation&quot;:&quot;0&quot;}\" data-image-title=\"bathtub-The-Spirits-Business-Gold-Medal\" data-image-description=\"\" data-image-caption=\"\" data-large-file=\"https:\/\/i0.wp.com\/sprememba.si\/SiSQ-Spirits\/wp-content\/uploads\/2019\/11\/bathtub-The-Spirits-Business-Gold-Medal.png?fit=224%2C225&amp;ssl=1\" class=\"wp-image-10157 alignleft\" src=\"https:\/\/i0.wp.com\/sprememba.si\/SiSQ-Spirits\/wp-content\/uploads\/2019\/11\/bathtub-The-Spirits-Business-Gold-Medal.png?resize=97%2C97&#038;ssl=1\" alt=\"\" width=\"97\" height=\"97\" title=\"\" srcset=\"https:\/\/i0.wp.com\/sprememba.si\/SiSQ-Spirits\/wp-content\/uploads\/2019\/11\/bathtub-The-Spirits-Business-Gold-Medal.png?w=224&amp;ssl=1 224w, https:\/\/i0.wp.com\/sprememba.si\/SiSQ-Spirits\/wp-content\/uploads\/2019\/11\/bathtub-The-Spirits-Business-Gold-Medal.png?resize=150%2C150&amp;ssl=1 150w, https:\/\/i0.wp.com\/sprememba.si\/SiSQ-Spirits\/wp-content\/uploads\/2019\/11\/bathtub-The-Spirits-Business-Gold-Medal.png?resize=100%2C100&amp;ssl=1 100w\" sizes=\"auto, (max-width: 97px) 100vw, 97px\" \/> <img data-recalc-dims=\"1\" loading=\"lazy\" decoding=\"async\" data-attachment-id=\"10158\" data-permalink=\"https:\/\/sprememba.si\/SiSQ-Spirits\/?attachment_id=10158\" data-orig-file=\"https:\/\/i0.wp.com\/sprememba.si\/SiSQ-Spirits\/wp-content\/uploads\/2019\/11\/bathtub-World-Gin-Awards-Worlds-Best-Gold14.jpg?fit=85%2C119&amp;ssl=1\" data-orig-size=\"85,119\" data-comments-opened=\"0\" data-image-meta=\"{&quot;aperture&quot;:&quot;0&quot;,&quot;credit&quot;:&quot;&quot;,&quot;camera&quot;:&quot;&quot;,&quot;caption&quot;:&quot;&quot;,&quot;created_timestamp&quot;:&quot;0&quot;,&quot;copyright&quot;:&quot;&quot;,&quot;focal_length&quot;:&quot;0&quot;,&quot;iso&quot;:&quot;0&quot;,&quot;shutter_speed&quot;:&quot;0&quot;,&quot;title&quot;:&quot;&quot;,&quot;orientation&quot;:&quot;0&quot;}\" data-image-title=\"bathtub-World-Gin-Awards-Worlds-Best-Gold14\" data-image-description=\"\" data-image-caption=\"\" data-large-file=\"https:\/\/i0.wp.com\/sprememba.si\/SiSQ-Spirits\/wp-content\/uploads\/2019\/11\/bathtub-World-Gin-Awards-Worlds-Best-Gold14.jpg?fit=85%2C119&amp;ssl=1\" class=\" wp-image-10158 alignleft\" src=\"https:\/\/i0.wp.com\/sprememba.si\/SiSQ-Spirits\/wp-content\/uploads\/2019\/11\/bathtub-World-Gin-Awards-Worlds-Best-Gold14.jpg?resize=68%2C95&#038;ssl=1\" alt=\"\" width=\"68\" height=\"95\" title=\"\"><\/p>\n<p><img data-recalc-dims=\"1\" loading=\"lazy\" decoding=\"async\" data-attachment-id=\"14232\" data-permalink=\"https:\/\/sprememba.si\/SiSQ-Spirits\/?attachment_id=14232\" data-orig-file=\"https:\/\/i0.wp.com\/sprememba.si\/SiSQ-Spirits\/wp-content\/uploads\/2019\/11\/WGA17-Cat_Silver_Logo.jpg?fit=177%2C250&amp;ssl=1\" data-orig-size=\"177,250\" data-comments-opened=\"0\" data-image-meta=\"{&quot;aperture&quot;:&quot;0&quot;,&quot;credit&quot;:&quot;&quot;,&quot;camera&quot;:&quot;&quot;,&quot;caption&quot;:&quot;&quot;,&quot;created_timestamp&quot;:&quot;0&quot;,&quot;copyright&quot;:&quot;&quot;,&quot;focal_length&quot;:&quot;0&quot;,&quot;iso&quot;:&quot;0&quot;,&quot;shutter_speed&quot;:&quot;0&quot;,&quot;title&quot;:&quot;&quot;,&quot;orientation&quot;:&quot;0&quot;}\" data-image-title=\"WGA17-Cat_Silver_Logo\" data-image-description=\"\" data-image-caption=\"&lt;p&gt;WGA 2017 silver&lt;\/p&gt;\n\" data-large-file=\"https:\/\/i0.wp.com\/sprememba.si\/SiSQ-Spirits\/wp-content\/uploads\/2019\/11\/WGA17-Cat_Silver_Logo.jpg?fit=177%2C250&amp;ssl=1\" class=\" wp-image-14232\" src=\"https:\/\/i0.wp.com\/sprememba.si\/SiSQ-Spirits\/wp-content\/uploads\/2019\/11\/WGA17-Cat_Silver_Logo.jpg?resize=67%2C95&#038;ssl=1\" alt=\"\" width=\"67\" height=\"95\" title=\"\"><\/p>\n","protected":false},"excerpt":{"rendered":"<p>Bathtub Gin Old Tom iz destilarne Ableforth je zelo klasi\u010den old tom, ne\u017eno sladek, okusimo lahko kardamom in cimet, sveda brin in mint ter seveda rahlo tudi pomaran\u010do. Old Tom [&hellip;]<\/p>\n","protected":false},"featured_media":10153,"template":"","meta":{"_price":"34.16","_stock":"4","_tribe_ticket_header":"","_tribe_default_ticket_provider":"","_tribe_ticket_capacity":"8","_ticket_start_date":"","_ticket_end_date":"","_tribe_ticket_show_description":"","_tribe_ticket_show_not_going":false,"_tribe_ticket_use_global_stock":"","_tribe_ticket_global_stock_level":"","_global_stock_mode":"","_global_stock_cap":"","_tribe_rsvp_for_event":"","_tribe_ticket_going_count":"","_tribe_ticket_not_going_count":"","_tribe_tickets_list":"[]","_tribe_ticket_has_attendee_info_fields":false,"jetpack_post_was_ever_published":false,"_tec_slr_enabled":"","_tec_slr_layout":""},"pwb-brand":[1674],"product_brand":[],"product_cat":[1216,1620,865,2466],"product_tag":[1668,1670],"class_list":{"0":"post-10150","1":"product","2":"type-product","3":"status-publish","4":"has-post-thumbnail","6":"pwb-brand-ableforth","7":"product_cat-tuj-gin","8":"product_cat-destilati","9":"product_cat-gin","10":"product_cat-izpostavljeno","11":"product_tag-bathtub","12":"product_tag-old-tom","14":"first","15":"instock","16":"featured","17":"shipping-taxable","18":"purchasable","19":"product-type-simple"},"supplier_id":null,"supplier_sku":"","atum_controlled":true,"out_stock_date":null,"out_stock_threshold":null,"inheritable":false,"inbound_stock":0,"stock_on_hold":0,"sold_today":0,"sales_last_days":0,"reserved_stock":0,"customer_returns":0,"warehouse_damage":0,"lost_in_post":0,"other_logs":0,"out_stock_days":0,"lost_sales":0,"has_location":false,"update_date":"2026-04-22T00:32:24","atum_locations":[],"atum_stock_status":"instock","restock_status":false,"low_stock_amount":1,"sales_update_date":"2026-04-22T00:32:24","calc_backorders":0,"jetpack_sharing_enabled":true,"jetpack_likes_enabled":true,"brands":[{"id":1674,"name":"Ableforth's","slug":"ableforth"}],"_links":{"self":[{"href":"https:\/\/sprememba.si\/SiSQ-Spirits\/wp-json\/wp\/v2\/product\/10150","targetHints":{"allow":["GET"]}}],"collection":[{"href":"https:\/\/sprememba.si\/SiSQ-Spirits\/wp-json\/wp\/v2\/product"}],"about":[{"href":"https:\/\/sprememba.si\/SiSQ-Spirits\/wp-json\/wp\/v2\/types\/product"}],"wp:featuredmedia":[{"embeddable":true,"href":"https:\/\/sprememba.si\/SiSQ-Spirits\/wp-json\/wp\/v2\/media\/10153"}],"wp:attachment":[{"href":"https:\/\/sprememba.si\/SiSQ-Spirits\/wp-json\/wp\/v2\/media?parent=10150"}],"wp:term":[{"taxonomy":"pwb-brand","embeddable":true,"href":"https:\/\/sprememba.si\/SiSQ-Spirits\/wp-json\/wp\/v2\/pwb-brand?post=10150"},{"taxonomy":"product_brand","embeddable":true,"href":"https:\/\/sprememba.si\/SiSQ-Spirits\/wp-json\/wp\/v2\/product_brand?post=10150"},{"taxonomy":"product_cat","embeddable":true,"href":"https:\/\/sprememba.si\/SiSQ-Spirits\/wp-json\/wp\/v2\/product_cat?post=10150"},{"taxonomy":"product_tag","embeddable":true,"href":"https:\/\/sprememba.si\/SiSQ-Spirits\/wp-json\/wp\/v2\/product_tag?post=10150"}],"curies":[{"name":"wp","href":"https:\/\/api.w.org\/{rel}","templated":true}]}}