{"id":104,"date":"2017-07-05T14:19:31","date_gmt":"2017-07-05T12:19:31","guid":{"rendered":"https:\/\/sprememba.si\/SiSQ-Spirits\/?post_type=product&#038;p=104"},"modified":"2020-11-22T08:36:43","modified_gmt":"2020-11-22T07:36:43","slug":"tree3","status":"publish","type":"product","link":"https:\/\/sprememba.si\/SiSQ-Spirits\/trgovina\/tree3\/","title":{"rendered":"M-vina Tree"},"content":{"rendered":"<p>M-vina Tree so 3-je karakterji. Vsak na svoj na\u010din poseben, a ko so zdru\u017eeni, so enkratni. Tako kot otroci Neli, Antonio in Julija.<br \/>\nChardonnay skrbi za telo, Sauvignon za prijetno aromo in La\u0161ki rizling za pestrost. Prefinjena pikantno-lesna nota se zato odli\u010dno preplete s sortnimi zna\u010dilnostmi.<\/p>\n<p>Vino je zelo karakterno, vendar \u0161e vedno mladostno.<\/p>\n<p>50% Chardonnay, 30% Sauvignon, 20% La\u0161ki rizling<\/p>\n<p>42-mese\u010dno zorenje v rabljenih barrique sodih francoskega hrasta. Vino ni filtrirano!<\/p>\n","protected":false},"excerpt":{"rendered":"<p>Posebno vino je odli\u010den spremljevalec k posebni hrani, pester sortni sestav pa mu daje \u0161irino za bogato kulinari\u010dno do\u017eivetje!<\/p>\n<p>&nbsp;<\/p>\n","protected":false},"featured_media":14373,"template":"","meta":{"_price":"33.33","_stock":"1","_tribe_ticket_header":"","_tribe_default_ticket_provider":"","_tribe_ticket_capacity":"2","_ticket_start_date":"","_ticket_end_date":"","_tribe_ticket_show_description":"","_tribe_ticket_show_not_going":false,"_tribe_ticket_use_global_stock":"","_tribe_ticket_global_stock_level":"","_global_stock_mode":"","_global_stock_cap":"","_tribe_rsvp_for_event":"","_tribe_ticket_going_count":"","_tribe_ticket_not_going_count":"","_tribe_tickets_list":"[]","_tribe_ticket_has_attendee_info_fields":false,"jetpack_post_was_ever_published":false,"_tec_slr_enabled":"","_tec_slr_layout":""},"pwb-brand":[88],"product_brand":[],"product_cat":[955,961],"product_tag":[276,1337,1470,1476,644],"class_list":{"0":"post-104","1":"product","2":"type-product","3":"status-publish","4":"has-post-thumbnail","6":"pwb-brand-m-vina","7":"product_cat-vino","8":"product_cat-belo-vino","9":"product_tag-chardonnay","10":"product_tag-laski-rizling","11":"product_tag-m-vina","12":"product_tag-sauvignon","13":"product_tag-stajerska","15":"first","16":"instock","17":"featured","18":"shipping-taxable","19":"purchasable","20":"product-type-simple"},"supplier_id":null,"supplier_sku":"","atum_controlled":true,"out_stock_date":null,"out_stock_threshold":null,"inheritable":false,"inbound_stock":null,"stock_on_hold":0,"sold_today":0,"sales_last_days":0,"reserved_stock":null,"customer_returns":null,"warehouse_damage":null,"lost_in_post":null,"other_logs":null,"out_stock_days":0,"lost_sales":0,"has_location":null,"update_date":"2026-04-17T00:13:51","atum_locations":[],"atum_stock_status":"instock","restock_status":false,"low_stock_amount":1,"sales_update_date":"2026-04-17T00:13:51","calc_backorders":0,"jetpack_sharing_enabled":true,"jetpack_likes_enabled":true,"brands":[{"id":88,"name":"M-enostavno dobra vina","slug":"m-vina"}],"_links":{"self":[{"href":"https:\/\/sprememba.si\/SiSQ-Spirits\/wp-json\/wp\/v2\/product\/104","targetHints":{"allow":["GET"]}}],"collection":[{"href":"https:\/\/sprememba.si\/SiSQ-Spirits\/wp-json\/wp\/v2\/product"}],"about":[{"href":"https:\/\/sprememba.si\/SiSQ-Spirits\/wp-json\/wp\/v2\/types\/product"}],"wp:featuredmedia":[{"embeddable":true,"href":"https:\/\/sprememba.si\/SiSQ-Spirits\/wp-json\/wp\/v2\/media\/14373"}],"wp:attachment":[{"href":"https:\/\/sprememba.si\/SiSQ-Spirits\/wp-json\/wp\/v2\/media?parent=104"}],"wp:term":[{"taxonomy":"pwb-brand","embeddable":true,"href":"https:\/\/sprememba.si\/SiSQ-Spirits\/wp-json\/wp\/v2\/pwb-brand?post=104"},{"taxonomy":"product_brand","embeddable":true,"href":"https:\/\/sprememba.si\/SiSQ-Spirits\/wp-json\/wp\/v2\/product_brand?post=104"},{"taxonomy":"product_cat","embeddable":true,"href":"https:\/\/sprememba.si\/SiSQ-Spirits\/wp-json\/wp\/v2\/product_cat?post=104"},{"taxonomy":"product_tag","embeddable":true,"href":"https:\/\/sprememba.si\/SiSQ-Spirits\/wp-json\/wp\/v2\/product_tag?post=104"}],"curies":[{"name":"wp","href":"https:\/\/api.w.org\/{rel}","templated":true}]}}