{"id":106,"date":"2017-07-05T14:41:51","date_gmt":"2017-07-05T12:41:51","guid":{"rendered":"https:\/\/sprememba.si\/SiSQ-Spirits\/?post_type=product&#038;p=106"},"modified":"2020-10-27T17:20:11","modified_gmt":"2020-10-27T16:20:11","slug":"bigboy-m-vina","status":"publish","type":"product","link":"https:\/\/sprememba.si\/SiSQ-Spirits\/trgovina\/bigboy-m-vina\/","title":{"rendered":"M-vina BigBoy"},"content":{"rendered":"<p>M-vina Big Boy ima zlato rumeno barvo, iskriva, izra\u017eene sortne zna\u010dilnosti Chardonnaya. Zna\u010dilna sortna cvetlica spominja na melono, banano, citruse, lupinasto sadje in vanilijo, v okusu pa poka\u017ee prijetno zaokro\u017eenost in bogato sve\u017eino z zna\u010dilnim polnim kremastim pookusom.<\/p>\n<p>24 urna hladna maceracija grozdne drozge, stiskanje in bistrenje mo\u0161ta. Fermentacija na temperaturah med 14\u00b0C in 20\u00b0C. Mo\u0161t smo negovali po dveh razli\u010dnih postopkih, 90% je fermentiralo v 500l barrique sodih na finih dro\u017eeh, kjer je malo lakti\u010dna fermentacija poskrbela za prefinjen kremast (po)okus, preostalih 10% pa je po protektivni tehnologiji fermentiralo v inox posodah na finih dro\u017eeh, da smo ohranili sortnost in sadnost. Pred polnitvijo smo oboje zdru\u017eili v \u010dudovito kreacijo chardonnaya.<\/p>\n<p>Zaradi svoje harmoni\u010dnosti v vonju in okusu se odli\u010dno spaja z belimi ribami, ostrigami, raznimi siri\u2026<\/p>\n<p>Vino za velike fante!<\/p>\n","protected":false},"excerpt":{"rendered":"<p>100 % Chardonnay<\/p>\n<p>Zna\u010dilna sortna cvetlica spominja na melono, banano, citruse in vanilijo. <strong>Big wines are 4 BigBoys.<\/strong><\/p>\n","protected":false},"featured_media":255,"template":"","meta":{"_price":"19.50","_stock":"2","_tribe_ticket_header":"","_tribe_default_ticket_provider":"","_tribe_ticket_capacity":"2","_ticket_start_date":"","_ticket_end_date":"","_tribe_ticket_show_description":"","_tribe_ticket_show_not_going":false,"_tribe_ticket_use_global_stock":"","_tribe_ticket_global_stock_level":"","_global_stock_mode":"","_global_stock_cap":"","_tribe_rsvp_for_event":"","_tribe_ticket_going_count":"","_tribe_ticket_not_going_count":"","_tribe_tickets_list":"[]","_tribe_ticket_has_attendee_info_fields":false,"jetpack_post_was_ever_published":false,"_tec_slr_enabled":"","_tec_slr_layout":""},"pwb-brand":[88],"product_brand":[],"product_cat":[955,961],"product_tag":[276,1470,644],"class_list":{"0":"post-106","1":"product","2":"type-product","3":"status-publish","4":"has-post-thumbnail","6":"pwb-brand-m-vina","7":"product_cat-vino","8":"product_cat-belo-vino","9":"product_tag-chardonnay","10":"product_tag-m-vina","11":"product_tag-stajerska","13":"first","14":"instock","15":"featured","16":"shipping-taxable","17":"purchasable","18":"product-type-simple"},"supplier_id":null,"supplier_sku":"","atum_controlled":true,"out_stock_date":null,"out_stock_threshold":null,"inheritable":false,"inbound_stock":null,"stock_on_hold":0,"sold_today":0,"sales_last_days":0,"reserved_stock":null,"customer_returns":null,"warehouse_damage":null,"lost_in_post":null,"other_logs":null,"out_stock_days":0,"lost_sales":0,"has_location":null,"update_date":"2026-04-16T00:12:37","atum_locations":[],"atum_stock_status":"instock","restock_status":false,"low_stock_amount":1,"sales_update_date":"2026-04-16T00:12:37","calc_backorders":0,"jetpack_sharing_enabled":true,"jetpack_likes_enabled":true,"brands":[{"id":88,"name":"M-enostavno dobra vina","slug":"m-vina"}],"_links":{"self":[{"href":"https:\/\/sprememba.si\/SiSQ-Spirits\/wp-json\/wp\/v2\/product\/106","targetHints":{"allow":["GET"]}}],"collection":[{"href":"https:\/\/sprememba.si\/SiSQ-Spirits\/wp-json\/wp\/v2\/product"}],"about":[{"href":"https:\/\/sprememba.si\/SiSQ-Spirits\/wp-json\/wp\/v2\/types\/product"}],"wp:featuredmedia":[{"embeddable":true,"href":"https:\/\/sprememba.si\/SiSQ-Spirits\/wp-json\/wp\/v2\/media\/255"}],"wp:attachment":[{"href":"https:\/\/sprememba.si\/SiSQ-Spirits\/wp-json\/wp\/v2\/media?parent=106"}],"wp:term":[{"taxonomy":"pwb-brand","embeddable":true,"href":"https:\/\/sprememba.si\/SiSQ-Spirits\/wp-json\/wp\/v2\/pwb-brand?post=106"},{"taxonomy":"product_brand","embeddable":true,"href":"https:\/\/sprememba.si\/SiSQ-Spirits\/wp-json\/wp\/v2\/product_brand?post=106"},{"taxonomy":"product_cat","embeddable":true,"href":"https:\/\/sprememba.si\/SiSQ-Spirits\/wp-json\/wp\/v2\/product_cat?post=106"},{"taxonomy":"product_tag","embeddable":true,"href":"https:\/\/sprememba.si\/SiSQ-Spirits\/wp-json\/wp\/v2\/product_tag?post=106"}],"curies":[{"name":"wp","href":"https:\/\/api.w.org\/{rel}","templated":true}]}}