{"id":1083,"date":"2019-05-30T14:44:17","date_gmt":"2019-05-30T12:44:17","guid":{"rendered":"https:\/\/sprememba.si\/SiSQ-Spirits\/?post_type=product&#038;p=1083"},"modified":"2026-04-30T09:37:42","modified_gmt":"2026-04-30T07:37:42","slug":"viljamovka-prior-fructal","status":"publish","type":"product","link":"https:\/\/sprememba.si\/SiSQ-Spirits\/trgovina\/viljamovka-prior-fructal\/","title":{"rendered":"Viljamovka Prior Fructal"},"content":{"rendered":"<p>Viljamovka Prior Fructal predstavlja eno izmed najbolj\u0161ih slovenskih sadnih \u017eganj, proizvedeno je iz hru\u0161k sorte Williams.Znana po svojem izpopolnjenem okusu, je prava umetnost destilacije. Ta okus je skrbno pridobljen iz so\u010dnih hru\u0161k Viljamovk, ki so nabrane ob vrhuncu zrelosti. Viljamovka, cenjena kot mizna hru\u0161ka, je so\u010dna, okusna in prijetno aromati\u010dna, kar ustvarja nepozabno izku\u0161njo.<\/p>\n<p>Okus Fructal Viljamovke je opisan kot globoko jantaren, ki se razprostira v va\u0161ih \u010dutih. Cvetica je mladostna in zelo posebna, pre\u017eeta z obilico medu, marelic in prezrelega sadja, kar ustvarja bogato paleto okusov.<\/p>\n<p>V ustih je Viljamovka krepkega in polnega okusa, ki pusti zelo dolg pookus, kar vas spodbuja k nadaljnjemu raziskovanju njenih globin. Di\u0161i po rumenih slivah in mimozah, kar ustvarja popolno harmonijo med okusom in vonjem. Ta izjemna \u017egana pija\u010da je prava simfonija okusov, ki vas bo popeljala na nepozabno potovanje skozi svet sadnih \u017eganih pija\u010d.<\/p>\n","protected":false},"excerpt":{"rendered":"<p>Viljamovka Prior Fructal predstavlja eno izmed najbolj\u0161ih slovenskih sadnih \u017eganj, proizvedeno je iz hru\u0161k sorte Williams.Znana po svojem izpopolnjenem okusu, je prava umetnost destilacije. Ta okus je skrbno pridobljen iz [&hellip;]<\/p>\n","protected":false},"featured_media":16529,"template":"","meta":{"_price":"24","_stock":"0","_tribe_ticket_header":"","_tribe_default_ticket_provider":"","_tribe_ticket_capacity":"0","_ticket_start_date":"","_ticket_end_date":"","_tribe_ticket_show_description":"","_tribe_ticket_show_not_going":false,"_tribe_ticket_use_global_stock":"","_tribe_ticket_global_stock_level":"","_global_stock_mode":"","_global_stock_cap":"","_tribe_rsvp_for_event":"","_tribe_ticket_going_count":"","_tribe_ticket_not_going_count":"","_tribe_tickets_list":"[]","_tribe_ticket_has_attendee_info_fields":false,"jetpack_post_was_ever_published":false,"_tec_slr_enabled":"","_tec_slr_layout":""},"pwb-brand":[],"product_brand":[],"product_cat":[174,1620],"product_tag":[663,662],"class_list":{"0":"post-1083","1":"product","2":"type-product","3":"status-publish","4":"has-post-thumbnail","6":"product_cat-sadje-zganje","7":"product_cat-destilati","8":"product_tag-fructal","9":"product_tag-prior","11":"first","12":"outofstock","13":"sale","14":"shipping-taxable","15":"purchasable","16":"product-type-simple"},"supplier_id":null,"supplier_sku":"","atum_controlled":true,"out_stock_date":null,"out_stock_threshold":null,"inheritable":false,"inbound_stock":0,"stock_on_hold":0,"sold_today":0,"sales_last_days":0,"reserved_stock":0,"customer_returns":0,"warehouse_damage":0,"lost_in_post":0,"other_logs":0,"out_stock_days":0,"lost_sales":0,"has_location":false,"update_date":"2026-05-05T01:53:47","atum_locations":[],"atum_stock_status":"outofstock","restock_status":false,"low_stock_amount":"","sales_update_date":"2026-05-05T01:53:47","calc_backorders":null,"jetpack_sharing_enabled":true,"jetpack_likes_enabled":true,"brands":[],"_links":{"self":[{"href":"https:\/\/sprememba.si\/SiSQ-Spirits\/wp-json\/wp\/v2\/product\/1083","targetHints":{"allow":["GET"]}}],"collection":[{"href":"https:\/\/sprememba.si\/SiSQ-Spirits\/wp-json\/wp\/v2\/product"}],"about":[{"href":"https:\/\/sprememba.si\/SiSQ-Spirits\/wp-json\/wp\/v2\/types\/product"}],"wp:featuredmedia":[{"embeddable":true,"href":"https:\/\/sprememba.si\/SiSQ-Spirits\/wp-json\/wp\/v2\/media\/16529"}],"wp:attachment":[{"href":"https:\/\/sprememba.si\/SiSQ-Spirits\/wp-json\/wp\/v2\/media?parent=1083"}],"wp:term":[{"taxonomy":"pwb-brand","embeddable":true,"href":"https:\/\/sprememba.si\/SiSQ-Spirits\/wp-json\/wp\/v2\/pwb-brand?post=1083"},{"taxonomy":"product_brand","embeddable":true,"href":"https:\/\/sprememba.si\/SiSQ-Spirits\/wp-json\/wp\/v2\/product_brand?post=1083"},{"taxonomy":"product_cat","embeddable":true,"href":"https:\/\/sprememba.si\/SiSQ-Spirits\/wp-json\/wp\/v2\/product_cat?post=1083"},{"taxonomy":"product_tag","embeddable":true,"href":"https:\/\/sprememba.si\/SiSQ-Spirits\/wp-json\/wp\/v2\/product_tag?post=1083"}],"curies":[{"name":"wp","href":"https:\/\/api.w.org\/{rel}","templated":true}]}}