{"id":1097,"date":"2019-04-17T15:41:01","date_gmt":"2019-04-17T13:41:01","guid":{"rendered":"https:\/\/sprememba.si\/SiSQ-Spirits\/?post_type=product&#038;p=1097"},"modified":"2025-04-02T17:39:54","modified_gmt":"2025-04-02T15:39:54","slug":"broken-bones-navy-gin","status":"publish","type":"product","link":"https:\/\/sprememba.si\/SiSQ-Spirits\/trgovina\/broken-bones-navy-gin\/","title":{"rendered":"Broken Bones Navy Strength Gin"},"content":{"rendered":"<p>Broken Bones Navy Gin je sve\u017e in eteri\u010den brinov gin, ki mu dajeta edinstven zna\u010daj preplet tradicionalnega na\u010dina izdelave in zna\u010dilnosti Slovenije.<\/p>\n<p>Za osnovo se uporablja odli\u010dna receptura njihovega London Dry Gina z ve\u010djimi koli\u010dinami izbranih zeli\u0161\u010d in ve\u010djo vsebnostjo alkohola.<\/p>\n<p>Navy Strength Gin vsebuje brinove, \u0161ipokove jagode s Krasa, koriander, limonina lupina, kardamom, sladki koren, angelika, lipovi cvetovi in druga tradicionalna zeli\u0161\u010da.<\/p>\n<p>Navy gin je razred\u010den na 57 % alkohola in enako odli\u010den kot njihov Lndon Dry Gin. Odli\u010den sam, kot gin tonik ali v drugih koktejlih.<\/p>\n<p>Na voljo tudi kot <a href=\"https:\/\/sprememba.si\/SiSQ-Spirits\/trgovina\/slovenski-gin-darilo-z-broken-bones-navy-gin\/\" target=\"_blank\" rel=\"noopener noreferrer\">darilni paket slovenski gin z Broken Bones Navy Gin<\/a><\/p>\n<p>Ve\u010dkrat nagrajeni gin na World gin Awards: 2019 celo zmagovalec kategorije Navy Gin.<\/p>\n<p><img data-recalc-dims=\"1\" loading=\"lazy\" decoding=\"async\" data-attachment-id=\"14194\" data-permalink=\"https:\/\/sprememba.si\/SiSQ-Spirits\/?attachment_id=14194\" data-orig-file=\"https:\/\/i0.wp.com\/sprememba.si\/SiSQ-Spirits\/wp-content\/uploads\/2019\/04\/WGinA2020-Slovenian-Navy.png?fit=89%2C123&amp;ssl=1\" data-orig-size=\"89,123\" data-comments-opened=\"0\" data-image-meta=\"{&quot;aperture&quot;:&quot;0&quot;,&quot;credit&quot;:&quot;&quot;,&quot;camera&quot;:&quot;&quot;,&quot;caption&quot;:&quot;&quot;,&quot;created_timestamp&quot;:&quot;0&quot;,&quot;copyright&quot;:&quot;&quot;,&quot;focal_length&quot;:&quot;0&quot;,&quot;iso&quot;:&quot;0&quot;,&quot;shutter_speed&quot;:&quot;0&quot;,&quot;title&quot;:&quot;&quot;,&quot;orientation&quot;:&quot;0&quot;}\" data-image-title=\"WGinA2020-Slovenian-Navy\" data-image-description=\"\" data-image-caption=\"&lt;p&gt;broken bones navy strength gin world gin awards 2020 &lt;\/p&gt;\n\" data-large-file=\"https:\/\/i0.wp.com\/sprememba.si\/SiSQ-Spirits\/wp-content\/uploads\/2019\/04\/WGinA2020-Slovenian-Navy.png?fit=89%2C123&amp;ssl=1\" class=\"size-full wp-image-14194\" src=\"https:\/\/i0.wp.com\/sprememba.si\/SiSQ-Spirits\/wp-content\/uploads\/2019\/04\/WGinA2020-Slovenian-Navy.png?resize=89%2C123&#038;ssl=1\" alt=\"\" width=\"89\" height=\"123\" title=\"\"><\/p>\n","protected":false},"excerpt":{"rendered":"<p>Broken Bones Navy Gin je sve\u017e in eteri\u010den brinov gin, ki mu dajeta edinstven zna\u010daj preplet tradicionalnega na\u010dina izdelave in zna\u010dilnosti Slovenije. Za osnovo se uporablja odli\u010dna receptura njihovega London [&hellip;]<\/p>\n","protected":false},"featured_media":1119,"template":"","meta":{"_price":"44.95","_stock":"5","_tribe_ticket_header":"","_tribe_default_ticket_provider":"","_tribe_ticket_capacity":"9","_ticket_start_date":"","_ticket_end_date":"","_tribe_ticket_show_description":"","_tribe_ticket_show_not_going":false,"_tribe_ticket_use_global_stock":"","_tribe_ticket_global_stock_level":"","_global_stock_mode":"","_global_stock_cap":"","_tribe_rsvp_for_event":"","_tribe_ticket_going_count":"","_tribe_ticket_not_going_count":"","_tribe_tickets_list":"[]","_tribe_ticket_has_attendee_info_fields":false,"jetpack_post_was_ever_published":false,"_tec_slr_enabled":"","_tec_slr_layout":""},"pwb-brand":[536],"product_brand":[],"product_cat":[865,1620,1239],"product_tag":[1158,1103,554],"class_list":{"0":"post-1097","1":"product","2":"type-product","3":"status-publish","4":"has-post-thumbnail","6":"pwb-brand-destilarna-broken-bones","7":"product_cat-gin","8":"product_cat-destilati","9":"product_cat-slovenski-gin","10":"product_tag-broken-bones-sl","11":"product_tag-gin-sl","12":"product_tag-slovenski-gin-craft","14":"first","15":"instock","16":"featured","17":"shipping-taxable","18":"purchasable","19":"product-type-simple"},"supplier_id":null,"supplier_sku":"","atum_controlled":true,"out_stock_date":null,"out_stock_threshold":null,"inheritable":false,"inbound_stock":0,"stock_on_hold":0,"sold_today":0,"sales_last_days":0,"reserved_stock":0,"customer_returns":0,"warehouse_damage":0,"lost_in_post":0,"other_logs":0,"out_stock_days":0,"lost_sales":0,"has_location":false,"update_date":"2026-04-16T00:12:38","atum_locations":[],"atum_stock_status":"instock","restock_status":false,"low_stock_amount":"","sales_update_date":"2026-04-16T00:12:38","calc_backorders":0,"jetpack_sharing_enabled":true,"jetpack_likes_enabled":true,"brands":[{"id":536,"name":"Destilarna Broken Bones","slug":"destilarna-broken-bones"}],"_links":{"self":[{"href":"https:\/\/sprememba.si\/SiSQ-Spirits\/wp-json\/wp\/v2\/product\/1097","targetHints":{"allow":["GET"]}}],"collection":[{"href":"https:\/\/sprememba.si\/SiSQ-Spirits\/wp-json\/wp\/v2\/product"}],"about":[{"href":"https:\/\/sprememba.si\/SiSQ-Spirits\/wp-json\/wp\/v2\/types\/product"}],"wp:featuredmedia":[{"embeddable":true,"href":"https:\/\/sprememba.si\/SiSQ-Spirits\/wp-json\/wp\/v2\/media\/1119"}],"wp:attachment":[{"href":"https:\/\/sprememba.si\/SiSQ-Spirits\/wp-json\/wp\/v2\/media?parent=1097"}],"wp:term":[{"taxonomy":"pwb-brand","embeddable":true,"href":"https:\/\/sprememba.si\/SiSQ-Spirits\/wp-json\/wp\/v2\/pwb-brand?post=1097"},{"taxonomy":"product_brand","embeddable":true,"href":"https:\/\/sprememba.si\/SiSQ-Spirits\/wp-json\/wp\/v2\/product_brand?post=1097"},{"taxonomy":"product_cat","embeddable":true,"href":"https:\/\/sprememba.si\/SiSQ-Spirits\/wp-json\/wp\/v2\/product_cat?post=1097"},{"taxonomy":"product_tag","embeddable":true,"href":"https:\/\/sprememba.si\/SiSQ-Spirits\/wp-json\/wp\/v2\/product_tag?post=1097"}],"curies":[{"name":"wp","href":"https:\/\/api.w.org\/{rel}","templated":true}]}}