{"id":1120,"date":"2019-04-18T00:59:11","date_gmt":"2019-04-17T22:59:11","guid":{"rendered":"https:\/\/sprememba.si\/SiSQ-Spirits\/?post_type=product&#038;p=1120"},"modified":"2025-04-02T18:23:39","modified_gmt":"2025-04-02T16:23:39","slug":"slovenski-gin-darilo-z-broken-bones-navy-gin","status":"publish","type":"product","link":"https:\/\/sprememba.si\/SiSQ-Spirits\/trgovina\/slovenski-gin-darilo-z-broken-bones-navy-gin\/","title":{"rendered":"Darilo SLOVENSKI GIN z Broken Bones Navy Strength Gin"},"content":{"rendered":"<p style=\"text-align: left;\">Broken bones Navy SLOVENSKI GIN darilna \u0161katla vsebuje steklenico <strong>najmo\u010dnej\u0161ega slovenskega craft gina <a href=\"https:\/\/sprememba.si\/SiSQ-Spirits\/trgovina\/broken-bones-navy-gin\/\" target=\"_blank\" rel=\"noopener noreferrer\">Broken Bones Navy Gin<\/a><\/strong>, steklenico <strong>slovenskega premium tonika Pelicon <a href=\"https:\/\/sprememba.si\/SiSQ-Spirits\/trgovina\/hoppy-tonik\/\" target=\"_blank\" rel=\"noopener noreferrer\">Hoppy Tonic<\/a><\/strong> in <strong>zeli\u0161\u010dne dodatke<\/strong> za pripravo gin tonika. Prilo\u017eeni so tudi <strong>recepti<\/strong> za gin tonik in vro\u010di gin.<\/p>\n<p>Broken Bones Navy Gin je sve\u017e in eteri\u010den brinov gin, ki mu dajeta edinstven zna\u010daj preplet tradicionalnega na\u010dina izdelave in zna\u010dilnosti Slovenije. Za osnovo se uporablja odli\u010dna receptura njihovega London Dry Gina z ve\u010djimi koli\u010dinami izbranih zeli\u0161\u010d in ve\u010djo vsebnostjo alkohola. Navy gin je razred\u010den na 57 % alkohola in enako odli\u010den kot njihov Lndon Dry Gin. Odli\u010den sam, kot gin tonik ali v drugih koktejlih.<\/p>\n<p>Pelicon Hoppy tonic je odli\u010den premium tonik iz naravnih sestavin z notami agrumov. Tonik je narejen z naravnim kininom in esenco pomaran\u010de, njegova posebnost pa je dodatek aromati\u010dnega hmelja citra. Ustvarjen, da iz \u0161irokega nabora \u017eganic izvabi sve\u017ee in sadne arome.<\/p>\n<p>&nbsp;<\/p>\n","protected":false},"excerpt":{"rendered":"<p>Broken bones Navy SLOVENSKI GIN darilna \u0161katla vsebuje steklenico najmo\u010dnej\u0161ega slovenskega craft gina Broken Bones Navy Gin, steklenico slovenskega premium tonika Pelicon Hoppy Tonic in zeli\u0161\u010dne dodatke za pripravo gin [&hellip;]<\/p>\n","protected":false},"featured_media":740,"template":"","meta":{"_uag_custom_page_level_css":"","_price":"48.90","_stock":"5","_tribe_ticket_header":"","_tribe_default_ticket_provider":"","_tribe_ticket_capacity":"4","_ticket_start_date":"","_ticket_end_date":"","_tribe_ticket_show_description":"","_tribe_ticket_show_not_going":false,"_tribe_ticket_use_global_stock":"","_tribe_ticket_global_stock_level":"","_global_stock_mode":"","_global_stock_cap":"","_tribe_rsvp_for_event":"","_tribe_ticket_going_count":"","_tribe_ticket_not_going_count":"","_tribe_tickets_list":"[]","_tribe_ticket_has_attendee_info_fields":false,"jetpack_post_was_ever_published":false,"_tec_slr_enabled":"","_tec_slr_layout":""},"pwb-brand":[536,150],"product_brand":[],"product_cat":[1220,372],"product_tag":[1158,1551],"class_list":{"0":"post-1120","1":"product","2":"type-product","3":"status-publish","4":"has-post-thumbnail","6":"pwb-brand-destilarna-broken-bones","7":"pwb-brand-pivovarna-pelicon","8":"product_cat-gin-darilni-paket","9":"product_cat-drugo","10":"product_tag-broken-bones-sl","11":"product_tag-gin-darilo","12":"wcpa_has_options","14":"first","15":"instock","16":"shipping-taxable","17":"purchasable","18":"product-type-simple"},"supplier_id":null,"supplier_sku":"","atum_controlled":true,"out_stock_date":null,"out_stock_threshold":null,"inheritable":false,"inbound_stock":null,"stock_on_hold":0,"sold_today":0,"sales_last_days":0,"reserved_stock":null,"customer_returns":null,"warehouse_damage":null,"lost_in_post":null,"other_logs":null,"out_stock_days":0,"lost_sales":0,"has_location":null,"update_date":"2026-05-07T01:57:15","atum_locations":[],"atum_stock_status":"instock","restock_status":false,"low_stock_amount":"","sales_update_date":"2026-05-07T01:57:15","calc_backorders":0,"uagb_featured_image_src":{"full":["https:\/\/i0.wp.com\/sprememba.si\/SiSQ-Spirits\/wp-content\/uploads\/2018\/08\/slovenski-gin-darilo-broken_bones-enoteka-SiSQSpirits-800.png?fit=800%2C800&ssl=1",800,800,false],"thumbnail":["https:\/\/i0.wp.com\/sprememba.si\/SiSQ-Spirits\/wp-content\/uploads\/2018\/08\/slovenski-gin-darilo-broken_bones-enoteka-SiSQSpirits-800.png?resize=150%2C150&ssl=1",150,150,true],"medium":["https:\/\/i0.wp.com\/sprememba.si\/SiSQ-Spirits\/wp-content\/uploads\/2018\/08\/slovenski-gin-darilo-broken_bones-enoteka-SiSQSpirits-800.png?fit=300%2C300&ssl=1",300,300,true],"medium_large":["https:\/\/i0.wp.com\/sprememba.si\/SiSQ-Spirits\/wp-content\/uploads\/2018\/08\/slovenski-gin-darilo-broken_bones-enoteka-SiSQSpirits-800.png?fit=768%2C768&ssl=1",768,768,true],"large":["https:\/\/i0.wp.com\/sprememba.si\/SiSQ-Spirits\/wp-content\/uploads\/2018\/08\/slovenski-gin-darilo-broken_bones-enoteka-SiSQSpirits-800.png?fit=800%2C800&ssl=1",800,800,true],"1536x1536":["https:\/\/i0.wp.com\/sprememba.si\/SiSQ-Spirits\/wp-content\/uploads\/2018\/08\/slovenski-gin-darilo-broken_bones-enoteka-SiSQSpirits-800.png?fit=800%2C800&ssl=1",800,800,true],"2048x2048":["https:\/\/i0.wp.com\/sprememba.si\/SiSQ-Spirits\/wp-content\/uploads\/2018\/08\/slovenski-gin-darilo-broken_bones-enoteka-SiSQSpirits-800.png?fit=800%2C800&ssl=1",800,800,true],"woocommerce_thumbnail":["https:\/\/i0.wp.com\/sprememba.si\/SiSQ-Spirits\/wp-content\/uploads\/2018\/08\/slovenski-gin-darilo-broken_bones-enoteka-SiSQSpirits-800.png?resize=324%2C324&ssl=1",324,324,true],"woocommerce_single":["https:\/\/i0.wp.com\/sprememba.si\/SiSQ-Spirits\/wp-content\/uploads\/2018\/08\/slovenski-gin-darilo-broken_bones-enoteka-SiSQSpirits-800.png?fit=416%2C416&ssl=1",416,416,true],"woocommerce_gallery_thumbnail":["https:\/\/i0.wp.com\/sprememba.si\/SiSQ-Spirits\/wp-content\/uploads\/2018\/08\/slovenski-gin-darilo-broken_bones-enoteka-SiSQSpirits-800.png?resize=100%2C100&ssl=1",100,100,true],"variation_swatches_image_size":["https:\/\/i0.wp.com\/sprememba.si\/SiSQ-Spirits\/wp-content\/uploads\/2018\/08\/slovenski-gin-darilo-broken_bones-enoteka-SiSQSpirits-800.png?resize=50%2C50&ssl=1",50,50,true],"variation_swatches_tooltip_size":["https:\/\/i0.wp.com\/sprememba.si\/SiSQ-Spirits\/wp-content\/uploads\/2018\/08\/slovenski-gin-darilo-broken_bones-enoteka-SiSQSpirits-800.png?resize=100%2C100&ssl=1",100,100,true]},"uagb_author_info":{"display_name":"SiSQSpirits","author_link":"https:\/\/sprememba.si\/SiSQ-Spirits\/author\/"},"uagb_comment_info":0,"uagb_excerpt":"Broken bones Navy SLOVENSKI GIN darilna \u0161katla vsebuje steklenico najmo\u010dnej\u0161ega slovenskega craft gina Broken Bones Navy Gin, steklenico slovenskega premium tonika Pelicon Hoppy Tonic in zeli\u0161\u010dne dodatke za pripravo gin [&hellip;]","jetpack_sharing_enabled":true,"jetpack_likes_enabled":true,"brands":[{"id":536,"name":"Destilarna Broken Bones","slug":"destilarna-broken-bones"},{"id":150,"name":"Pivovarna Pelicon","slug":"pivovarna-pelicon"}],"_links":{"self":[{"href":"https:\/\/sprememba.si\/SiSQ-Spirits\/wp-json\/wp\/v2\/product\/1120","targetHints":{"allow":["GET"]}}],"collection":[{"href":"https:\/\/sprememba.si\/SiSQ-Spirits\/wp-json\/wp\/v2\/product"}],"about":[{"href":"https:\/\/sprememba.si\/SiSQ-Spirits\/wp-json\/wp\/v2\/types\/product"}],"wp:featuredmedia":[{"embeddable":true,"href":"https:\/\/sprememba.si\/SiSQ-Spirits\/wp-json\/wp\/v2\/media\/740"}],"wp:attachment":[{"href":"https:\/\/sprememba.si\/SiSQ-Spirits\/wp-json\/wp\/v2\/media?parent=1120"}],"wp:term":[{"taxonomy":"pwb-brand","embeddable":true,"href":"https:\/\/sprememba.si\/SiSQ-Spirits\/wp-json\/wp\/v2\/pwb-brand?post=1120"},{"taxonomy":"product_brand","embeddable":true,"href":"https:\/\/sprememba.si\/SiSQ-Spirits\/wp-json\/wp\/v2\/product_brand?post=1120"},{"taxonomy":"product_cat","embeddable":true,"href":"https:\/\/sprememba.si\/SiSQ-Spirits\/wp-json\/wp\/v2\/product_cat?post=1120"},{"taxonomy":"product_tag","embeddable":true,"href":"https:\/\/sprememba.si\/SiSQ-Spirits\/wp-json\/wp\/v2\/product_tag?post=1120"}],"curies":[{"name":"wp","href":"https:\/\/api.w.org\/{rel}","templated":true}]}}