{"id":13534,"date":"2020-01-20T13:01:53","date_gmt":"2020-01-20T12:01:53","guid":{"rendered":"https:\/\/sprememba.si\/SiSQ-Spirits\/?post_type=product&#038;p=13534"},"modified":"2020-11-12T11:43:36","modified_gmt":"2020-11-12T10:43:36","slug":"slovenian-wine-gift-box-with-bencina-lepo-rdece","status":"publish","type":"product","link":"https:\/\/sprememba.si\/SiSQ-Spirits\/en\/trgovina\/slovenian-wine-gift-box-with-bencina-lepo-rdece\/","title":{"rendered":"SLOVENIAN WINE gift box with Ben\u010dina Lepo rde\u010de"},"content":{"rendered":"<div class=\"text-wrap tlid-copy-target\">\n<div class=\"result-shield-container tlid-copy-target\" tabindex=\"0\">\n<p><span class=\"tlid-translation translation\" lang=\"en\"><span class=\"\" title=\"\">The Slovenian wine gift package contains a bottle of Lepo rde\u010de (Beautiful Red) by Winemaker Ben\u010dina from the Vipava Valley and homemade deer salami from the Dolinar homestead (deer farm) near Lu\u010de in the Upper Savinja Valley. <\/span><span class=\"\" title=\"\">100% Slovenian product.<\/span><\/span><\/p>\n<p><span class=\"\" title=\"\">The <strong>deer salami<\/strong> is about 260 g heavy and is vacuum packed.<\/span> <span class=\"\" title=\"\">The meat is from native deer.<\/span><\/p>\n<p><a href=\"https:\/\/sprememba.si\/SiSQ-Spirits\/en\/trgovina\/bencina-lepo-rdece-2\/\" target=\"_blank\" rel=\"noopener noreferrer\"><strong><span class=\"\" title=\"\">Ben\u010dina Lepo rde\u010de<\/span><\/strong><\/a><br \/>\n<span title=\"\">Semi-dry red wine with medium intense aroma.<\/span> <span title=\"\">The wine is produced with a short maceration of grape berries and of the red Merlot variety.<\/span> <span title=\"\">The aroma recognises fresh red fruits (raspberries, red currants, strawberries).<\/span> <span title=\"\">The taste is full and pleasant, and the residual sugar gives us a feeling of ripe fruit.<\/span> <span title=\"\">The aroma recurs in the mouth and the taste lasts a long time.<\/span><\/p>\n<\/div>\n<\/div>\n<div class=\"tlid-result-transliteration-container result-transliteration-container transliteration-container\">\n<div class=\"tlid-transliteration-content transliteration-content full\"><\/div>\n<\/div>\n<p>&nbsp;<\/p>\n","protected":false},"excerpt":{"rendered":"<p>The Slovenian wine gift package contains a bottle of Lepo rde\u010de (Beautiful Red) by Winemaker Ben\u010dina from the Vipava Valley and homemade deer salami from the Dolinar homestead (deer farm) [&hellip;]<\/p>\n","protected":false},"featured_media":740,"template":"","meta":{"_price":"26","_stock":null,"_tribe_ticket_header":"","_tribe_default_ticket_provider":"","_tribe_ticket_capacity":"0","_ticket_start_date":"","_ticket_end_date":"","_tribe_ticket_show_description":"","_tribe_ticket_show_not_going":false,"_tribe_ticket_use_global_stock":"","_tribe_ticket_global_stock_level":"","_global_stock_mode":"","_global_stock_cap":"","_tribe_rsvp_for_event":"","_tribe_ticket_going_count":"","_tribe_ticket_not_going_count":"","_tribe_tickets_list":"[]","_tribe_ticket_has_attendee_info_fields":false,"jetpack_post_was_ever_published":false,"_tec_slr_enabled":"","_tec_slr_layout":""},"pwb-brand":[778],"product_brand":[],"product_cat":[1882,1144],"product_tag":[1816],"class_list":{"0":"post-13534","1":"product","2":"type-product","3":"status-publish","4":"has-post-thumbnail","6":"pwb-brand-bencina-winery","7":"product_cat-wine-gift-box","8":"product_cat-other","9":"product_tag-darilo-en","11":"first","12":"outofstock","13":"shipping-taxable","14":"purchasable","15":"product-type-simple"},"supplier_id":null,"supplier_sku":"","atum_controlled":true,"out_stock_date":null,"out_stock_threshold":null,"inheritable":false,"inbound_stock":null,"stock_on_hold":0,"sold_today":0,"sales_last_days":0,"reserved_stock":null,"customer_returns":null,"warehouse_damage":null,"lost_in_post":null,"other_logs":null,"out_stock_days":0,"lost_sales":0,"has_location":null,"update_date":"2026-04-16T00:12:36","atum_locations":[],"atum_stock_status":"outofstock","restock_status":false,"low_stock_amount":"","sales_update_date":"2026-04-16T00:12:36","calc_backorders":null,"jetpack_sharing_enabled":true,"jetpack_likes_enabled":true,"brands":[{"id":778,"name":"Ben\u010dina winery","slug":"bencina-winery"}],"_links":{"self":[{"href":"https:\/\/sprememba.si\/SiSQ-Spirits\/wp-json\/wp\/v2\/product\/13534","targetHints":{"allow":["GET"]}}],"collection":[{"href":"https:\/\/sprememba.si\/SiSQ-Spirits\/wp-json\/wp\/v2\/product"}],"about":[{"href":"https:\/\/sprememba.si\/SiSQ-Spirits\/wp-json\/wp\/v2\/types\/product"}],"wp:featuredmedia":[{"embeddable":true,"href":"https:\/\/sprememba.si\/SiSQ-Spirits\/wp-json\/wp\/v2\/media\/740"}],"wp:attachment":[{"href":"https:\/\/sprememba.si\/SiSQ-Spirits\/wp-json\/wp\/v2\/media?parent=13534"}],"wp:term":[{"taxonomy":"pwb-brand","embeddable":true,"href":"https:\/\/sprememba.si\/SiSQ-Spirits\/wp-json\/wp\/v2\/pwb-brand?post=13534"},{"taxonomy":"product_brand","embeddable":true,"href":"https:\/\/sprememba.si\/SiSQ-Spirits\/wp-json\/wp\/v2\/product_brand?post=13534"},{"taxonomy":"product_cat","embeddable":true,"href":"https:\/\/sprememba.si\/SiSQ-Spirits\/wp-json\/wp\/v2\/product_cat?post=13534"},{"taxonomy":"product_tag","embeddable":true,"href":"https:\/\/sprememba.si\/SiSQ-Spirits\/wp-json\/wp\/v2\/product_tag?post=13534"}],"curies":[{"name":"wp","href":"https:\/\/api.w.org\/{rel}","templated":true}]}}