{"id":14292,"date":"2020-07-02T07:59:59","date_gmt":"2020-07-02T05:59:59","guid":{"rendered":"https:\/\/sprememba.si\/SiSQ-Spirits\/?post_type=product&#038;p=14292"},"modified":"2025-09-01T13:36:53","modified_gmt":"2025-09-01T11:36:53","slug":"travarica-kraska-santei","status":"publish","type":"product","link":"https:\/\/sprememba.si\/SiSQ-Spirits\/trgovina\/travarica-kraska-santei\/","title":{"rendered":"Travarica Kra\u0161ka Santei"},"content":{"rendered":"<p>Travarica je ekolo\u0161ki destilat, pri kateremu so pri drugi destilaciji dodali 26 zeli\u0161\u010d.<\/p>\n<p>Zeli\u0161\u010da so ekolo\u0161ka, nabrana na Krasu in Nanosu ter posu\u0161ena na bio posestvu Santei. Brez dodanega sladkorja.<\/p>\n<p>Osnovne rastline, ki so v travarici: kra\u0161ki \u0161etraj, \u0161entjan\u017eevka, jane\u017e, pelin, kra\u0161ke brinove jagode, meta, pe\u0161\u010deni smilj (likviricija), gorski vrednik, vinska rutica, koroma\u010d, ro\u017emarin, \u017eajbelj, sivka, citronka, melisa.<\/p>\n<p>\u017dganjice Santei so doma\u010di destilati iz ekolo\u0161kega grozdja ali vina s posestva Santei. Uporablja se klasi\u010dna metoda destilacije. Vsa zeli\u0161\u010da razen za\u0161\u010ditenih so nabrana ro\u010dno na Krasu, Nanosu in Trnovski planoti. Sivka je posajena na njihovem bio posestvu.<\/p>\n<p>Zaradi odli\u010dne prodaje njihovega vina ne bo mo\u017eno dobiti nove zaloge njihovih zeli\u0161\u010dnih \u017eganj in gina.<\/p>\n","protected":false},"excerpt":{"rendered":"<p><span style=\"color: #ff0000;\">ZADNJE STEKLENICE!!!<\/span><\/p>\n<p>Kra\u0161ka travarica iz 26 zeli\u0161\u010d in brez dodanega sladkorja.<\/p>\n","protected":false},"featured_media":14542,"template":"","meta":{"_price":"28","_stock":"16","_tribe_ticket_header":"","_tribe_default_ticket_provider":"","_tribe_ticket_capacity":"23","_ticket_start_date":"","_ticket_end_date":"","_tribe_ticket_show_description":"","_tribe_ticket_show_not_going":false,"_tribe_ticket_use_global_stock":"","_tribe_ticket_global_stock_level":"","_global_stock_mode":"","_global_stock_cap":"","_tribe_rsvp_for_event":"","_tribe_ticket_going_count":"","_tribe_ticket_not_going_count":"","_tribe_tickets_list":"[]","_tribe_ticket_has_attendee_info_fields":false,"jetpack_post_was_ever_published":false,"_tec_slr_enabled":"","_tec_slr_layout":""},"pwb-brand":[806],"product_brand":[],"product_cat":[1620,1612],"product_tag":[],"class_list":{"0":"post-14292","1":"product","2":"type-product","3":"status-publish","4":"has-post-thumbnail","6":"pwb-brand-santei","7":"product_cat-destilati","8":"product_cat-zeliscno-zganje","10":"first","11":"instock","12":"shipping-taxable","13":"purchasable","14":"product-type-simple"},"supplier_id":null,"supplier_sku":"","atum_controlled":true,"out_stock_date":null,"out_stock_threshold":null,"inheritable":false,"inbound_stock":0,"stock_on_hold":0,"sold_today":0,"sales_last_days":0,"reserved_stock":0,"customer_returns":0,"warehouse_damage":0,"lost_in_post":0,"other_logs":0,"out_stock_days":0,"lost_sales":0,"has_location":false,"update_date":"2026-04-16T00:12:33","atum_locations":[],"atum_stock_status":"instock","restock_status":false,"low_stock_amount":3,"sales_update_date":"2026-04-16T00:12:33","calc_backorders":0,"jetpack_sharing_enabled":true,"jetpack_likes_enabled":true,"brands":[{"id":806,"name":"Santei","slug":"santei"}],"_links":{"self":[{"href":"https:\/\/sprememba.si\/SiSQ-Spirits\/wp-json\/wp\/v2\/product\/14292","targetHints":{"allow":["GET"]}}],"collection":[{"href":"https:\/\/sprememba.si\/SiSQ-Spirits\/wp-json\/wp\/v2\/product"}],"about":[{"href":"https:\/\/sprememba.si\/SiSQ-Spirits\/wp-json\/wp\/v2\/types\/product"}],"wp:featuredmedia":[{"embeddable":true,"href":"https:\/\/sprememba.si\/SiSQ-Spirits\/wp-json\/wp\/v2\/media\/14542"}],"wp:attachment":[{"href":"https:\/\/sprememba.si\/SiSQ-Spirits\/wp-json\/wp\/v2\/media?parent=14292"}],"wp:term":[{"taxonomy":"pwb-brand","embeddable":true,"href":"https:\/\/sprememba.si\/SiSQ-Spirits\/wp-json\/wp\/v2\/pwb-brand?post=14292"},{"taxonomy":"product_brand","embeddable":true,"href":"https:\/\/sprememba.si\/SiSQ-Spirits\/wp-json\/wp\/v2\/product_brand?post=14292"},{"taxonomy":"product_cat","embeddable":true,"href":"https:\/\/sprememba.si\/SiSQ-Spirits\/wp-json\/wp\/v2\/product_cat?post=14292"},{"taxonomy":"product_tag","embeddable":true,"href":"https:\/\/sprememba.si\/SiSQ-Spirits\/wp-json\/wp\/v2\/product_tag?post=14292"}],"curies":[{"name":"wp","href":"https:\/\/api.w.org\/{rel}","templated":true}]}}