{"id":14295,"date":"2021-04-28T12:32:23","date_gmt":"2021-04-28T10:32:23","guid":{"rendered":"https:\/\/sprememba.si\/SiSQ-Spirits\/?post_type=product&#038;p=14295"},"modified":"2026-04-15T10:27:53","modified_gmt":"2026-04-15T08:27:53","slug":"pelinkovec-kraski-santei","status":"publish","type":"product","link":"https:\/\/sprememba.si\/SiSQ-Spirits\/trgovina\/pelinkovec-kraski-santei\/","title":{"rendered":"Pelinkovec Kra\u0161ki Santei"},"content":{"rendered":"<p>Kra\u0161ki Pelinkovec je doma\u010di ekolo\u0161ki destilat, ki mu je poleg kra\u0161kih zeli\u0161\u010d dodan poparek pravega pelina.<\/p>\n<p>Vsa zeli\u0161\u010da so ekolo\u0161ka, nabrana na Krasu in Nanosu. Dodano minimalno sladkorja.<\/p>\n<p>Pelinkovec se uporablja kot zdravilo za pomiranje \u017eelodca, blagodejno u\u010dinkoje na delovanje ledvic in jeter, spodbuja izlo\u010danje prebavnih sokov, zato pomaga pri zaprtju, naravno pomirjevalo. Priporo\u010da se ob zelo mastni hrani. Vse to seveda pomaga le ob zmernih koli\u010dinah zau\u017eitja pelinkovca.<\/p>\n<p>&nbsp;<\/p>\n<p>\u017dganjice Santei so doma\u010di destilati iz ekolo\u0161kega grozdja ali vina s posestva Santei. Uporablja se klasi\u010dna metoda destilacije. Vsa zeli\u0161\u010da razen za\u0161\u010ditenih so nabrana ro\u010dno na Krasu, Nanosu in Trnovski planoti. Sivka je posajena na njihovem bio posestvu.<\/p>\n<p>Zaradi odli\u010dne prodaje njihovega vina ne bo mo\u017eno dobiti nove zaloge njihovih zeli\u0161\u010dnih \u017eganj in gina.<\/p>\n","protected":false},"excerpt":{"rendered":"<p><span style=\"color: #ff0000;\">ZADNJE STEKLENICE!!!<\/span><\/p>\n<p>Pelinkovec Kra\u0161ki Santei<\/p>\n","protected":false},"featured_media":14297,"template":"","meta":{"_uag_custom_page_level_css":"","_price":"22","_stock":"1","_tribe_ticket_header":"","_tribe_default_ticket_provider":"","_tribe_ticket_capacity":"36","_ticket_start_date":"","_ticket_end_date":"","_tribe_ticket_show_description":"","_tribe_ticket_show_not_going":false,"_tribe_ticket_use_global_stock":"","_tribe_ticket_global_stock_level":"","_global_stock_mode":"","_global_stock_cap":"","_tribe_rsvp_for_event":"","_tribe_ticket_going_count":"","_tribe_ticket_not_going_count":"","_tribe_tickets_list":"[]","_tribe_ticket_has_attendee_info_fields":false,"jetpack_post_was_ever_published":false,"_tec_slr_enabled":"","_tec_slr_layout":""},"pwb-brand":[806],"product_brand":[],"product_cat":[1620,1612],"product_tag":[],"class_list":{"0":"post-14295","1":"product","2":"type-product","3":"status-publish","4":"has-post-thumbnail","6":"pwb-brand-santei","7":"product_cat-destilati","8":"product_cat-zeliscno-zganje","10":"first","11":"instock","12":"shipping-taxable","13":"purchasable","14":"product-type-simple"},"supplier_id":null,"supplier_sku":"","atum_controlled":true,"out_stock_date":null,"out_stock_threshold":null,"inheritable":false,"inbound_stock":0,"stock_on_hold":0,"sold_today":0,"sales_last_days":0,"reserved_stock":0,"customer_returns":0,"warehouse_damage":0,"lost_in_post":0,"other_logs":0,"out_stock_days":0,"lost_sales":0,"has_location":false,"update_date":"2026-05-09T02:00:36","atum_locations":[],"atum_stock_status":"instock","restock_status":false,"low_stock_amount":"","sales_update_date":"2026-05-09T02:00:36","calc_backorders":null,"uagb_featured_image_src":{"full":["https:\/\/i0.wp.com\/sprememba.si\/SiSQ-Spirits\/wp-content\/uploads\/2020\/05\/pelinkovec-zganje-santei-enoteka-mozirje.jpg?fit=600%2C600&ssl=1",600,600,false],"thumbnail":["https:\/\/i0.wp.com\/sprememba.si\/SiSQ-Spirits\/wp-content\/uploads\/2020\/05\/pelinkovec-zganje-santei-enoteka-mozirje.jpg?resize=150%2C150&ssl=1",150,150,true],"medium":["https:\/\/i0.wp.com\/sprememba.si\/SiSQ-Spirits\/wp-content\/uploads\/2020\/05\/pelinkovec-zganje-santei-enoteka-mozirje.jpg?fit=300%2C300&ssl=1",300,300,true],"medium_large":["https:\/\/i0.wp.com\/sprememba.si\/SiSQ-Spirits\/wp-content\/uploads\/2020\/05\/pelinkovec-zganje-santei-enoteka-mozirje.jpg?fit=600%2C600&ssl=1",600,600,true],"large":["https:\/\/i0.wp.com\/sprememba.si\/SiSQ-Spirits\/wp-content\/uploads\/2020\/05\/pelinkovec-zganje-santei-enoteka-mozirje.jpg?fit=600%2C600&ssl=1",600,600,true],"1536x1536":["https:\/\/i0.wp.com\/sprememba.si\/SiSQ-Spirits\/wp-content\/uploads\/2020\/05\/pelinkovec-zganje-santei-enoteka-mozirje.jpg?fit=600%2C600&ssl=1",600,600,true],"2048x2048":["https:\/\/i0.wp.com\/sprememba.si\/SiSQ-Spirits\/wp-content\/uploads\/2020\/05\/pelinkovec-zganje-santei-enoteka-mozirje.jpg?fit=600%2C600&ssl=1",600,600,true],"woocommerce_thumbnail":["https:\/\/i0.wp.com\/sprememba.si\/SiSQ-Spirits\/wp-content\/uploads\/2020\/05\/pelinkovec-zganje-santei-enoteka-mozirje.jpg?resize=324%2C324&ssl=1",324,324,true],"woocommerce_single":["https:\/\/i0.wp.com\/sprememba.si\/SiSQ-Spirits\/wp-content\/uploads\/2020\/05\/pelinkovec-zganje-santei-enoteka-mozirje.jpg?fit=416%2C416&ssl=1",416,416,true],"woocommerce_gallery_thumbnail":["https:\/\/i0.wp.com\/sprememba.si\/SiSQ-Spirits\/wp-content\/uploads\/2020\/05\/pelinkovec-zganje-santei-enoteka-mozirje.jpg?resize=100%2C100&ssl=1",100,100,true],"variation_swatches_image_size":["https:\/\/i0.wp.com\/sprememba.si\/SiSQ-Spirits\/wp-content\/uploads\/2020\/05\/pelinkovec-zganje-santei-enoteka-mozirje.jpg?resize=50%2C50&ssl=1",50,50,true],"variation_swatches_tooltip_size":["https:\/\/i0.wp.com\/sprememba.si\/SiSQ-Spirits\/wp-content\/uploads\/2020\/05\/pelinkovec-zganje-santei-enoteka-mozirje.jpg?resize=100%2C100&ssl=1",100,100,true]},"uagb_author_info":{"display_name":"SiSQSpirits","author_link":"https:\/\/sprememba.si\/SiSQ-Spirits\/author\/"},"uagb_comment_info":0,"uagb_excerpt":"ZADNJE STEKLENICE!!! Pelinkovec Kra\u0161ki Santei","jetpack_sharing_enabled":true,"jetpack_likes_enabled":true,"brands":[{"id":806,"name":"Santei","slug":"santei"}],"_links":{"self":[{"href":"https:\/\/sprememba.si\/SiSQ-Spirits\/wp-json\/wp\/v2\/product\/14295","targetHints":{"allow":["GET"]}}],"collection":[{"href":"https:\/\/sprememba.si\/SiSQ-Spirits\/wp-json\/wp\/v2\/product"}],"about":[{"href":"https:\/\/sprememba.si\/SiSQ-Spirits\/wp-json\/wp\/v2\/types\/product"}],"wp:featuredmedia":[{"embeddable":true,"href":"https:\/\/sprememba.si\/SiSQ-Spirits\/wp-json\/wp\/v2\/media\/14297"}],"wp:attachment":[{"href":"https:\/\/sprememba.si\/SiSQ-Spirits\/wp-json\/wp\/v2\/media?parent=14295"}],"wp:term":[{"taxonomy":"pwb-brand","embeddable":true,"href":"https:\/\/sprememba.si\/SiSQ-Spirits\/wp-json\/wp\/v2\/pwb-brand?post=14295"},{"taxonomy":"product_brand","embeddable":true,"href":"https:\/\/sprememba.si\/SiSQ-Spirits\/wp-json\/wp\/v2\/product_brand?post=14295"},{"taxonomy":"product_cat","embeddable":true,"href":"https:\/\/sprememba.si\/SiSQ-Spirits\/wp-json\/wp\/v2\/product_cat?post=14295"},{"taxonomy":"product_tag","embeddable":true,"href":"https:\/\/sprememba.si\/SiSQ-Spirits\/wp-json\/wp\/v2\/product_tag?post=14295"}],"curies":[{"name":"wp","href":"https:\/\/api.w.org\/{rel}","templated":true}]}}