{"id":14343,"date":"2020-06-01T13:40:00","date_gmt":"2020-06-01T11:40:00","guid":{"rendered":"https:\/\/sprememba.si\/SiSQ-Spirits\/?post_type=product&#038;p=14343"},"modified":"2025-04-02T17:48:49","modified_gmt":"2025-04-02T15:48:49","slug":"kotanyi-spices-drinks-brinove-jagode","status":"publish","type":"product","link":"https:\/\/sprememba.si\/SiSQ-Spirits\/trgovina\/kotanyi-spices-drinks-brinove-jagode\/","title":{"rendered":"Kotanyi Spices &#038; drinks : Brinove jagode"},"content":{"rendered":"<ul>\n<li>Kotanyi spices &amp; drinks linija vsebuje za\u010dimbe, ki navdihujejo k ustvarjanju okusnih in \u017eivahnih jedi, zdaj pa se vse bolj uporabljajo tudi za za\u010dinjanje napitkov.<\/li>\n<\/ul>\n<p><strong>Brinove jagode<\/strong> so prijetno peko\u010de in imajo topel sladki priokus. dodajo mo\u010dno aromo, ki je rahlo smolnata in odli\u010dno osve\u017ei napitke.<br \/>\nVeljajo za antisepti\u010dni u\u010dinek. Hi\u0161e so se v\u010dasih okadile z birnovimi jagodami, kar naj bi uni\u010devalo bakterije in pomagalo ohranjati \u010disti zrak. Uporabljali so jih tudi pri ka\u010djih ugrizih. V srednjem veku so brinove jagode varovale pred \u010darovnicami in demoni. Je edina za\u010dimba, ki izhaja iz iglavca.<\/p>\n<p>Okus brinovih jagod je rahlo grenek, pikanten, aromati\u010den, smlonat, s sladkobnim okusom. VSebujejo 1\/3 sladkorja, 1\/10 smole in 2 % eteri\u010dnega olja. Najbolj iskane so brinove jagode iz Makedonije in Bosne ter Sredozemlja.<\/p>\n<p>Naj novi okusi in barve prinesejo inspiracijo, raznolikost in poplno na novo okusno do\u017eivetje. Harmonija novih okusov in ob\u010dutkov.<\/p>\n<p>Idealno za:<\/p>\n<ul>\n<li>gin<\/li>\n<li>penino<\/li>\n<li>aperitive<\/li>\n<li>digestive<\/li>\n<li>koktajle<\/li>\n<\/ul>\n<p>&nbsp;<\/p>\n<p>&nbsp;<\/p>\n","protected":false},"excerpt":{"rendered":"<p>Kotanyi spices &amp; drinks linija vsebuje za\u010dimbe, ki navdihujejo k ustvarjanju okusnih in \u017eivahnih jedi, zdaj pa se vse bolj uporabljajo tudi za za\u010dinjanje napitkov. Brinove jagode so prijetno peko\u010de [&hellip;]<\/p>\n","protected":false},"featured_media":14354,"template":"","meta":{"_uag_custom_page_level_css":"","_price":"2.70","_stock":"","_tribe_ticket_header":"","_tribe_default_ticket_provider":"","_tribe_ticket_capacity":"29","_ticket_start_date":"","_ticket_end_date":"","_tribe_ticket_show_description":"","_tribe_ticket_show_not_going":false,"_tribe_ticket_use_global_stock":"","_tribe_ticket_global_stock_level":"","_global_stock_mode":"","_global_stock_cap":"","_tribe_rsvp_for_event":"","_tribe_ticket_going_count":"","_tribe_ticket_not_going_count":"","_tribe_tickets_list":"[]","_tribe_ticket_has_attendee_info_fields":false,"jetpack_post_was_ever_published":false,"_tec_slr_enabled":"","_tec_slr_layout":""},"pwb-brand":[2035],"product_brand":[],"product_cat":[372,1987],"product_tag":[],"class_list":{"0":"post-14343","1":"product","2":"type-product","3":"status-publish","4":"has-post-thumbnail","6":"pwb-brand-kotanyi","7":"product_cat-drugo","8":"product_cat-zacimbe-dodatki","10":"first","11":"outofstock","12":"shipping-taxable","13":"purchasable","14":"product-type-simple"},"supplier_id":null,"supplier_sku":"","atum_controlled":true,"out_stock_date":null,"out_stock_threshold":null,"inheritable":false,"inbound_stock":0,"stock_on_hold":0,"sold_today":0,"sales_last_days":0,"reserved_stock":0,"customer_returns":0,"warehouse_damage":0,"lost_in_post":0,"other_logs":0,"out_stock_days":0,"lost_sales":0,"has_location":false,"update_date":"2026-05-07T01:57:14","atum_locations":[],"atum_stock_status":"outofstock","restock_status":false,"low_stock_amount":"","sales_update_date":"2026-05-07T01:57:14","calc_backorders":null,"uagb_featured_image_src":{"full":["https:\/\/i0.wp.com\/sprememba.si\/SiSQ-Spirits\/wp-content\/uploads\/2020\/06\/kotanyi-brinove-jagode-enoteka-mozirje-1.jpg?fit=600%2C600&ssl=1",600,600,false],"thumbnail":["https:\/\/i0.wp.com\/sprememba.si\/SiSQ-Spirits\/wp-content\/uploads\/2020\/06\/kotanyi-brinove-jagode-enoteka-mozirje-1.jpg?resize=150%2C150&ssl=1",150,150,true],"medium":["https:\/\/i0.wp.com\/sprememba.si\/SiSQ-Spirits\/wp-content\/uploads\/2020\/06\/kotanyi-brinove-jagode-enoteka-mozirje-1.jpg?fit=300%2C300&ssl=1",300,300,true],"medium_large":["https:\/\/i0.wp.com\/sprememba.si\/SiSQ-Spirits\/wp-content\/uploads\/2020\/06\/kotanyi-brinove-jagode-enoteka-mozirje-1.jpg?fit=600%2C600&ssl=1",600,600,true],"large":["https:\/\/i0.wp.com\/sprememba.si\/SiSQ-Spirits\/wp-content\/uploads\/2020\/06\/kotanyi-brinove-jagode-enoteka-mozirje-1.jpg?fit=600%2C600&ssl=1",600,600,true],"1536x1536":["https:\/\/i0.wp.com\/sprememba.si\/SiSQ-Spirits\/wp-content\/uploads\/2020\/06\/kotanyi-brinove-jagode-enoteka-mozirje-1.jpg?fit=600%2C600&ssl=1",600,600,true],"2048x2048":["https:\/\/i0.wp.com\/sprememba.si\/SiSQ-Spirits\/wp-content\/uploads\/2020\/06\/kotanyi-brinove-jagode-enoteka-mozirje-1.jpg?fit=600%2C600&ssl=1",600,600,true],"woocommerce_thumbnail":["https:\/\/i0.wp.com\/sprememba.si\/SiSQ-Spirits\/wp-content\/uploads\/2020\/06\/kotanyi-brinove-jagode-enoteka-mozirje-1.jpg?resize=324%2C324&ssl=1",324,324,true],"woocommerce_single":["https:\/\/i0.wp.com\/sprememba.si\/SiSQ-Spirits\/wp-content\/uploads\/2020\/06\/kotanyi-brinove-jagode-enoteka-mozirje-1.jpg?fit=416%2C416&ssl=1",416,416,true],"woocommerce_gallery_thumbnail":["https:\/\/i0.wp.com\/sprememba.si\/SiSQ-Spirits\/wp-content\/uploads\/2020\/06\/kotanyi-brinove-jagode-enoteka-mozirje-1.jpg?resize=100%2C100&ssl=1",100,100,true],"variation_swatches_image_size":["https:\/\/i0.wp.com\/sprememba.si\/SiSQ-Spirits\/wp-content\/uploads\/2020\/06\/kotanyi-brinove-jagode-enoteka-mozirje-1.jpg?resize=50%2C50&ssl=1",50,50,true],"variation_swatches_tooltip_size":["https:\/\/i0.wp.com\/sprememba.si\/SiSQ-Spirits\/wp-content\/uploads\/2020\/06\/kotanyi-brinove-jagode-enoteka-mozirje-1.jpg?resize=100%2C100&ssl=1",100,100,true]},"uagb_author_info":{"display_name":"SiSQSpirits","author_link":"https:\/\/sprememba.si\/SiSQ-Spirits\/author\/"},"uagb_comment_info":0,"uagb_excerpt":"Kotanyi spices &amp; drinks linija vsebuje za\u010dimbe, ki navdihujejo k ustvarjanju okusnih in \u017eivahnih jedi, zdaj pa se vse bolj uporabljajo tudi za za\u010dinjanje napitkov. Brinove jagode so prijetno peko\u010de [&hellip;]","jetpack_sharing_enabled":true,"jetpack_likes_enabled":true,"brands":[{"id":2035,"name":"Kotanyi","slug":"kotanyi"}],"_links":{"self":[{"href":"https:\/\/sprememba.si\/SiSQ-Spirits\/wp-json\/wp\/v2\/product\/14343","targetHints":{"allow":["GET"]}}],"collection":[{"href":"https:\/\/sprememba.si\/SiSQ-Spirits\/wp-json\/wp\/v2\/product"}],"about":[{"href":"https:\/\/sprememba.si\/SiSQ-Spirits\/wp-json\/wp\/v2\/types\/product"}],"wp:featuredmedia":[{"embeddable":true,"href":"https:\/\/sprememba.si\/SiSQ-Spirits\/wp-json\/wp\/v2\/media\/14354"}],"wp:attachment":[{"href":"https:\/\/sprememba.si\/SiSQ-Spirits\/wp-json\/wp\/v2\/media?parent=14343"}],"wp:term":[{"taxonomy":"pwb-brand","embeddable":true,"href":"https:\/\/sprememba.si\/SiSQ-Spirits\/wp-json\/wp\/v2\/pwb-brand?post=14343"},{"taxonomy":"product_brand","embeddable":true,"href":"https:\/\/sprememba.si\/SiSQ-Spirits\/wp-json\/wp\/v2\/product_brand?post=14343"},{"taxonomy":"product_cat","embeddable":true,"href":"https:\/\/sprememba.si\/SiSQ-Spirits\/wp-json\/wp\/v2\/product_cat?post=14343"},{"taxonomy":"product_tag","embeddable":true,"href":"https:\/\/sprememba.si\/SiSQ-Spirits\/wp-json\/wp\/v2\/product_tag?post=14343"}],"curies":[{"name":"wp","href":"https:\/\/api.w.org\/{rel}","templated":true}]}}