{"id":14345,"date":"2020-06-01T14:23:44","date_gmt":"2020-06-01T12:23:44","guid":{"rendered":"https:\/\/sprememba.si\/SiSQ-Spirits\/?post_type=product&#038;p=14345"},"modified":"2025-04-02T17:49:22","modified_gmt":"2025-04-02T15:49:22","slug":"kotanyi-spices-drinks-rdec-poper","status":"publish","type":"product","link":"https:\/\/sprememba.si\/SiSQ-Spirits\/trgovina\/kotanyi-spices-drinks-rdec-poper\/","title":{"rendered":"Kotanyi spices &#038; drinks: Rde\u010d poper"},"content":{"rendered":"<p>Kotanyi spices &amp; drinks linija vsebuje za\u010dimbe, ki navdihujejo k ustvarjanju okusnih in \u017eivahnih jedi, zdaj pa se vse bolj uporabljajo tudi za za\u010dinjanje napitkov.<\/p>\n<p><b>Rde\u010d poper <\/b>presene\u010da s svojo raznolikostjo. Je blago aromati\u010den, sladek ter isto\u010dasno rahlo peko\u010d.<\/p>\n<p>Pravzaprav rde\u010d poper sploh ni poper. Gre za jagode nepravega brazilskega poprovca zato ga nekateri imenujejo tudi brazilski poper. Od obi\u010dajnega popra ga lo\u010di bolj sladkoben in aromati\u010den okus. Vsebujejo vitamine kot so A, D, E in K. Delujejo razku\u017eevalno.\u00a0 Rde\u010de jagode tega poprovca nimajo ostrine pravega popra, temve\u010d ne\u017enej\u0161i okus, zato bo v\u0161e\u010d tudi tistim, ki druga\u010de ne marajo popra.<\/p>\n<p>Naj novi okusi in barve prinesejo inspiracijo, raznolikost in popolno novo okusno do\u017eivetje. Harmonija novih okusov in ob\u010dutkov.<\/p>\n<p>Idealno za:<\/p>\n<ul>\n<li>gin<\/li>\n<li>penino<\/li>\n<li>aperitive<\/li>\n<li>digestive<\/li>\n<li>koktajle<\/li>\n<\/ul>\n","protected":false},"excerpt":{"rendered":"<p>Kombinacija razli\u010dnih okusov bo va\u0161o pija\u010do nadgradila v nekaj posebnega.<\/p>\n","protected":false},"featured_media":14346,"template":"","meta":{"_price":"2.60","_stock":"","_tribe_ticket_header":"","_tribe_default_ticket_provider":"","_tribe_ticket_capacity":"27","_ticket_start_date":"","_ticket_end_date":"","_tribe_ticket_show_description":"","_tribe_ticket_show_not_going":false,"_tribe_ticket_use_global_stock":"","_tribe_ticket_global_stock_level":"","_global_stock_mode":"","_global_stock_cap":"","_tribe_rsvp_for_event":"","_tribe_ticket_going_count":"","_tribe_ticket_not_going_count":"","_tribe_tickets_list":"[]","_tribe_ticket_has_attendee_info_fields":false,"jetpack_post_was_ever_published":false,"_tec_slr_enabled":"","_tec_slr_layout":""},"pwb-brand":[2035],"product_brand":[],"product_cat":[372,1987],"product_tag":[],"class_list":{"0":"post-14345","1":"product","2":"type-product","3":"status-publish","4":"has-post-thumbnail","6":"pwb-brand-kotanyi","7":"product_cat-drugo","8":"product_cat-zacimbe-dodatki","10":"first","11":"outofstock","12":"shipping-taxable","13":"purchasable","14":"product-type-simple"},"supplier_id":null,"supplier_sku":"","atum_controlled":true,"out_stock_date":null,"out_stock_threshold":null,"inheritable":false,"inbound_stock":0,"stock_on_hold":0,"sold_today":0,"sales_last_days":0,"reserved_stock":0,"customer_returns":0,"warehouse_damage":0,"lost_in_post":0,"other_logs":0,"out_stock_days":0,"lost_sales":0,"has_location":false,"update_date":"2026-05-06T01:54:12","atum_locations":[],"atum_stock_status":"outofstock","restock_status":false,"low_stock_amount":"","sales_update_date":"2026-05-06T01:54:12","calc_backorders":null,"jetpack_sharing_enabled":true,"jetpack_likes_enabled":true,"brands":[{"id":2035,"name":"Kotanyi","slug":"kotanyi"}],"_links":{"self":[{"href":"https:\/\/sprememba.si\/SiSQ-Spirits\/wp-json\/wp\/v2\/product\/14345","targetHints":{"allow":["GET"]}}],"collection":[{"href":"https:\/\/sprememba.si\/SiSQ-Spirits\/wp-json\/wp\/v2\/product"}],"about":[{"href":"https:\/\/sprememba.si\/SiSQ-Spirits\/wp-json\/wp\/v2\/types\/product"}],"wp:featuredmedia":[{"embeddable":true,"href":"https:\/\/sprememba.si\/SiSQ-Spirits\/wp-json\/wp\/v2\/media\/14346"}],"wp:attachment":[{"href":"https:\/\/sprememba.si\/SiSQ-Spirits\/wp-json\/wp\/v2\/media?parent=14345"}],"wp:term":[{"taxonomy":"pwb-brand","embeddable":true,"href":"https:\/\/sprememba.si\/SiSQ-Spirits\/wp-json\/wp\/v2\/pwb-brand?post=14345"},{"taxonomy":"product_brand","embeddable":true,"href":"https:\/\/sprememba.si\/SiSQ-Spirits\/wp-json\/wp\/v2\/product_brand?post=14345"},{"taxonomy":"product_cat","embeddable":true,"href":"https:\/\/sprememba.si\/SiSQ-Spirits\/wp-json\/wp\/v2\/product_cat?post=14345"},{"taxonomy":"product_tag","embeddable":true,"href":"https:\/\/sprememba.si\/SiSQ-Spirits\/wp-json\/wp\/v2\/product_tag?post=14345"}],"curies":[{"name":"wp","href":"https:\/\/api.w.org\/{rel}","templated":true}]}}