{"id":14348,"date":"2020-06-01T14:54:10","date_gmt":"2020-06-01T12:54:10","guid":{"rendered":"https:\/\/sprememba.si\/SiSQ-Spirits\/?post_type=product&#038;p=14348"},"modified":"2024-02-01T07:06:02","modified_gmt":"2024-02-01T06:06:02","slug":"kotanyi-spices-drinks-kardamom","status":"publish","type":"product","link":"https:\/\/sprememba.si\/SiSQ-Spirits\/trgovina\/kotanyi-spices-drinks-kardamom\/","title":{"rendered":"Kotanyi spices &#038; drinks: Kardamom"},"content":{"rendered":"<p>Kotanyi spices &amp; drinks linija vsebuje za\u010dimbe, ki navdihujejo k ustvarjanju okusnih in \u017eivahnih jedi, zdaj pa se vse bolj uporabljajo tudi za za\u010dinjanje napitkov.<\/p>\n<p><strong>Kardamom<\/strong> je predstavljal eno najve\u010djih dragocenosti na za\u010dimbni poti. Grki in Rimljani so ga ve\u010dinoma predelali v parfum, Egip\u010dani so ga \u017eve\u010dili za sve\u017e zadah in bele zobe. V Indiji \u0161e\u00a0 danes. Najbolj\u0161e kakovosti je zeleni kardamom.<\/p>\n<p>Njegov vonj je aromati\u010den, okus pa sladek, rahlo peko\u010d in rahlo ro\u017enat. Nekoliko spominja na evkaliptus.<\/p>\n<p>V kuhinji se za\u010dinja ri\u017e, pekovski izdelki, sladice, mle\u010dne jedi, marinade, kobase in meso, sadje in sadne solate. V Orientu se ga postre\u017ee s kavo in \u010dajem.<\/p>\n<p>Naj novi okusi in barve prinesejo inspiracijo, raznolikost in poplno na novo okusno do\u017eivetje. Harmonija novih okusov in ob\u010dutkov.<\/p>\n<p>Idealno za:<\/p>\n<ul>\n<li>gin<\/li>\n<li>penino<\/li>\n<li>aperitive<\/li>\n<li>digestive<\/li>\n<li>koktajle<\/li>\n<\/ul>\n","protected":false},"excerpt":{"rendered":"<p>\u017dal Kotanyi ne ponuja ve\u010d tega izdelka.<\/p>\n","protected":false},"featured_media":14349,"template":"","meta":{"_price":"2.2","_stock":"","_tribe_ticket_header":"","_tribe_default_ticket_provider":"","_tribe_ticket_capacity":"8","_ticket_start_date":"","_ticket_end_date":"","_tribe_ticket_show_description":"","_tribe_ticket_show_not_going":false,"_tribe_ticket_use_global_stock":"","_tribe_ticket_global_stock_level":"","_global_stock_mode":"","_global_stock_cap":"","_tribe_rsvp_for_event":"","_tribe_ticket_going_count":"","_tribe_ticket_not_going_count":"","_tribe_tickets_list":"[]","_tribe_ticket_has_attendee_info_fields":false,"jetpack_post_was_ever_published":false,"_tec_slr_enabled":"","_tec_slr_layout":""},"pwb-brand":[2035],"product_brand":[],"product_cat":[372,1987],"product_tag":[],"class_list":{"0":"post-14348","1":"product","2":"type-product","3":"status-publish","4":"has-post-thumbnail","6":"pwb-brand-kotanyi","7":"product_cat-drugo","8":"product_cat-zacimbe-dodatki","10":"first","11":"outofstock","12":"virtual","13":"purchasable","14":"product-type-simple"},"supplier_id":null,"supplier_sku":"","atum_controlled":true,"out_stock_date":"2021-07-17 20:07:04","out_stock_threshold":null,"inheritable":false,"inbound_stock":0,"stock_on_hold":0,"sold_today":0,"sales_last_days":0,"reserved_stock":0,"customer_returns":0,"warehouse_damage":0,"lost_in_post":0,"other_logs":0,"out_stock_days":1733,"lost_sales":0,"has_location":false,"update_date":"2026-04-16T00:12:36","atum_locations":[],"atum_stock_status":"outofstock","restock_status":false,"low_stock_amount":"","sales_update_date":"2026-04-16T00:12:36","calc_backorders":null,"jetpack_sharing_enabled":true,"jetpack_likes_enabled":true,"brands":[{"id":2035,"name":"Kotanyi","slug":"kotanyi"}],"_links":{"self":[{"href":"https:\/\/sprememba.si\/SiSQ-Spirits\/wp-json\/wp\/v2\/product\/14348","targetHints":{"allow":["GET"]}}],"collection":[{"href":"https:\/\/sprememba.si\/SiSQ-Spirits\/wp-json\/wp\/v2\/product"}],"about":[{"href":"https:\/\/sprememba.si\/SiSQ-Spirits\/wp-json\/wp\/v2\/types\/product"}],"wp:featuredmedia":[{"embeddable":true,"href":"https:\/\/sprememba.si\/SiSQ-Spirits\/wp-json\/wp\/v2\/media\/14349"}],"wp:attachment":[{"href":"https:\/\/sprememba.si\/SiSQ-Spirits\/wp-json\/wp\/v2\/media?parent=14348"}],"wp:term":[{"taxonomy":"pwb-brand","embeddable":true,"href":"https:\/\/sprememba.si\/SiSQ-Spirits\/wp-json\/wp\/v2\/pwb-brand?post=14348"},{"taxonomy":"product_brand","embeddable":true,"href":"https:\/\/sprememba.si\/SiSQ-Spirits\/wp-json\/wp\/v2\/product_brand?post=14348"},{"taxonomy":"product_cat","embeddable":true,"href":"https:\/\/sprememba.si\/SiSQ-Spirits\/wp-json\/wp\/v2\/product_cat?post=14348"},{"taxonomy":"product_tag","embeddable":true,"href":"https:\/\/sprememba.si\/SiSQ-Spirits\/wp-json\/wp\/v2\/product_tag?post=14348"}],"curies":[{"name":"wp","href":"https:\/\/api.w.org\/{rel}","templated":true}]}}