{"id":14397,"date":"2020-06-15T08:05:06","date_gmt":"2020-06-15T06:05:06","guid":{"rendered":"https:\/\/sprememba.si\/SiSQ-Spirits\/?post_type=product&#038;p=14397"},"modified":"2025-09-19T08:20:12","modified_gmt":"2025-09-19T06:20:12","slug":"breskov-sok-slavcek","status":"publish","type":"product","link":"https:\/\/sprememba.si\/SiSQ-Spirits\/trgovina\/breskov-sok-slavcek\/","title":{"rendered":"Breskov sok Slav\u010dek"},"content":{"rendered":"<p>Breskov sok kmetije Slav\u010dek iz Vipavske doline je \u0161e en vrhunski naraven produkt, ki ga pri Slav\u010dkih uspe\u0161no pridelujejo.<\/p>\n<p>Najbolj\u0161e breskve operejo z vodo, odstranijo ko\u0161\u010dice in stisnejo, da dobijo sok, ki ga pope\u010dejo na 82 stopinj C za pasterizacijo in ustekleni\u010dijo.<\/p>\n<p>Odli\u010den za slavni koktajl <strong>Bellini,<\/strong> kjer se uporabi njihova <a href=\"https:\/\/sprememba.si\/SiSQ-Spirits\/trgovina\/slavcek-viktorija-penina\/\" target=\"_blank\" rel=\"noopener noreferrer\"><strong>penina Viktorija<\/strong>:<\/a><\/p>\n<ul>\n<li>2\/3 penine<\/li>\n<li>1\/3 breskov sok<\/li>\n<\/ul>\n<p>&nbsp;<\/p>\n<p>\u017dal v breskovem soku iz bio kmetije Slav\u010dek ne bomo mogli ve\u010d u\u017eivati, saj so zaradi slabih letin in starosti dreves posekali drevesa. Na sre\u010do pa \u0161e vedno lahko u\u017eivamo v njihovih vrhunskih vinih s certifikatom Triple A.<\/p>\n","protected":false},"excerpt":{"rendered":"<p>100 % naraven sok iz breskev, ki jih pridelujejo sami<\/p>\n","protected":false},"featured_media":14398,"template":"","meta":{"_price":"2.7","_stock":"0","_tribe_ticket_header":"","_tribe_default_ticket_provider":"","_tribe_ticket_capacity":"2","_ticket_start_date":"","_ticket_end_date":"","_tribe_ticket_show_description":"","_tribe_ticket_show_not_going":false,"_tribe_ticket_use_global_stock":"","_tribe_ticket_global_stock_level":"","_global_stock_mode":"","_global_stock_cap":"","_tribe_rsvp_for_event":"","_tribe_ticket_going_count":"","_tribe_ticket_not_going_count":"","_tribe_tickets_list":"[]","_tribe_ticket_has_attendee_info_fields":false,"jetpack_post_was_ever_published":false,"_tec_slr_enabled":"","_tec_slr_layout":""},"pwb-brand":[280],"product_brand":[],"product_cat":[372,2002],"product_tag":[],"class_list":{"0":"post-14397","1":"product","2":"type-product","3":"status-publish","4":"has-post-thumbnail","6":"pwb-brand-kmetija-slavcek","7":"product_cat-drugo","8":"product_cat-brezalkoholna-pijaca","10":"first","11":"outofstock","12":"shipping-taxable","13":"purchasable","14":"product-type-simple"},"supplier_id":null,"supplier_sku":"","atum_controlled":true,"out_stock_date":null,"out_stock_threshold":null,"inheritable":false,"inbound_stock":0,"stock_on_hold":0,"sold_today":0,"sales_last_days":0,"reserved_stock":0,"customer_returns":0,"warehouse_damage":0,"lost_in_post":0,"other_logs":0,"out_stock_days":0,"lost_sales":0,"has_location":false,"update_date":"2026-04-19T00:19:18","atum_locations":[],"atum_stock_status":"outofstock","restock_status":false,"low_stock_amount":1,"sales_update_date":"2026-04-19T00:19:18","calc_backorders":null,"jetpack_sharing_enabled":true,"jetpack_likes_enabled":true,"brands":[{"id":280,"name":"Kmetija Slav\u010dek","slug":"kmetija-slavcek"}],"_links":{"self":[{"href":"https:\/\/sprememba.si\/SiSQ-Spirits\/wp-json\/wp\/v2\/product\/14397","targetHints":{"allow":["GET"]}}],"collection":[{"href":"https:\/\/sprememba.si\/SiSQ-Spirits\/wp-json\/wp\/v2\/product"}],"about":[{"href":"https:\/\/sprememba.si\/SiSQ-Spirits\/wp-json\/wp\/v2\/types\/product"}],"wp:featuredmedia":[{"embeddable":true,"href":"https:\/\/sprememba.si\/SiSQ-Spirits\/wp-json\/wp\/v2\/media\/14398"}],"wp:attachment":[{"href":"https:\/\/sprememba.si\/SiSQ-Spirits\/wp-json\/wp\/v2\/media?parent=14397"}],"wp:term":[{"taxonomy":"pwb-brand","embeddable":true,"href":"https:\/\/sprememba.si\/SiSQ-Spirits\/wp-json\/wp\/v2\/pwb-brand?post=14397"},{"taxonomy":"product_brand","embeddable":true,"href":"https:\/\/sprememba.si\/SiSQ-Spirits\/wp-json\/wp\/v2\/product_brand?post=14397"},{"taxonomy":"product_cat","embeddable":true,"href":"https:\/\/sprememba.si\/SiSQ-Spirits\/wp-json\/wp\/v2\/product_cat?post=14397"},{"taxonomy":"product_tag","embeddable":true,"href":"https:\/\/sprememba.si\/SiSQ-Spirits\/wp-json\/wp\/v2\/product_tag?post=14397"}],"curies":[{"name":"wp","href":"https:\/\/api.w.org\/{rel}","templated":true}]}}