{"id":14612,"date":"2020-10-05T11:43:28","date_gmt":"2020-10-05T09:43:28","guid":{"rendered":"https:\/\/sprememba.si\/SiSQ-Spirits\/?post_type=product&#038;p=14612"},"modified":"2020-11-06T13:45:03","modified_gmt":"2020-11-06T12:45:03","slug":"broken-bones-sloe-gin","status":"publish","type":"product","link":"https:\/\/sprememba.si\/SiSQ-Spirits\/trgovina\/broken-bones-sloe-gin\/","title":{"rendered":"Broken Bones Sloe Gin"},"content":{"rendered":"<p>Broken bones Sloe Gin (Trnuljin gin) je izdelan po enakem receptu kot njihov London Dry Gin, ki vklju\u010duje izbrani lokalni brin in \u0161ipek s slovenskega Krasa, skupaj z lipovimi cvetovi, koriandrom, kardamomom, angeliko, sladkim korenom, limonino lupinico in drugimi tradicionalnimi rastlinskimi rastlinami.<\/p>\n<p>Po destilaciji v ginu ve\u010d mesecev namakamo trnulje in ga rahlo sladkamo, kar oblikuje sadnost in aromati\u010dno sladkost Broken Bones Sloe Gina.<\/p>\n<p>Zaznamki oku\u0161anja: V vonju marcipan v kombinaciji z aromo zrelih sliv in \u0161ipka, ki mu sledi bogat okus po trnuljah z le minimalno dodanim sladkorjem, ki uravnote\u017ei okus. Okus traja zelo dolgo.<\/p>\n<p>Priporo\u010damo pitje samega gina ohlajenega z ledenimi kockami.<\/p>\n<p>Omejena prva serija je razprodana v destilarni. Pri nas par steklenic \u0161e na voljo.<\/p>\n","protected":false},"excerpt":{"rendered":"<p>Broken bones Sloe Gin (Trnuljin gin) je izdelan po enakem receptu kot njihov London Dry Gin, ki vklju\u010duje izbrani lokalni brin in \u0161ipek s slovenskega Krasa, skupaj z lipovimi cvetovi, [&hellip;]<\/p>\n","protected":false},"featured_media":14613,"template":"","meta":{"_price":"49.90","_stock":"1","_tribe_ticket_header":"","_tribe_default_ticket_provider":"","_tribe_ticket_capacity":"1","_ticket_start_date":"","_ticket_end_date":"","_tribe_ticket_show_description":"","_tribe_ticket_show_not_going":false,"_tribe_ticket_use_global_stock":"","_tribe_ticket_global_stock_level":"","_global_stock_mode":"","_global_stock_cap":"","_tribe_rsvp_for_event":"","_tribe_ticket_going_count":"","_tribe_ticket_not_going_count":"","_tribe_tickets_list":"[]","_tribe_ticket_has_attendee_info_fields":false,"jetpack_post_was_ever_published":false,"_tec_slr_enabled":"","_tec_slr_layout":""},"pwb-brand":[536],"product_brand":[],"product_cat":[1620,865,1239],"product_tag":[],"class_list":{"0":"post-14612","1":"product","2":"type-product","3":"status-publish","4":"has-post-thumbnail","6":"pwb-brand-destilarna-broken-bones","7":"product_cat-destilati","8":"product_cat-gin","9":"product_cat-slovenski-gin","11":"first","12":"instock","13":"sold-individually","14":"shipping-taxable","15":"purchasable","16":"product-type-simple"},"supplier_id":null,"supplier_sku":"","atum_controlled":true,"out_stock_date":null,"out_stock_threshold":null,"inheritable":false,"inbound_stock":0,"stock_on_hold":0,"sold_today":0,"sales_last_days":0,"reserved_stock":0,"customer_returns":0,"warehouse_damage":0,"lost_in_post":0,"other_logs":0,"out_stock_days":0,"lost_sales":0,"has_location":false,"update_date":"2026-04-19T00:19:18","atum_locations":[],"atum_stock_status":"instock","restock_status":false,"low_stock_amount":0,"sales_update_date":"2026-04-19T00:19:18","calc_backorders":0,"jetpack_sharing_enabled":true,"jetpack_likes_enabled":true,"brands":[{"id":536,"name":"Destilarna Broken Bones","slug":"destilarna-broken-bones"}],"_links":{"self":[{"href":"https:\/\/sprememba.si\/SiSQ-Spirits\/wp-json\/wp\/v2\/product\/14612","targetHints":{"allow":["GET"]}}],"collection":[{"href":"https:\/\/sprememba.si\/SiSQ-Spirits\/wp-json\/wp\/v2\/product"}],"about":[{"href":"https:\/\/sprememba.si\/SiSQ-Spirits\/wp-json\/wp\/v2\/types\/product"}],"wp:featuredmedia":[{"embeddable":true,"href":"https:\/\/sprememba.si\/SiSQ-Spirits\/wp-json\/wp\/v2\/media\/14613"}],"wp:attachment":[{"href":"https:\/\/sprememba.si\/SiSQ-Spirits\/wp-json\/wp\/v2\/media?parent=14612"}],"wp:term":[{"taxonomy":"pwb-brand","embeddable":true,"href":"https:\/\/sprememba.si\/SiSQ-Spirits\/wp-json\/wp\/v2\/pwb-brand?post=14612"},{"taxonomy":"product_brand","embeddable":true,"href":"https:\/\/sprememba.si\/SiSQ-Spirits\/wp-json\/wp\/v2\/product_brand?post=14612"},{"taxonomy":"product_cat","embeddable":true,"href":"https:\/\/sprememba.si\/SiSQ-Spirits\/wp-json\/wp\/v2\/product_cat?post=14612"},{"taxonomy":"product_tag","embeddable":true,"href":"https:\/\/sprememba.si\/SiSQ-Spirits\/wp-json\/wp\/v2\/product_tag?post=14612"}],"curies":[{"name":"wp","href":"https:\/\/api.w.org\/{rel}","templated":true}]}}