{"id":14665,"date":"2020-11-06T13:08:07","date_gmt":"2020-11-06T12:08:07","guid":{"rendered":"https:\/\/sprememba.si\/SiSQ-Spirits\/?post_type=product&#038;p=14665"},"modified":"2024-11-12T11:43:46","modified_gmt":"2024-11-12T10:43:46","slug":"napolni-sam-darilni-paket-slovenski-gin","status":"publish","type":"product","link":"https:\/\/sprememba.si\/SiSQ-Spirits\/trgovina\/napolni-sam-darilni-paket-slovenski-gin\/","title":{"rendered":"NAPOLNI SAM darilni paket SLOVENSKI GIN"},"content":{"rendered":"<p>NAPOLNI SAM darilni paket je linija produktov, kjer si vsak sam izbere, kaj bo poleg pija\u010de \u0161e v paketu.<\/p>\n<p>Tako se poleg slovenskega craft gina lahko dodajo razli\u010dne za\u010dimbe, ena izmed <a href=\"https:\/\/sprememba.si\/SiSQ-Spirits\/brand\/lucifer-chocolate\/\" target=\"_blank\" rel=\"noopener noreferrer\">Lucifer \u010dokolad<\/a>, <a href=\"https:\/\/sprememba.si\/SiSQ-Spirits\/trgovina\/polaris-kozarec-steklarna-hrastnik\/\" target=\"_blank\" rel=\"noopener noreferrer\">Polaris kozarec<\/a> namenjen za gin tonike ali pa kak\u0161en lesen magnetek za na hladilnik.<\/p>\n<p>Presenetite s tem posebnim darilom.<\/p>\n","protected":false},"excerpt":{"rendered":"<p>NAPOLNI SAM darilni paket je linija produktov, kjer si vsak sam izbere, kaj bo poleg pija\u010de \u0161e v paketu. Tako se poleg slovenskega craft gina lahko dodajo razli\u010dne za\u010dimbe, ena [&hellip;]<\/p>\n","protected":false},"featured_media":14540,"template":"","meta":{"_price":"2.5","_stock":"","_tribe_ticket_header":"","_tribe_default_ticket_provider":"","_tribe_ticket_capacity":"20","_ticket_start_date":"","_ticket_end_date":"","_tribe_ticket_show_description":"","_tribe_ticket_show_not_going":false,"_tribe_ticket_use_global_stock":"","_tribe_ticket_global_stock_level":"","_global_stock_mode":"","_global_stock_cap":"","_tribe_rsvp_for_event":"","_tribe_ticket_going_count":"","_tribe_ticket_not_going_count":"","_tribe_tickets_list":"[]","_tribe_ticket_has_attendee_info_fields":false,"jetpack_post_was_ever_published":false,"_tec_slr_enabled":"","_tec_slr_layout":""},"pwb-brand":[669,536,840,2037,2035,806,2084,1940],"product_brand":[],"product_cat":[2074,551,372],"product_tag":[],"class_list":{"0":"post-14665","1":"product","2":"type-product","3":"status-publish","4":"has-post-thumbnail","6":"pwb-brand-destilarna-bratinov","7":"pwb-brand-destilarna-broken-bones","8":"pwb-brand-destilarna-gin-brin","9":"pwb-brand-enoteka-mozirje","10":"pwb-brand-kotanyi","11":"pwb-brand-santei","12":"pwb-brand-sisq-spirits","13":"pwb-brand-vino-koglot","14":"product_cat-napolni-sam-darilni-paket","15":"product_cat-darilni-kompleti","16":"product_cat-drugo","17":"wcpa_has_options","19":"first","20":"instock","21":"featured","22":"shipping-taxable","23":"purchasable","24":"product-type-composite"},"supplier_id":null,"supplier_sku":"","atum_controlled":true,"out_stock_date":null,"out_stock_threshold":null,"inheritable":false,"inbound_stock":null,"stock_on_hold":0,"sold_today":0,"sales_last_days":0,"reserved_stock":null,"customer_returns":null,"warehouse_damage":null,"lost_in_post":null,"other_logs":null,"out_stock_days":0,"lost_sales":0,"has_location":false,"update_date":"2026-04-16T00:12:36","atum_locations":[],"atum_stock_status":"instock","restock_status":false,"low_stock_amount":"","sales_update_date":"2026-04-16T00:12:36","calc_backorders":null,"jetpack_sharing_enabled":true,"jetpack_likes_enabled":true,"brands":[{"id":669,"name":"Destilarna Bratinov","slug":"destilarna-bratinov"},{"id":536,"name":"Destilarna Broken Bones","slug":"destilarna-broken-bones"},{"id":840,"name":"Destilarna Gin Brin","slug":"destilarna-gin-brin"},{"id":2037,"name":"Enoteka Mozirje","slug":"enoteka-mozirje"},{"id":2035,"name":"Kotanyi","slug":"kotanyi"},{"id":806,"name":"Santei","slug":"santei"},{"id":2084,"name":"SiSQ Spirits","slug":"sisq-spirits"},{"id":1940,"name":"Vino Koglot","slug":"vino-koglot"}],"_links":{"self":[{"href":"https:\/\/sprememba.si\/SiSQ-Spirits\/wp-json\/wp\/v2\/product\/14665","targetHints":{"allow":["GET"]}}],"collection":[{"href":"https:\/\/sprememba.si\/SiSQ-Spirits\/wp-json\/wp\/v2\/product"}],"about":[{"href":"https:\/\/sprememba.si\/SiSQ-Spirits\/wp-json\/wp\/v2\/types\/product"}],"wp:featuredmedia":[{"embeddable":true,"href":"https:\/\/sprememba.si\/SiSQ-Spirits\/wp-json\/wp\/v2\/media\/14540"}],"wp:attachment":[{"href":"https:\/\/sprememba.si\/SiSQ-Spirits\/wp-json\/wp\/v2\/media?parent=14665"}],"wp:term":[{"taxonomy":"pwb-brand","embeddable":true,"href":"https:\/\/sprememba.si\/SiSQ-Spirits\/wp-json\/wp\/v2\/pwb-brand?post=14665"},{"taxonomy":"product_brand","embeddable":true,"href":"https:\/\/sprememba.si\/SiSQ-Spirits\/wp-json\/wp\/v2\/product_brand?post=14665"},{"taxonomy":"product_cat","embeddable":true,"href":"https:\/\/sprememba.si\/SiSQ-Spirits\/wp-json\/wp\/v2\/product_cat?post=14665"},{"taxonomy":"product_tag","embeddable":true,"href":"https:\/\/sprememba.si\/SiSQ-Spirits\/wp-json\/wp\/v2\/product_tag?post=14665"}],"curies":[{"name":"wp","href":"https:\/\/api.w.org\/{rel}","templated":true}]}}