{"id":14669,"date":"2020-11-06T09:28:41","date_gmt":"2020-11-06T08:28:41","guid":{"rendered":"https:\/\/sprememba.si\/SiSQ-Spirits\/?post_type=product&#038;p=14669"},"modified":"2022-12-02T07:58:22","modified_gmt":"2022-12-02T06:58:22","slug":"lucifer-ruby-cokoladne-kroglice","status":"publish","type":"product","link":"https:\/\/sprememba.si\/SiSQ-Spirits\/trgovina\/lucifer-ruby-cokoladne-kroglice\/","title":{"rendered":"Lucifer Ruby \u010dokoladne kroglice"},"content":{"rendered":"<p>Lucifer ruby \u010dokoladne kroglice vas bodo presenetile s sve\u017eim okusom po jagodi\u010devju in ne\u017eno ro\u017enato barvo, v sredici pa pocrkljale s slastnimi ko\u0161\u010dki malin in brusnic.<\/p>\n<p>Zaprite o\u010di in si predstavljajte okusne sadne ko\u0161\u010dke, ki se mehko topijo v va\u0161ih ustih, nato pa pomislite na kremno, gladko, ro\u017enato \u010dokoladno teksturo s sve\u017eim okusom jagodi\u010devja, ki jih obliva te sadne ko\u0161\u010dke in vam pri\u010dara popolno paleto sadno-\u010dokoladnih okusov. To je nova vrsta \u010dokolade ruby, ki vas bo prepri\u010dala s svojo edinstveno aromo in barvo.<\/p>\n<p>\u010cokoladi ruby nismo dodali nikakr\u0161nih barvil ali sadnih arom, saj barva in okus izhajata iz posebnega postopka predelave rubinastih kakavovih zrn z naravnim ro\u017enatim pigmentom in aromo jagodi\u010devja. Za vrhunsko kakovost smo poskrbeli tudi z ro\u010dno izdelavo, brez konzervansov in drugih umetnih dodatkov.<\/p>\n<p>&nbsp;<\/p>\n<p>\u010cokoladne kroglice z malinami in brusnicami, ovitimi v ruby \u010dokolado ne bodo o\u010darale le vas, temve\u010d tudi druge, zato so v elegantni stekleni embala\u017ei tudi \u010dudovito \u010dokoladno darilo, s katerim lahko polep\u0161ate in posladkate dan svojim najbli\u017ejim, prijateljem ali poslovnim partnerjem.<\/p>\n","protected":false},"excerpt":{"rendered":"<p>Spoznajte povsem nov, edinstven gurmanski u\u017eitek!<\/p>\n<p>Prepustite se slastnim u\u017eitkom so\u010dnih malin in brusnic, oblitih z ruby \u010dokolado \u2013 te \u010dudovito ro\u017enate \u010dokoladne kroglice bodo va\u0161 dan obarvale mavri\u010dno z vsakim gri\u017eljajem. Sve\u017e okus jagodi\u010devja in zna\u010dilna aroma ruby \u010dokolade bosta zapeljala vse ljubitelje sadnih okusov, v svoji elegantni embala\u017ei pa o\u010darala tudi kot \u010dudovita \u010dokoladna darila za va\u0161e najdra\u017eje ali kot sladka poslovna darila.<\/p>\n<p><span style=\"color: #ff0000;\">V darilnih paketih je \u0161e dodaten popust na \u010dokolado!<\/span><\/p>\n","protected":false},"featured_media":14670,"template":"","meta":{"_price":"4.99","_stock":"0","_tribe_ticket_header":"","_tribe_default_ticket_provider":"","_tribe_ticket_capacity":"0","_ticket_start_date":"","_ticket_end_date":"","_tribe_ticket_show_description":"","_tribe_ticket_show_not_going":false,"_tribe_ticket_use_global_stock":"","_tribe_ticket_global_stock_level":"","_global_stock_mode":"","_global_stock_cap":"","_tribe_rsvp_for_event":"","_tribe_ticket_going_count":"","_tribe_ticket_not_going_count":"","_tribe_tickets_list":"[]","_tribe_ticket_has_attendee_info_fields":false,"jetpack_post_was_ever_published":false,"_tec_slr_enabled":"","_tec_slr_layout":""},"pwb-brand":[2078],"product_brand":[],"product_cat":[2076,372],"product_tag":[2080],"class_list":{"0":"post-14669","1":"product","2":"type-product","3":"status-publish","4":"has-post-thumbnail","6":"pwb-brand-lucifer-cokolada","7":"product_cat-sladke-razvade","8":"product_cat-drugo","9":"product_tag-lucifer","11":"first","12":"outofstock","13":"sale","14":"shipping-taxable","15":"purchasable","16":"product-type-simple"},"supplier_id":null,"supplier_sku":"","atum_controlled":true,"out_stock_date":"2022-12-02 06:58:22","out_stock_threshold":null,"inheritable":false,"inbound_stock":0,"stock_on_hold":0,"sold_today":0,"sales_last_days":0,"reserved_stock":0,"customer_returns":0,"warehouse_damage":0,"lost_in_post":0,"other_logs":0,"out_stock_days":1231,"lost_sales":0,"has_location":false,"update_date":"2026-04-17T00:13:50","atum_locations":[],"atum_stock_status":"outofstock","restock_status":false,"low_stock_amount":"","sales_update_date":"2026-04-17T00:13:50","calc_backorders":null,"jetpack_sharing_enabled":true,"jetpack_likes_enabled":true,"brands":[{"id":2078,"name":"Lucifer \u010dokolada","slug":"lucifer-cokolada"}],"_links":{"self":[{"href":"https:\/\/sprememba.si\/SiSQ-Spirits\/wp-json\/wp\/v2\/product\/14669","targetHints":{"allow":["GET"]}}],"collection":[{"href":"https:\/\/sprememba.si\/SiSQ-Spirits\/wp-json\/wp\/v2\/product"}],"about":[{"href":"https:\/\/sprememba.si\/SiSQ-Spirits\/wp-json\/wp\/v2\/types\/product"}],"wp:featuredmedia":[{"embeddable":true,"href":"https:\/\/sprememba.si\/SiSQ-Spirits\/wp-json\/wp\/v2\/media\/14670"}],"wp:attachment":[{"href":"https:\/\/sprememba.si\/SiSQ-Spirits\/wp-json\/wp\/v2\/media?parent=14669"}],"wp:term":[{"taxonomy":"pwb-brand","embeddable":true,"href":"https:\/\/sprememba.si\/SiSQ-Spirits\/wp-json\/wp\/v2\/pwb-brand?post=14669"},{"taxonomy":"product_brand","embeddable":true,"href":"https:\/\/sprememba.si\/SiSQ-Spirits\/wp-json\/wp\/v2\/product_brand?post=14669"},{"taxonomy":"product_cat","embeddable":true,"href":"https:\/\/sprememba.si\/SiSQ-Spirits\/wp-json\/wp\/v2\/product_cat?post=14669"},{"taxonomy":"product_tag","embeddable":true,"href":"https:\/\/sprememba.si\/SiSQ-Spirits\/wp-json\/wp\/v2\/product_tag?post=14669"}],"curies":[{"name":"wp","href":"https:\/\/api.w.org\/{rel}","templated":true}]}}