{"id":14671,"date":"2020-11-06T09:39:44","date_gmt":"2020-11-06T08:39:44","guid":{"rendered":"https:\/\/sprememba.si\/SiSQ-Spirits\/?post_type=product&#038;p=14671"},"modified":"2023-05-25T12:40:26","modified_gmt":"2023-05-25T10:40:26","slug":"lucifer-cokoladno-pismo-hvala","status":"publish","type":"product","link":"https:\/\/sprememba.si\/SiSQ-Spirits\/trgovina\/lucifer-cokoladno-pismo-hvala\/","title":{"rendered":"Lucifer \u010dokoladno pismo HVALA"},"content":{"rendered":"<p>\u010cokoladno pismo Hvala je ve\u010d kot u\u017eitek, saj je zaradi elegantne in dodelane embala\u017ee lepa pozornost v zahvalo za vsakogar.<\/p>\n<p>Se \u017eelite na najlep\u0161i na\u010din iskreno zahvaliti izbrani osebi za pomo\u010d in podporo? Ali pa preprosto podariti zahvalo nekomu, ki ga imate radi in z njim delite trenutke \u017eivljenja? Podarite \u010dokoladno pismo Hvala, saj z njim ne boste le povedali, temve\u010d tudi pokazali, koliko vam oseba pomeni.<\/p>\n<p>Pri izdelavi \u010dokoladnih tablic ne uporabljajo umetnih barvil, umetnih arom in konzervansov. Vsako tablico izdelajo ro\u010dno.<\/p>\n","protected":false},"excerpt":{"rendered":"<p>Naj spregovori \u010dokolada! Ko se \u017eelite zahvaliti na prav poseben na\u010din, izberite \u010dokoladno pismo HVALA iz fine temne \u010dokolade, ki bo zagotovo poskrbela za sladke nasmehe.<\/p>\n<p>\u010cokoladno pismo iz temne \u010dokolade 60%<\/p>\n<p><span style=\"color: #ff0000;\">V darilnih paketih \u0161e dodaten popust na \u010dokolado!<\/span><\/p>\n","protected":false},"featured_media":14673,"template":"","meta":{"_price":"3.80","_stock":"0","_tribe_ticket_header":"","_tribe_default_ticket_provider":"","_tribe_ticket_capacity":"4","_ticket_start_date":"","_ticket_end_date":"","_tribe_ticket_show_description":"","_tribe_ticket_show_not_going":false,"_tribe_ticket_use_global_stock":"","_tribe_ticket_global_stock_level":"","_global_stock_mode":"","_global_stock_cap":"","_tribe_rsvp_for_event":"","_tribe_ticket_going_count":"","_tribe_ticket_not_going_count":"","_tribe_tickets_list":"[]","_tribe_ticket_has_attendee_info_fields":false,"jetpack_post_was_ever_published":false,"_tec_slr_enabled":"","_tec_slr_layout":""},"pwb-brand":[2078],"product_brand":[],"product_cat":[2076,372],"product_tag":[2080],"class_list":{"0":"post-14671","1":"product","2":"type-product","3":"status-publish","4":"has-post-thumbnail","6":"pwb-brand-lucifer-cokolada","7":"product_cat-sladke-razvade","8":"product_cat-drugo","9":"product_tag-lucifer","11":"first","12":"outofstock","13":"shipping-taxable","14":"purchasable","15":"product-type-simple"},"supplier_id":null,"supplier_sku":"","atum_controlled":true,"out_stock_date":"2023-05-25 10:40:26","out_stock_threshold":null,"inheritable":false,"inbound_stock":0,"stock_on_hold":0,"sold_today":0,"sales_last_days":0,"reserved_stock":0,"customer_returns":0,"warehouse_damage":0,"lost_in_post":0,"other_logs":0,"out_stock_days":1059,"lost_sales":0,"has_location":false,"update_date":"2026-04-19T00:19:18","atum_locations":[],"atum_stock_status":"outofstock","restock_status":false,"low_stock_amount":0,"sales_update_date":"2026-04-19T00:19:18","calc_backorders":null,"jetpack_sharing_enabled":true,"jetpack_likes_enabled":true,"brands":[{"id":2078,"name":"Lucifer \u010dokolada","slug":"lucifer-cokolada"}],"_links":{"self":[{"href":"https:\/\/sprememba.si\/SiSQ-Spirits\/wp-json\/wp\/v2\/product\/14671","targetHints":{"allow":["GET"]}}],"collection":[{"href":"https:\/\/sprememba.si\/SiSQ-Spirits\/wp-json\/wp\/v2\/product"}],"about":[{"href":"https:\/\/sprememba.si\/SiSQ-Spirits\/wp-json\/wp\/v2\/types\/product"}],"wp:featuredmedia":[{"embeddable":true,"href":"https:\/\/sprememba.si\/SiSQ-Spirits\/wp-json\/wp\/v2\/media\/14673"}],"wp:attachment":[{"href":"https:\/\/sprememba.si\/SiSQ-Spirits\/wp-json\/wp\/v2\/media?parent=14671"}],"wp:term":[{"taxonomy":"pwb-brand","embeddable":true,"href":"https:\/\/sprememba.si\/SiSQ-Spirits\/wp-json\/wp\/v2\/pwb-brand?post=14671"},{"taxonomy":"product_brand","embeddable":true,"href":"https:\/\/sprememba.si\/SiSQ-Spirits\/wp-json\/wp\/v2\/product_brand?post=14671"},{"taxonomy":"product_cat","embeddable":true,"href":"https:\/\/sprememba.si\/SiSQ-Spirits\/wp-json\/wp\/v2\/product_cat?post=14671"},{"taxonomy":"product_tag","embeddable":true,"href":"https:\/\/sprememba.si\/SiSQ-Spirits\/wp-json\/wp\/v2\/product_tag?post=14671"}],"curies":[{"name":"wp","href":"https:\/\/api.w.org\/{rel}","templated":true}]}}