{"id":14672,"date":"2020-11-06T09:57:51","date_gmt":"2020-11-06T08:57:51","guid":{"rendered":"https:\/\/sprememba.si\/SiSQ-Spirits\/?post_type=product&#038;p=14672"},"modified":"2021-04-08T08:52:41","modified_gmt":"2021-04-08T06:52:41","slug":"lucifer-think-pink-ruby-cokolada-s-pistacijami","status":"publish","type":"product","link":"https:\/\/sprememba.si\/SiSQ-Spirits\/trgovina\/lucifer-think-pink-ruby-cokolada-s-pistacijami\/","title":{"rendered":"Lucifer THINK PINK ruby \u010dokolada s pistacijami"},"content":{"rendered":"<p>Lucifer THINK PINK je ruby \u010dokolada obogatena s slastnimi ko\u0161\u010dki pistacij, ki \u0161e poudarijo njeno neverjetno aromo.<\/p>\n<p>Ruby \u010dokolada je nova, \u010detrta vrsta \u010dokolade. Mati narava vas bo tokrat presenetila s povsem novim, sve\u017eim okusom po jagodi\u010devju in ne\u017eno ro\u017enato barvo.<\/p>\n<p>\u017de poznate novo vrsto \u010dokolade ruby? Poskusite, ne bo vas razo\u010darala. Ruby \u010dokolada pobo\u017ea s svojo gladko kremasto teksturo in \u010dudovito naravno aromo po jagodi\u010devju. Ljubitelji hrustljavih trenutkov pa boste na svoj ra\u010dun pri\u0161li s ko\u0161\u010dki okusnih pistacij.<\/p>\n<p>V \u010dokoladi Think Pink ni dodanih nobenih dodatnih barvil ali sadnih arom, saj se barva in prepoznaven okus rodita s posebnim postopkom predelave rubinastih kakavovih zrn z naravnim ro\u017enatim pigmentom in aromo jagodi\u010devja. Prav tako Lucifer \u010dokolade ne vsebujejo konzervansov in drugih umetnih dodatkov. Ro\u010dna izdelava.<\/p>\n","protected":false},"excerpt":{"rendered":"<p>Privo\u0161\u010dite si ro\u017enato presene\u010denje narave! Ruby \u010dokolada bo v kombinaciji s slastnimi pistacijami ne\u017eno pobo\u017eala va\u0161e brbon\u010dice s svojo zna\u010dilno sve\u017eo aromo, z bogato darilno embala\u017eo pa zapeljala tudi kot izvirno \u010dokoladno darilo<\/p>\n<p><span style=\"color: #ff0000;\">DO KONCA NOVEMBRA PROMO CENA &#8211; 5%<\/span><\/p>\n","protected":false},"featured_media":14674,"template":"","meta":{"_price":"3.96","_stock":"0","_tribe_ticket_header":"","_tribe_default_ticket_provider":"","_tribe_ticket_capacity":"0","_ticket_start_date":"","_ticket_end_date":"","_tribe_ticket_show_description":"","_tribe_ticket_show_not_going":false,"_tribe_ticket_use_global_stock":"","_tribe_ticket_global_stock_level":"","_global_stock_mode":"","_global_stock_cap":"","_tribe_rsvp_for_event":"","_tribe_ticket_going_count":"","_tribe_ticket_not_going_count":"","_tribe_tickets_list":"[]","_tribe_ticket_has_attendee_info_fields":false,"jetpack_post_was_ever_published":false,"_tec_slr_enabled":"","_tec_slr_layout":""},"pwb-brand":[2078],"product_brand":[],"product_cat":[2076,372],"product_tag":[2080],"class_list":{"0":"post-14672","1":"product","2":"type-product","3":"status-publish","4":"has-post-thumbnail","6":"pwb-brand-lucifer-cokolada","7":"product_cat-sladke-razvade","8":"product_cat-drugo","9":"product_tag-lucifer","11":"first","12":"outofstock","13":"sale","14":"shipping-taxable","15":"purchasable","16":"product-type-simple"},"supplier_id":null,"supplier_sku":"","atum_controlled":true,"out_stock_date":"2021-04-08 06:52:41","out_stock_threshold":null,"inheritable":false,"inbound_stock":0,"stock_on_hold":0,"sold_today":0,"sales_last_days":0,"reserved_stock":0,"customer_returns":0,"warehouse_damage":0,"lost_in_post":0,"other_logs":0,"out_stock_days":1833,"lost_sales":0,"has_location":false,"update_date":"2026-04-16T00:12:36","atum_locations":[],"atum_stock_status":"outofstock","restock_status":false,"low_stock_amount":1,"sales_update_date":"2026-04-16T00:12:36","calc_backorders":null,"jetpack_sharing_enabled":true,"jetpack_likes_enabled":true,"brands":[{"id":2078,"name":"Lucifer \u010dokolada","slug":"lucifer-cokolada"}],"_links":{"self":[{"href":"https:\/\/sprememba.si\/SiSQ-Spirits\/wp-json\/wp\/v2\/product\/14672","targetHints":{"allow":["GET"]}}],"collection":[{"href":"https:\/\/sprememba.si\/SiSQ-Spirits\/wp-json\/wp\/v2\/product"}],"about":[{"href":"https:\/\/sprememba.si\/SiSQ-Spirits\/wp-json\/wp\/v2\/types\/product"}],"wp:featuredmedia":[{"embeddable":true,"href":"https:\/\/sprememba.si\/SiSQ-Spirits\/wp-json\/wp\/v2\/media\/14674"}],"wp:attachment":[{"href":"https:\/\/sprememba.si\/SiSQ-Spirits\/wp-json\/wp\/v2\/media?parent=14672"}],"wp:term":[{"taxonomy":"pwb-brand","embeddable":true,"href":"https:\/\/sprememba.si\/SiSQ-Spirits\/wp-json\/wp\/v2\/pwb-brand?post=14672"},{"taxonomy":"product_brand","embeddable":true,"href":"https:\/\/sprememba.si\/SiSQ-Spirits\/wp-json\/wp\/v2\/product_brand?post=14672"},{"taxonomy":"product_cat","embeddable":true,"href":"https:\/\/sprememba.si\/SiSQ-Spirits\/wp-json\/wp\/v2\/product_cat?post=14672"},{"taxonomy":"product_tag","embeddable":true,"href":"https:\/\/sprememba.si\/SiSQ-Spirits\/wp-json\/wp\/v2\/product_tag?post=14672"}],"curies":[{"name":"wp","href":"https:\/\/api.w.org\/{rel}","templated":true}]}}