{"id":14675,"date":"2020-11-06T10:07:20","date_gmt":"2020-11-06T09:07:20","guid":{"rendered":"https:\/\/sprememba.si\/SiSQ-Spirits\/?post_type=product&#038;p=14675"},"modified":"2020-12-01T08:44:05","modified_gmt":"2020-12-01T07:44:05","slug":"lucifer-cokoladno-pismo-vse-najboljse","status":"publish","type":"product","link":"https:\/\/sprememba.si\/SiSQ-Spirits\/trgovina\/lucifer-cokoladno-pismo-vse-najboljse\/","title":{"rendered":"Lucifer \u010dokoladno pismo VSE NAJBOLJ\u0160E"},"content":{"rendered":"<p>I\u0161\u010dete za rojstni dan prisr\u010dno darilo, s katerim boste polep\u0161ali osebni praznik sladkosnedi osebi?<\/p>\n<p>Pravkar ste ga na\u0161li, saj bo \u010dokoladno pismo Vse najbolj\u0161e uresni\u010dilo vse sladkosnede \u017eelje, hkrati pa obdarilo z lepimi, iskrenimi \u017eeljami.<\/p>\n<p>\u010cokoladno pismo Vse najbolj\u0161e je nepogre\u0161ljivo rojstnodnevno darilo, s katerim boste \u017eeleno osebo presenetili s kremnim okusom mle\u010dne \u010dokolade z 38-odstotnim dele\u017eem kakava, ne\u017eno teksturo in prefinjeno \u010dokoladno aromo.<\/p>\n<p>Prednost \u010dokoladnih pisem Lucifer je v vrhunskih sestavinah in ro\u010dni izdelavi, saj \u017eelijo zagotoviti le najbolj\u0161e \u010dokoladne izdelke. \u010cokoladna tablica iz mle\u010dne \u010dokolade je izdelana iz naravnih sestavin, brez umetnih dodatkov in konzervansov. Ro\u010dna izdelava<\/p>\n","protected":false},"excerpt":{"rendered":"<p>Nari\u0161ite sladek nasmeh za rojstni dan\u00a0\u2013 podarite \u010dokoladno pismo VSE NAJBOLJ\u0160E iz kremne mle\u010dne \u010dokolade, ki bo razveselila velike in male sladkosnede.<\/p>\n<p>\u010cokoladna tablica iz 38% mle\u010dne \u010dokolade.<\/p>\n<p><span style=\"color: #ff0000;\">DO KONCA NOVEMBRA PROMO CENA &#8211; 5%<\/span><\/p>\n","protected":false},"featured_media":14676,"template":"","meta":{"_uag_custom_page_level_css":"","_price":"3.61","_stock":"0","_tribe_ticket_header":"","_tribe_default_ticket_provider":"","_tribe_ticket_capacity":"1","_ticket_start_date":"","_ticket_end_date":"","_tribe_ticket_show_description":"","_tribe_ticket_show_not_going":false,"_tribe_ticket_use_global_stock":"","_tribe_ticket_global_stock_level":"","_global_stock_mode":"","_global_stock_cap":"","_tribe_rsvp_for_event":"","_tribe_ticket_going_count":"","_tribe_ticket_not_going_count":"","_tribe_tickets_list":"[]","_tribe_ticket_has_attendee_info_fields":false,"jetpack_post_was_ever_published":false,"_tec_slr_enabled":"","_tec_slr_layout":""},"pwb-brand":[2078],"product_brand":[],"product_cat":[2076,372],"product_tag":[2080],"class_list":{"0":"post-14675","1":"product","2":"type-product","3":"status-publish","4":"has-post-thumbnail","6":"pwb-brand-lucifer-cokolada","7":"product_cat-sladke-razvade","8":"product_cat-drugo","9":"product_tag-lucifer","11":"first","12":"outofstock","13":"sale","14":"shipping-taxable","15":"purchasable","16":"product-type-simple"},"supplier_id":null,"supplier_sku":"","atum_controlled":true,"out_stock_date":null,"out_stock_threshold":null,"inheritable":false,"inbound_stock":0,"stock_on_hold":0,"sold_today":0,"sales_last_days":0,"reserved_stock":0,"customer_returns":0,"warehouse_damage":0,"lost_in_post":0,"other_logs":0,"out_stock_days":0,"lost_sales":0,"has_location":false,"update_date":"2026-05-07T01:57:09","atum_locations":[],"atum_stock_status":"outofstock","restock_status":false,"low_stock_amount":1,"sales_update_date":"2026-05-07T01:57:09","calc_backorders":null,"uagb_featured_image_src":{"full":["https:\/\/i0.wp.com\/sprememba.si\/SiSQ-Spirits\/wp-content\/uploads\/2020\/11\/mlecna_cokolada_cokoladne_tablice_vse_najboljse_cokoladna_darila_lucifer_chocolate.jpg?fit=800%2C800&ssl=1",800,800,false],"thumbnail":["https:\/\/i0.wp.com\/sprememba.si\/SiSQ-Spirits\/wp-content\/uploads\/2020\/11\/mlecna_cokolada_cokoladne_tablice_vse_najboljse_cokoladna_darila_lucifer_chocolate.jpg?resize=150%2C150&ssl=1",150,150,true],"medium":["https:\/\/i0.wp.com\/sprememba.si\/SiSQ-Spirits\/wp-content\/uploads\/2020\/11\/mlecna_cokolada_cokoladne_tablice_vse_najboljse_cokoladna_darila_lucifer_chocolate.jpg?fit=300%2C300&ssl=1",300,300,true],"medium_large":["https:\/\/i0.wp.com\/sprememba.si\/SiSQ-Spirits\/wp-content\/uploads\/2020\/11\/mlecna_cokolada_cokoladne_tablice_vse_najboljse_cokoladna_darila_lucifer_chocolate.jpg?fit=768%2C768&ssl=1",768,768,true],"large":["https:\/\/i0.wp.com\/sprememba.si\/SiSQ-Spirits\/wp-content\/uploads\/2020\/11\/mlecna_cokolada_cokoladne_tablice_vse_najboljse_cokoladna_darila_lucifer_chocolate.jpg?fit=800%2C800&ssl=1",800,800,true],"1536x1536":["https:\/\/i0.wp.com\/sprememba.si\/SiSQ-Spirits\/wp-content\/uploads\/2020\/11\/mlecna_cokolada_cokoladne_tablice_vse_najboljse_cokoladna_darila_lucifer_chocolate.jpg?fit=800%2C800&ssl=1",800,800,true],"2048x2048":["https:\/\/i0.wp.com\/sprememba.si\/SiSQ-Spirits\/wp-content\/uploads\/2020\/11\/mlecna_cokolada_cokoladne_tablice_vse_najboljse_cokoladna_darila_lucifer_chocolate.jpg?fit=800%2C800&ssl=1",800,800,true],"woocommerce_thumbnail":["https:\/\/i0.wp.com\/sprememba.si\/SiSQ-Spirits\/wp-content\/uploads\/2020\/11\/mlecna_cokolada_cokoladne_tablice_vse_najboljse_cokoladna_darila_lucifer_chocolate.jpg?resize=324%2C324&ssl=1",324,324,true],"woocommerce_single":["https:\/\/i0.wp.com\/sprememba.si\/SiSQ-Spirits\/wp-content\/uploads\/2020\/11\/mlecna_cokolada_cokoladne_tablice_vse_najboljse_cokoladna_darila_lucifer_chocolate.jpg?fit=416%2C416&ssl=1",416,416,true],"woocommerce_gallery_thumbnail":["https:\/\/i0.wp.com\/sprememba.si\/SiSQ-Spirits\/wp-content\/uploads\/2020\/11\/mlecna_cokolada_cokoladne_tablice_vse_najboljse_cokoladna_darila_lucifer_chocolate.jpg?resize=100%2C100&ssl=1",100,100,true],"variation_swatches_image_size":["https:\/\/i0.wp.com\/sprememba.si\/SiSQ-Spirits\/wp-content\/uploads\/2020\/11\/mlecna_cokolada_cokoladne_tablice_vse_najboljse_cokoladna_darila_lucifer_chocolate.jpg?resize=50%2C50&ssl=1",50,50,true],"variation_swatches_tooltip_size":["https:\/\/i0.wp.com\/sprememba.si\/SiSQ-Spirits\/wp-content\/uploads\/2020\/11\/mlecna_cokolada_cokoladne_tablice_vse_najboljse_cokoladna_darila_lucifer_chocolate.jpg?resize=100%2C100&ssl=1",100,100,true]},"uagb_author_info":{"display_name":"SiSQSpirits","author_link":"https:\/\/sprememba.si\/SiSQ-Spirits\/author\/"},"uagb_comment_info":0,"uagb_excerpt":"Nari\u0161ite sladek nasmeh za rojstni dan\u00a0\u2013 podarite \u010dokoladno pismo VSE NAJBOLJ\u0160E iz kremne mle\u010dne \u010dokolade, ki bo razveselila velike in male sladkosnede. \u010cokoladna tablica iz 38% mle\u010dne \u010dokolade. DO KONCA NOVEMBRA PROMO CENA - 5%","jetpack_sharing_enabled":true,"jetpack_likes_enabled":true,"brands":[{"id":2078,"name":"Lucifer \u010dokolada","slug":"lucifer-cokolada"}],"_links":{"self":[{"href":"https:\/\/sprememba.si\/SiSQ-Spirits\/wp-json\/wp\/v2\/product\/14675","targetHints":{"allow":["GET"]}}],"collection":[{"href":"https:\/\/sprememba.si\/SiSQ-Spirits\/wp-json\/wp\/v2\/product"}],"about":[{"href":"https:\/\/sprememba.si\/SiSQ-Spirits\/wp-json\/wp\/v2\/types\/product"}],"wp:featuredmedia":[{"embeddable":true,"href":"https:\/\/sprememba.si\/SiSQ-Spirits\/wp-json\/wp\/v2\/media\/14676"}],"wp:attachment":[{"href":"https:\/\/sprememba.si\/SiSQ-Spirits\/wp-json\/wp\/v2\/media?parent=14675"}],"wp:term":[{"taxonomy":"pwb-brand","embeddable":true,"href":"https:\/\/sprememba.si\/SiSQ-Spirits\/wp-json\/wp\/v2\/pwb-brand?post=14675"},{"taxonomy":"product_brand","embeddable":true,"href":"https:\/\/sprememba.si\/SiSQ-Spirits\/wp-json\/wp\/v2\/product_brand?post=14675"},{"taxonomy":"product_cat","embeddable":true,"href":"https:\/\/sprememba.si\/SiSQ-Spirits\/wp-json\/wp\/v2\/product_cat?post=14675"},{"taxonomy":"product_tag","embeddable":true,"href":"https:\/\/sprememba.si\/SiSQ-Spirits\/wp-json\/wp\/v2\/product_tag?post=14675"}],"curies":[{"name":"wp","href":"https:\/\/api.w.org\/{rel}","templated":true}]}}