{"id":14678,"date":"2020-11-06T10:30:12","date_gmt":"2020-11-06T09:30:12","guid":{"rendered":"https:\/\/sprememba.si\/SiSQ-Spirits\/?post_type=product&#038;p=14678"},"modified":"2021-08-08T20:21:58","modified_gmt":"2021-08-08T18:21:58","slug":"lucifer-honey-bunny-mlecna-cokolada-z-medom-mandlji-soljo","status":"publish","type":"product","link":"https:\/\/sprememba.si\/SiSQ-Spirits\/trgovina\/lucifer-honey-bunny-mlecna-cokolada-z-medom-mandlji-soljo\/","title":{"rendered":"Lucifer HONEY BUNNY mle\u010dna \u010dokolada z medom, mandlji, soljo"},"content":{"rendered":"<p>Poskrbite za svoje medene po\u010ditnice kadarkoli in kjerkoli \u2013 mle\u010dna \u010dokolada z medom Honey Bunny vas bo o\u010darala s sladko-slano kombinacijo nepozabnega \u010dokoladnega u\u017eitka.<\/p>\n<p>Mle\u010dna \u010dokolada z medom Honey Bunny vas razvaja s \u010dudovito osnovo iz mle\u010dne \u010dokolade z 38-odstotnim dele\u017eem kakava. Za vas smo jo popar\u010dkali z izvrstnimi medenimi hrustljav\u010dki, slastnimi karameliziranimi mandlji in kristali soli, ki bodo prebudili va\u0161e najbolj romanti\u010dne \u010dute.<\/p>\n<p>Ob\u010dutite polnost okusa, ki izhaja iz najbolj\u0161ih naravnih sestavin, brez umetnih barvil, umetnih okusov in konzervansov. Za piko na i vse \u010dokoladne tablice Honey Bunny izdelane ro\u010dno, z ob\u010dutkom in ljubeznijo do \u010dokolade.<\/p>\n<p>&nbsp;<\/p>\n<p>Vrhunska kombinacija okusov razvaja tudi z elegantno darilno embala\u017eo, ki delno razkriva skrivnost \u010dokoladnega u\u017eitka, ki se skriva v njej. Zato je \u010dokoladna tablica tudi lepo \u010dokoladno darilo, s katerim lahko razveselite najbli\u017eje, prijatelje in poslovne partnerje.<\/p>\n<p>Naj razveseli tudi vas in uresni\u010di va\u0161e najslaj\u0161e \u017eelje.<\/p>\n","protected":false},"excerpt":{"rendered":"<p>Fina ro\u010dno in v Sloveniji izdelana \u010dokoladna tablica iz mle\u010dne \u010dokolade (38%), obogatena z medenimi hrustljav\u010dki, karameliziranimi mandlji in soljo, v bogati darilni embala\u017ei<\/p>\n<p><span style=\"color: #ff0000;\">V darilnih paketih \u0161e dodaten popust na \u010dokolado!<\/span><\/p>\n","protected":false},"featured_media":14680,"template":"","meta":{"_price":"3.78","_stock":"0","_tribe_ticket_header":"","_tribe_default_ticket_provider":"","_tribe_ticket_capacity":"0","_ticket_start_date":"","_ticket_end_date":"","_tribe_ticket_show_description":"","_tribe_ticket_show_not_going":false,"_tribe_ticket_use_global_stock":"","_tribe_ticket_global_stock_level":"","_global_stock_mode":"","_global_stock_cap":"","_tribe_rsvp_for_event":"","_tribe_ticket_going_count":"","_tribe_ticket_not_going_count":"","_tribe_tickets_list":"[]","_tribe_ticket_has_attendee_info_fields":false,"jetpack_post_was_ever_published":false,"_tec_slr_enabled":"","_tec_slr_layout":""},"pwb-brand":[2078],"product_brand":[],"product_cat":[2076,372],"product_tag":[2080],"class_list":{"0":"post-14678","1":"product","2":"type-product","3":"status-publish","4":"has-post-thumbnail","6":"pwb-brand-lucifer-cokolada","7":"product_cat-sladke-razvade","8":"product_cat-drugo","9":"product_tag-lucifer","11":"first","12":"outofstock","13":"sale","14":"shipping-taxable","15":"purchasable","16":"product-type-simple"},"supplier_id":null,"supplier_sku":"","atum_controlled":true,"out_stock_date":"2021-08-08 18:21:58","out_stock_threshold":null,"inheritable":false,"inbound_stock":0,"stock_on_hold":0,"sold_today":0,"sales_last_days":0,"reserved_stock":0,"customer_returns":0,"warehouse_damage":0,"lost_in_post":0,"other_logs":0,"out_stock_days":1711,"lost_sales":0,"has_location":false,"update_date":"2026-04-16T00:12:32","atum_locations":[],"atum_stock_status":"outofstock","restock_status":false,"low_stock_amount":"","sales_update_date":"2026-04-16T00:12:32","calc_backorders":null,"jetpack_sharing_enabled":true,"jetpack_likes_enabled":true,"brands":[{"id":2078,"name":"Lucifer \u010dokolada","slug":"lucifer-cokolada"}],"_links":{"self":[{"href":"https:\/\/sprememba.si\/SiSQ-Spirits\/wp-json\/wp\/v2\/product\/14678","targetHints":{"allow":["GET"]}}],"collection":[{"href":"https:\/\/sprememba.si\/SiSQ-Spirits\/wp-json\/wp\/v2\/product"}],"about":[{"href":"https:\/\/sprememba.si\/SiSQ-Spirits\/wp-json\/wp\/v2\/types\/product"}],"wp:featuredmedia":[{"embeddable":true,"href":"https:\/\/sprememba.si\/SiSQ-Spirits\/wp-json\/wp\/v2\/media\/14680"}],"wp:attachment":[{"href":"https:\/\/sprememba.si\/SiSQ-Spirits\/wp-json\/wp\/v2\/media?parent=14678"}],"wp:term":[{"taxonomy":"pwb-brand","embeddable":true,"href":"https:\/\/sprememba.si\/SiSQ-Spirits\/wp-json\/wp\/v2\/pwb-brand?post=14678"},{"taxonomy":"product_brand","embeddable":true,"href":"https:\/\/sprememba.si\/SiSQ-Spirits\/wp-json\/wp\/v2\/product_brand?post=14678"},{"taxonomy":"product_cat","embeddable":true,"href":"https:\/\/sprememba.si\/SiSQ-Spirits\/wp-json\/wp\/v2\/product_cat?post=14678"},{"taxonomy":"product_tag","embeddable":true,"href":"https:\/\/sprememba.si\/SiSQ-Spirits\/wp-json\/wp\/v2\/product_tag?post=14678"}],"curies":[{"name":"wp","href":"https:\/\/api.w.org\/{rel}","templated":true}]}}