{"id":14681,"date":"2020-11-15T14:30:23","date_gmt":"2020-11-15T13:30:23","guid":{"rendered":"https:\/\/sprememba.si\/SiSQ-Spirits\/?post_type=product&#038;p=14681"},"modified":"2025-06-09T14:08:36","modified_gmt":"2025-06-09T12:08:36","slug":"lucifer-red-hot-chilli-peppers-temna-cokolada","status":"publish","type":"product","link":"https:\/\/sprememba.si\/SiSQ-Spirits\/trgovina\/lucifer-red-hot-chilli-peppers-temna-cokolada\/","title":{"rendered":"Lucifer RED HOT CHILLI PEPPERS temna \u010dokolada"},"content":{"rendered":"<p>Lucifer Red Hot Chilli Peppers temna \u010dokolada s \u010dilijem in kakavovimi zrni je \u010dokoladna kraljica src vseh ljubiteljev peko\u010dih in intenzivnih okusov. Prepri\u010dala vas bo s pikantnim karakterjem in ostrimi potezami, brez pomisleka.<\/p>\n<p>Navdu\u0161ila vas bo s fino temno \u010dokolado s 70-odstotnim dele\u017eem kakava ter vro\u010dim posipom iz izbranih ko\u0161\u010dkov \u010dilija in bo\u017eanskih kakavovih zrn.<\/p>\n<p>Kombinacija vro\u010dih okusov pa ni edino presene\u010denje, saj vam vsaka Lucifer \u010dokolada ponuja pravo \u010dokoladno do\u017eivetje.<\/p>\n<p>Z izbiro temne \u010dokolade Red Hot Chili Peppers v \u010dudoviti darilni embala\u017ei, v katero lahko pokukate sami in odkrijete vro\u010de \u010dokoladne skrivnosti ali pa jo podarite kot vro\u010da \u010dokoladna darila ali sladka poslovna darila in z njimi naredite lep vtis na obdarovance \u2013 tako najbli\u017eje in prijatelje kot poslovne partnerje.<\/p>\n<p>Privo\u0161\u010dite si najbolj vro\u010do predstavnico Lucifer \u010dokolade!<\/p>\n","protected":false},"excerpt":{"rendered":"<p>NOVA EMBALA\u017dA!<\/p>\n<p>Temna \u010dokolada s \u010dilijem in kakavovimi zrni<\/p>\n<p>&nbsp;<\/p>\n","protected":false},"featured_media":14682,"template":"","meta":{"_uag_custom_page_level_css":"","_price":"3.78","_stock":"0","_tribe_ticket_header":"","_tribe_default_ticket_provider":"","_tribe_ticket_capacity":"8","_ticket_start_date":"","_ticket_end_date":"","_tribe_ticket_show_description":"","_tribe_ticket_show_not_going":false,"_tribe_ticket_use_global_stock":"","_tribe_ticket_global_stock_level":"","_global_stock_mode":"","_global_stock_cap":"","_tribe_rsvp_for_event":"","_tribe_ticket_going_count":"","_tribe_ticket_not_going_count":"","_tribe_tickets_list":"[]","_tribe_ticket_has_attendee_info_fields":false,"jetpack_post_was_ever_published":false,"_tec_slr_enabled":"","_tec_slr_layout":""},"pwb-brand":[2078],"product_brand":[],"product_cat":[2076,372],"product_tag":[2080],"class_list":{"0":"post-14681","1":"product","2":"type-product","3":"status-publish","4":"has-post-thumbnail","6":"pwb-brand-lucifer-cokolada","7":"product_cat-sladke-razvade","8":"product_cat-drugo","9":"product_tag-lucifer","11":"first","12":"outofstock","13":"sale","14":"shipping-taxable","15":"purchasable","16":"product-type-simple"},"supplier_id":null,"supplier_sku":"","atum_controlled":true,"out_stock_date":null,"out_stock_threshold":null,"inheritable":false,"inbound_stock":0,"stock_on_hold":0,"sold_today":0,"sales_last_days":0,"reserved_stock":0,"customer_returns":0,"warehouse_damage":0,"lost_in_post":0,"other_logs":0,"out_stock_days":0,"lost_sales":0,"has_location":false,"update_date":"2026-05-07T01:57:09","atum_locations":[],"atum_stock_status":"outofstock","restock_status":false,"low_stock_amount":1,"sales_update_date":"2026-05-07T01:57:09","calc_backorders":null,"uagb_featured_image_src":{"full":["https:\/\/i0.wp.com\/sprememba.si\/SiSQ-Spirits\/wp-content\/uploads\/2020\/11\/cokoladne_tablice_temna_cokolada_s_cilijem_in_kakavovimi_zrni_lucifer_chocolate_red_hot_chilli_peppers.jpg?fit=939%2C1000&ssl=1",939,1000,false],"thumbnail":["https:\/\/i0.wp.com\/sprememba.si\/SiSQ-Spirits\/wp-content\/uploads\/2020\/11\/cokoladne_tablice_temna_cokolada_s_cilijem_in_kakavovimi_zrni_lucifer_chocolate_red_hot_chilli_peppers.jpg?resize=150%2C150&ssl=1",150,150,true],"medium":["https:\/\/i0.wp.com\/sprememba.si\/SiSQ-Spirits\/wp-content\/uploads\/2020\/11\/cokoladne_tablice_temna_cokolada_s_cilijem_in_kakavovimi_zrni_lucifer_chocolate_red_hot_chilli_peppers.jpg?fit=282%2C300&ssl=1",282,300,true],"medium_large":["https:\/\/i0.wp.com\/sprememba.si\/SiSQ-Spirits\/wp-content\/uploads\/2020\/11\/cokoladne_tablice_temna_cokolada_s_cilijem_in_kakavovimi_zrni_lucifer_chocolate_red_hot_chilli_peppers.jpg?fit=768%2C818&ssl=1",768,818,true],"large":["https:\/\/i0.wp.com\/sprememba.si\/SiSQ-Spirits\/wp-content\/uploads\/2020\/11\/cokoladne_tablice_temna_cokolada_s_cilijem_in_kakavovimi_zrni_lucifer_chocolate_red_hot_chilli_peppers.jpg?fit=939%2C1000&ssl=1",939,1000,true],"1536x1536":["https:\/\/i0.wp.com\/sprememba.si\/SiSQ-Spirits\/wp-content\/uploads\/2020\/11\/cokoladne_tablice_temna_cokolada_s_cilijem_in_kakavovimi_zrni_lucifer_chocolate_red_hot_chilli_peppers.jpg?fit=939%2C1000&ssl=1",939,1000,true],"2048x2048":["https:\/\/i0.wp.com\/sprememba.si\/SiSQ-Spirits\/wp-content\/uploads\/2020\/11\/cokoladne_tablice_temna_cokolada_s_cilijem_in_kakavovimi_zrni_lucifer_chocolate_red_hot_chilli_peppers.jpg?fit=939%2C1000&ssl=1",939,1000,true],"woocommerce_thumbnail":["https:\/\/i0.wp.com\/sprememba.si\/SiSQ-Spirits\/wp-content\/uploads\/2020\/11\/cokoladne_tablice_temna_cokolada_s_cilijem_in_kakavovimi_zrni_lucifer_chocolate_red_hot_chilli_peppers.jpg?resize=324%2C324&ssl=1",324,324,true],"woocommerce_single":["https:\/\/i0.wp.com\/sprememba.si\/SiSQ-Spirits\/wp-content\/uploads\/2020\/11\/cokoladne_tablice_temna_cokolada_s_cilijem_in_kakavovimi_zrni_lucifer_chocolate_red_hot_chilli_peppers.jpg?fit=416%2C443&ssl=1",416,443,true],"woocommerce_gallery_thumbnail":["https:\/\/i0.wp.com\/sprememba.si\/SiSQ-Spirits\/wp-content\/uploads\/2020\/11\/cokoladne_tablice_temna_cokolada_s_cilijem_in_kakavovimi_zrni_lucifer_chocolate_red_hot_chilli_peppers.jpg?resize=100%2C100&ssl=1",100,100,true],"variation_swatches_image_size":["https:\/\/i0.wp.com\/sprememba.si\/SiSQ-Spirits\/wp-content\/uploads\/2020\/11\/cokoladne_tablice_temna_cokolada_s_cilijem_in_kakavovimi_zrni_lucifer_chocolate_red_hot_chilli_peppers.jpg?resize=50%2C50&ssl=1",50,50,true],"variation_swatches_tooltip_size":["https:\/\/i0.wp.com\/sprememba.si\/SiSQ-Spirits\/wp-content\/uploads\/2020\/11\/cokoladne_tablice_temna_cokolada_s_cilijem_in_kakavovimi_zrni_lucifer_chocolate_red_hot_chilli_peppers.jpg?resize=100%2C100&ssl=1",100,100,true]},"uagb_author_info":{"display_name":"SiSQSpirits","author_link":"https:\/\/sprememba.si\/SiSQ-Spirits\/author\/"},"uagb_comment_info":0,"uagb_excerpt":"NOVA EMBALA\u017dA! Temna \u010dokolada s \u010dilijem in kakavovimi zrni &nbsp;","jetpack_sharing_enabled":true,"jetpack_likes_enabled":true,"brands":[{"id":2078,"name":"Lucifer \u010dokolada","slug":"lucifer-cokolada"}],"_links":{"self":[{"href":"https:\/\/sprememba.si\/SiSQ-Spirits\/wp-json\/wp\/v2\/product\/14681","targetHints":{"allow":["GET"]}}],"collection":[{"href":"https:\/\/sprememba.si\/SiSQ-Spirits\/wp-json\/wp\/v2\/product"}],"about":[{"href":"https:\/\/sprememba.si\/SiSQ-Spirits\/wp-json\/wp\/v2\/types\/product"}],"wp:featuredmedia":[{"embeddable":true,"href":"https:\/\/sprememba.si\/SiSQ-Spirits\/wp-json\/wp\/v2\/media\/14682"}],"wp:attachment":[{"href":"https:\/\/sprememba.si\/SiSQ-Spirits\/wp-json\/wp\/v2\/media?parent=14681"}],"wp:term":[{"taxonomy":"pwb-brand","embeddable":true,"href":"https:\/\/sprememba.si\/SiSQ-Spirits\/wp-json\/wp\/v2\/pwb-brand?post=14681"},{"taxonomy":"product_brand","embeddable":true,"href":"https:\/\/sprememba.si\/SiSQ-Spirits\/wp-json\/wp\/v2\/product_brand?post=14681"},{"taxonomy":"product_cat","embeddable":true,"href":"https:\/\/sprememba.si\/SiSQ-Spirits\/wp-json\/wp\/v2\/product_cat?post=14681"},{"taxonomy":"product_tag","embeddable":true,"href":"https:\/\/sprememba.si\/SiSQ-Spirits\/wp-json\/wp\/v2\/product_tag?post=14681"}],"curies":[{"name":"wp","href":"https:\/\/api.w.org\/{rel}","templated":true}]}}