{"id":14686,"date":"2020-11-06T12:58:15","date_gmt":"2020-11-06T11:58:15","guid":{"rendered":"https:\/\/sprememba.si\/SiSQ-Spirits\/?post_type=product&#038;p=14686"},"modified":"2022-12-11T20:44:30","modified_gmt":"2022-12-11T19:44:30","slug":"lucifer-cokoladno-pismo-ujemi-svojo-sreco","status":"publish","type":"product","link":"https:\/\/sprememba.si\/SiSQ-Spirits\/trgovina\/lucifer-cokoladno-pismo-ujemi-svojo-sreco\/","title":{"rendered":"Lucifer \u010cokoladno pismo UJEMI SVOJO SRE\u010cO"},"content":{"rendered":"<p>Kdaj ste nazadnje lovili sre\u010do, zase ali za svoje bli\u017enje? Da se ne boste preve\u010d upehali, smo jo tokrat ulovili za vas in jo udoma\u010dili ter zapakirali v vrhunsko temno \u010dokolado, ki nosi \u0161aljiv naslov \u2013 \u010dokoladno pismo Ujemi svojo sre\u010do.<\/p>\n<p>Vsak ko\u0161\u010dek \u010dokolade, ki si ga lahkotno vr\u017eete v usta, nosi s sabo malo sre\u010de, ki jo boste ujeli na svoje brbon\u010dice. U\u017eivali boste v vrhunskem okusu temne \u010dokolade s 60-odstotnim dele\u017eem kakava, brez dodanih umetnih barvil, umetnih arom in konzervansov.<\/p>\n","protected":false},"excerpt":{"rendered":"<p>Za\u017eelite sre\u010do svojim najdra\u017ejim s slastnim \u010dokoladnim darilom\u00a0\u2013 izberite \u010dokoladno pismo UJEMI SVOJO SRE\u010cO iz fine temne \u010dokolade in z njo pri\u010darajte prave trenutke sre\u010de.<\/p>\n<p>\u010cokoladno pismo iz temne \u010dokolade 60%<\/p>\n<p><span style=\"color: #ff0000;\">V darilnih paketih \u0161e dodaten popust na \u010dokolado!<\/span><\/p>\n","protected":false},"featured_media":14687,"template":"","meta":{"_uag_custom_page_level_css":"","_price":"3.42","_stock":"0","_tribe_ticket_header":"","_tribe_default_ticket_provider":"","_tribe_ticket_capacity":"1","_ticket_start_date":"","_ticket_end_date":"","_tribe_ticket_show_description":"","_tribe_ticket_show_not_going":false,"_tribe_ticket_use_global_stock":"","_tribe_ticket_global_stock_level":"","_global_stock_mode":"","_global_stock_cap":"","_tribe_rsvp_for_event":"","_tribe_ticket_going_count":"","_tribe_ticket_not_going_count":"","_tribe_tickets_list":"[]","_tribe_ticket_has_attendee_info_fields":false,"_tec_slr_enabled":"","_tec_slr_layout":""},"pwb-brand":[2078],"product_brand":[],"product_cat":[2076,372],"product_tag":[2080],"class_list":{"0":"post-14686","1":"product","2":"type-product","3":"status-publish","4":"has-post-thumbnail","6":"pwb-brand-lucifer-cokolada","7":"product_cat-sladke-razvade","8":"product_cat-drugo","9":"product_tag-lucifer","11":"first","12":"outofstock","13":"sale","14":"shipping-taxable","15":"purchasable","16":"product-type-simple"},"supplier_id":null,"supplier_sku":"","atum_controlled":true,"out_stock_date":"2022-12-11 19:44:30","out_stock_threshold":null,"inheritable":false,"inbound_stock":0,"stock_on_hold":0,"sold_today":0,"sales_last_days":0,"reserved_stock":0,"customer_returns":0,"warehouse_damage":0,"lost_in_post":0,"other_logs":0,"out_stock_days":1248,"lost_sales":0,"has_location":false,"update_date":"2026-05-13T00:03:19","atum_locations":[],"atum_stock_status":"outofstock","restock_status":false,"low_stock_amount":1,"sales_update_date":"2026-05-13T00:03:19","calc_backorders":null,"uagb_featured_image_src":{"full":["https:\/\/i0.wp.com\/sprememba.si\/SiSQ-Spirits\/wp-content\/uploads\/2020\/11\/temna_cokolada_cokoladne_tablice_ujemi_svojo_sreco_cokoladna_darila_lucifer_chocolate.jpg?fit=800%2C800&ssl=1",800,800,false],"thumbnail":["https:\/\/i0.wp.com\/sprememba.si\/SiSQ-Spirits\/wp-content\/uploads\/2020\/11\/temna_cokolada_cokoladne_tablice_ujemi_svojo_sreco_cokoladna_darila_lucifer_chocolate.jpg?resize=150%2C150&ssl=1",150,150,true],"medium":["https:\/\/i0.wp.com\/sprememba.si\/SiSQ-Spirits\/wp-content\/uploads\/2020\/11\/temna_cokolada_cokoladne_tablice_ujemi_svojo_sreco_cokoladna_darila_lucifer_chocolate.jpg?fit=300%2C300&ssl=1",300,300,true],"medium_large":["https:\/\/i0.wp.com\/sprememba.si\/SiSQ-Spirits\/wp-content\/uploads\/2020\/11\/temna_cokolada_cokoladne_tablice_ujemi_svojo_sreco_cokoladna_darila_lucifer_chocolate.jpg?fit=768%2C768&ssl=1",768,768,true],"large":["https:\/\/i0.wp.com\/sprememba.si\/SiSQ-Spirits\/wp-content\/uploads\/2020\/11\/temna_cokolada_cokoladne_tablice_ujemi_svojo_sreco_cokoladna_darila_lucifer_chocolate.jpg?fit=800%2C800&ssl=1",800,800,true],"1536x1536":["https:\/\/i0.wp.com\/sprememba.si\/SiSQ-Spirits\/wp-content\/uploads\/2020\/11\/temna_cokolada_cokoladne_tablice_ujemi_svojo_sreco_cokoladna_darila_lucifer_chocolate.jpg?fit=800%2C800&ssl=1",800,800,true],"2048x2048":["https:\/\/i0.wp.com\/sprememba.si\/SiSQ-Spirits\/wp-content\/uploads\/2020\/11\/temna_cokolada_cokoladne_tablice_ujemi_svojo_sreco_cokoladna_darila_lucifer_chocolate.jpg?fit=800%2C800&ssl=1",800,800,true],"woocommerce_thumbnail":["https:\/\/i0.wp.com\/sprememba.si\/SiSQ-Spirits\/wp-content\/uploads\/2020\/11\/temna_cokolada_cokoladne_tablice_ujemi_svojo_sreco_cokoladna_darila_lucifer_chocolate.jpg?resize=324%2C324&ssl=1",324,324,true],"woocommerce_single":["https:\/\/i0.wp.com\/sprememba.si\/SiSQ-Spirits\/wp-content\/uploads\/2020\/11\/temna_cokolada_cokoladne_tablice_ujemi_svojo_sreco_cokoladna_darila_lucifer_chocolate.jpg?fit=416%2C416&ssl=1",416,416,true],"woocommerce_gallery_thumbnail":["https:\/\/i0.wp.com\/sprememba.si\/SiSQ-Spirits\/wp-content\/uploads\/2020\/11\/temna_cokolada_cokoladne_tablice_ujemi_svojo_sreco_cokoladna_darila_lucifer_chocolate.jpg?resize=100%2C100&ssl=1",100,100,true],"variation_swatches_image_size":["https:\/\/i0.wp.com\/sprememba.si\/SiSQ-Spirits\/wp-content\/uploads\/2020\/11\/temna_cokolada_cokoladne_tablice_ujemi_svojo_sreco_cokoladna_darila_lucifer_chocolate.jpg?resize=50%2C50&ssl=1",50,50,true],"variation_swatches_tooltip_size":["https:\/\/i0.wp.com\/sprememba.si\/SiSQ-Spirits\/wp-content\/uploads\/2020\/11\/temna_cokolada_cokoladne_tablice_ujemi_svojo_sreco_cokoladna_darila_lucifer_chocolate.jpg?resize=100%2C100&ssl=1",100,100,true]},"uagb_author_info":{"display_name":"SiSQSpirits","author_link":"https:\/\/sprememba.si\/SiSQ-Spirits\/author\/"},"uagb_comment_info":0,"uagb_excerpt":"Za\u017eelite sre\u010do svojim najdra\u017ejim s slastnim \u010dokoladnim darilom\u00a0\u2013 izberite \u010dokoladno pismo UJEMI SVOJO SRE\u010cO iz fine temne \u010dokolade in z njo pri\u010darajte prave trenutke sre\u010de. \u010cokoladno pismo iz temne \u010dokolade 60% V darilnih paketih \u0161e dodaten popust na \u010dokolado!","jetpack_sharing_enabled":true,"jetpack_likes_enabled":true,"brands":[{"id":2078,"name":"Lucifer \u010dokolada","slug":"lucifer-cokolada"}],"_links":{"self":[{"href":"https:\/\/sprememba.si\/SiSQ-Spirits\/wp-json\/wp\/v2\/product\/14686","targetHints":{"allow":["GET"]}}],"collection":[{"href":"https:\/\/sprememba.si\/SiSQ-Spirits\/wp-json\/wp\/v2\/product"}],"about":[{"href":"https:\/\/sprememba.si\/SiSQ-Spirits\/wp-json\/wp\/v2\/types\/product"}],"wp:featuredmedia":[{"embeddable":true,"href":"https:\/\/sprememba.si\/SiSQ-Spirits\/wp-json\/wp\/v2\/media\/14687"}],"wp:attachment":[{"href":"https:\/\/sprememba.si\/SiSQ-Spirits\/wp-json\/wp\/v2\/media?parent=14686"}],"wp:term":[{"taxonomy":"pwb-brand","embeddable":true,"href":"https:\/\/sprememba.si\/SiSQ-Spirits\/wp-json\/wp\/v2\/pwb-brand?post=14686"},{"taxonomy":"product_brand","embeddable":true,"href":"https:\/\/sprememba.si\/SiSQ-Spirits\/wp-json\/wp\/v2\/product_brand?post=14686"},{"taxonomy":"product_cat","embeddable":true,"href":"https:\/\/sprememba.si\/SiSQ-Spirits\/wp-json\/wp\/v2\/product_cat?post=14686"},{"taxonomy":"product_tag","embeddable":true,"href":"https:\/\/sprememba.si\/SiSQ-Spirits\/wp-json\/wp\/v2\/product_tag?post=14686"}],"curies":[{"name":"wp","href":"https:\/\/api.w.org\/{rel}","templated":true}]}}