{"id":14688,"date":"2020-11-06T14:28:24","date_gmt":"2020-11-06T13:28:24","guid":{"rendered":"https:\/\/sprememba.si\/SiSQ-Spirits\/?post_type=product&#038;p=14688"},"modified":"2026-01-26T08:02:39","modified_gmt":"2026-01-26T07:02:39","slug":"polaris-kozarec-steklarna-hrastnik","status":"publish","type":"product","link":"https:\/\/sprememba.si\/SiSQ-Spirits\/trgovina\/polaris-kozarec-steklarna-hrastnik\/","title":{"rendered":"Polaris kozarec Steklarna Hrastnik"},"content":{"rendered":"<p>Mo\u017eno naro\u010diti kozarec le v sklopu darilnih paketov npr. <a href=\"https:\/\/sprememba.si\/SiSQ-Spirits\/trgovina\/napolni-sam-darilni-paket-slovenski-gin\/\" target=\"_blank\" rel=\"noopener noreferrer\">NAPOLNI SAM darilni paket Slovenski gin <\/a><\/p>\n<p>Steklarna Hrastnik se je odlo\u010dila, da ne izdeluje ve\u010d kozarcev, ampak so se usmerili le v stekleno embala\u017eo, zato je na voljo le \u0161e omejena koli\u010dina kozarcev.<\/p>\n","protected":false},"excerpt":{"rendered":"<p>Mo\u017eno naro\u010diti kozarec le v sklopu darilnih paketov npr. NAPOLNI SAM darilni paket Slovenski gin Steklarna Hrastnik se je odlo\u010dila, da ne izdeluje ve\u010d kozarcev, ampak so se usmerili le [&hellip;]<\/p>\n","protected":false},"featured_media":9359,"template":"","meta":{"_price":"10","_stock":"10","_tribe_ticket_header":"","_tribe_default_ticket_provider":"","_tribe_ticket_capacity":"40","_ticket_start_date":"","_ticket_end_date":"","_tribe_ticket_show_description":"","_tribe_ticket_show_not_going":false,"_tribe_ticket_use_global_stock":"","_tribe_ticket_global_stock_level":"","_global_stock_mode":"","_global_stock_cap":"","_tribe_rsvp_for_event":"","_tribe_ticket_going_count":"","_tribe_ticket_not_going_count":"","_tribe_tickets_list":"[]","_tribe_ticket_has_attendee_info_fields":false,"jetpack_post_was_ever_published":false,"_tec_slr_enabled":"","_tec_slr_layout":""},"pwb-brand":[1653],"product_brand":[],"product_cat":[2663,372],"product_tag":[],"class_list":{"0":"post-14688","1":"product","2":"type-product","3":"status-publish","4":"has-post-thumbnail","6":"pwb-brand-steklarna-hrastnik-1860","7":"product_cat-kozarec","8":"product_cat-drugo","10":"first","11":"instock","12":"sold-individually","13":"shipping-taxable","14":"purchasable","15":"product-type-simple"},"supplier_id":null,"supplier_sku":"","atum_controlled":true,"out_stock_date":null,"out_stock_threshold":null,"inheritable":false,"inbound_stock":0,"stock_on_hold":1,"sold_today":0,"sales_last_days":0,"reserved_stock":0,"customer_returns":0,"warehouse_damage":0,"lost_in_post":0,"other_logs":0,"out_stock_days":0,"lost_sales":0,"has_location":false,"update_date":"2026-04-16T00:12:32","atum_locations":[],"atum_stock_status":"instock","restock_status":false,"low_stock_amount":"","sales_update_date":"2026-04-16T00:12:32","calc_backorders":null,"jetpack_sharing_enabled":true,"jetpack_likes_enabled":true,"brands":[{"id":1653,"name":"Steklarna Hrastnik 1860","slug":"steklarna-hrastnik-1860"}],"_links":{"self":[{"href":"https:\/\/sprememba.si\/SiSQ-Spirits\/wp-json\/wp\/v2\/product\/14688","targetHints":{"allow":["GET"]}}],"collection":[{"href":"https:\/\/sprememba.si\/SiSQ-Spirits\/wp-json\/wp\/v2\/product"}],"about":[{"href":"https:\/\/sprememba.si\/SiSQ-Spirits\/wp-json\/wp\/v2\/types\/product"}],"wp:featuredmedia":[{"embeddable":true,"href":"https:\/\/sprememba.si\/SiSQ-Spirits\/wp-json\/wp\/v2\/media\/9359"}],"wp:attachment":[{"href":"https:\/\/sprememba.si\/SiSQ-Spirits\/wp-json\/wp\/v2\/media?parent=14688"}],"wp:term":[{"taxonomy":"pwb-brand","embeddable":true,"href":"https:\/\/sprememba.si\/SiSQ-Spirits\/wp-json\/wp\/v2\/pwb-brand?post=14688"},{"taxonomy":"product_brand","embeddable":true,"href":"https:\/\/sprememba.si\/SiSQ-Spirits\/wp-json\/wp\/v2\/product_brand?post=14688"},{"taxonomy":"product_cat","embeddable":true,"href":"https:\/\/sprememba.si\/SiSQ-Spirits\/wp-json\/wp\/v2\/product_cat?post=14688"},{"taxonomy":"product_tag","embeddable":true,"href":"https:\/\/sprememba.si\/SiSQ-Spirits\/wp-json\/wp\/v2\/product_tag?post=14688"}],"curies":[{"name":"wp","href":"https:\/\/api.w.org\/{rel}","templated":true}]}}