{"id":14705,"date":"2020-11-06T20:51:23","date_gmt":"2020-11-06T19:51:23","guid":{"rendered":"https:\/\/sprememba.si\/SiSQ-Spirits\/?post_type=product&#038;p=14705"},"modified":"2024-02-13T20:54:30","modified_gmt":"2024-02-13T19:54:30","slug":"lucifer-cokoladno-pismo-hvala-ker-si","status":"publish","type":"product","link":"https:\/\/sprememba.si\/SiSQ-Spirits\/trgovina\/lucifer-cokoladno-pismo-hvala-ker-si\/","title":{"rendered":"Lucifer \u010dokoladno pismo HVALA, ker si"},"content":{"rendered":"<p>Lucifer \u010dokoladno pismo \u2018HVALA, ker si\u2019 ne preseneti le z izjemnim okusom in barvo \u010dokoladne tablice, temve\u010d tudi s \u010dudovito embala\u017eo, ki bo obdarjencu v posebno veselje.<\/p>\n<p>Po temni, mle\u010dni in beli \u010dokoladi je tu \u0161e \u010detrta vrsta \u010dokolade, Ruby. Naravno ro\u017enata\u00a0barva je najve\u010dja inovacija v svetu \u010dokolade v preteklih 80 in ve\u010d letih. Presene\u010da pa ne le z\u00a0barvo, temve\u010d tudi z okusom \u2013 brez barvil ali arom nas spominja na jagodi\u010devje in nas\u00a0o\u010dara z ne\u017enim kremnim okusom.<\/p>\n<p>\u010cokoladna tablica iz 48,8% ruby \u010dokolade.<\/p>\n","protected":false},"excerpt":{"rendered":"<p>\u010cokoladno pismo \u2018HVALA, ker si\u2019 je izdelalano iz fine naravno ro\u017enate ruby \u010dokolade, ki vas bo o\u010darala s sporo\u010dilom, barvo in okusom. Prelep ovitek z mo\u010dnim sporo\u010dilom je odli\u010dno darilo, ki bi znalo tudi orositi oko.<\/p>\n<p><span style=\"color: #ff0000;\">V darilnih paketih \u0161e dodaten popust na \u010dokolado!<\/span><\/p>\n","protected":false},"featured_media":14706,"template":"","meta":{"_price":"3.42","_stock":"","_tribe_ticket_header":"","_tribe_default_ticket_provider":"","_tribe_ticket_capacity":"3","_ticket_start_date":"","_ticket_end_date":"","_tribe_ticket_show_description":"","_tribe_ticket_show_not_going":false,"_tribe_ticket_use_global_stock":"","_tribe_ticket_global_stock_level":"","_global_stock_mode":"","_global_stock_cap":"","_tribe_rsvp_for_event":"","_tribe_ticket_going_count":"","_tribe_ticket_not_going_count":"","_tribe_tickets_list":"[]","_tribe_ticket_has_attendee_info_fields":false,"jetpack_post_was_ever_published":false,"_tec_slr_enabled":"","_tec_slr_layout":""},"pwb-brand":[2078],"product_brand":[],"product_cat":[372,2076],"product_tag":[2080],"class_list":{"0":"post-14705","1":"product","2":"type-product","3":"status-publish","4":"has-post-thumbnail","6":"pwb-brand-lucifer-cokolada","7":"product_cat-drugo","8":"product_cat-sladke-razvade","9":"product_tag-lucifer","11":"first","12":"outofstock","13":"sale","14":"shipping-taxable","15":"purchasable","16":"product-type-simple"},"supplier_id":null,"supplier_sku":"","atum_controlled":true,"out_stock_date":null,"out_stock_threshold":null,"inheritable":false,"inbound_stock":0,"stock_on_hold":0,"sold_today":0,"sales_last_days":0,"reserved_stock":0,"customer_returns":0,"warehouse_damage":0,"lost_in_post":0,"other_logs":0,"out_stock_days":0,"lost_sales":0,"has_location":false,"update_date":"2026-04-16T00:12:32","atum_locations":[],"atum_stock_status":"outofstock","restock_status":false,"low_stock_amount":"","sales_update_date":"2026-04-16T00:12:32","calc_backorders":null,"jetpack_sharing_enabled":true,"jetpack_likes_enabled":true,"brands":[{"id":2078,"name":"Lucifer \u010dokolada","slug":"lucifer-cokolada"}],"_links":{"self":[{"href":"https:\/\/sprememba.si\/SiSQ-Spirits\/wp-json\/wp\/v2\/product\/14705","targetHints":{"allow":["GET"]}}],"collection":[{"href":"https:\/\/sprememba.si\/SiSQ-Spirits\/wp-json\/wp\/v2\/product"}],"about":[{"href":"https:\/\/sprememba.si\/SiSQ-Spirits\/wp-json\/wp\/v2\/types\/product"}],"wp:featuredmedia":[{"embeddable":true,"href":"https:\/\/sprememba.si\/SiSQ-Spirits\/wp-json\/wp\/v2\/media\/14706"}],"wp:attachment":[{"href":"https:\/\/sprememba.si\/SiSQ-Spirits\/wp-json\/wp\/v2\/media?parent=14705"}],"wp:term":[{"taxonomy":"pwb-brand","embeddable":true,"href":"https:\/\/sprememba.si\/SiSQ-Spirits\/wp-json\/wp\/v2\/pwb-brand?post=14705"},{"taxonomy":"product_brand","embeddable":true,"href":"https:\/\/sprememba.si\/SiSQ-Spirits\/wp-json\/wp\/v2\/product_brand?post=14705"},{"taxonomy":"product_cat","embeddable":true,"href":"https:\/\/sprememba.si\/SiSQ-Spirits\/wp-json\/wp\/v2\/product_cat?post=14705"},{"taxonomy":"product_tag","embeddable":true,"href":"https:\/\/sprememba.si\/SiSQ-Spirits\/wp-json\/wp\/v2\/product_tag?post=14705"}],"curies":[{"name":"wp","href":"https:\/\/api.w.org\/{rel}","templated":true}]}}