{"id":14708,"date":"2020-11-06T21:03:54","date_gmt":"2020-11-06T20:03:54","guid":{"rendered":"https:\/\/sprememba.si\/SiSQ-Spirits\/?post_type=product&#038;p=14708"},"modified":"2024-10-03T09:43:47","modified_gmt":"2024-10-03T07:43:47","slug":"lucifer-cokoladno-pismo-srce","status":"publish","type":"product","link":"https:\/\/sprememba.si\/SiSQ-Spirits\/trgovina\/lucifer-cokoladno-pismo-srce\/","title":{"rendered":"Lucifer \u010dokoladno pismo SRCE"},"content":{"rendered":"<p>Le kdo zna povedati \u201cljubim te\u201d ali \u201crad te imam\u201d bolje od \u010dokolade? V mnogih jezikih zapisana izpoved ljubezni je \u010dudovita podlaga ovitka \u010dokoladnega pisma Srce, v katerem se skriva skrbno zavita, ro\u010dno in z ljubeznijo izdelana tablica mle\u010dne \u010dokolade vrhunske belgijske kakovosti.<\/p>\n<p>Ko boste poskusili to kremno mle\u010dno \u010dokolado z 38-odstotnim dele\u017eem kakava, boste zagotovo \u010dutili ljubezen, ki je bila vlo\u017eena vanjo \u2013 vse od izdelave do podaritve.<\/p>\n","protected":false},"excerpt":{"rendered":"<p>Razveselite svojo ljubljeno osebo in povejte, da jo imate radi s \u010dokoladnim pismom SRCE. Le kdo zna povedati \u201crad te imam\u201d bolje od \u010dokolade? Za\u010dutite ljubezen in veselje.<\/p>\n<p>\u010cokoladna tablica iz 38% mle\u010dne \u010dokolade.<\/p>\n<p><span style=\"color: #ff0000;\">V darilnih paketih \u0161e dodaten popust na \u010dokolado!<\/span><\/p>\n","protected":false},"featured_media":14709,"template":"","meta":{"_price":"3.42","_stock":"0","_tribe_ticket_header":"","_tribe_default_ticket_provider":"","_tribe_ticket_capacity":"2","_ticket_start_date":"","_ticket_end_date":"","_tribe_ticket_show_description":"","_tribe_ticket_show_not_going":false,"_tribe_ticket_use_global_stock":"","_tribe_ticket_global_stock_level":"","_global_stock_mode":"","_global_stock_cap":"","_tribe_rsvp_for_event":"","_tribe_ticket_going_count":"","_tribe_ticket_not_going_count":"","_tribe_tickets_list":"[]","_tribe_ticket_has_attendee_info_fields":false,"jetpack_post_was_ever_published":false,"_tec_slr_enabled":"","_tec_slr_layout":""},"pwb-brand":[2078],"product_brand":[],"product_cat":[372,2076],"product_tag":[2080],"class_list":{"0":"post-14708","1":"product","2":"type-product","3":"status-publish","4":"has-post-thumbnail","6":"pwb-brand-lucifer-cokolada","7":"product_cat-drugo","8":"product_cat-sladke-razvade","9":"product_tag-lucifer","11":"first","12":"outofstock","13":"sale","14":"shipping-taxable","15":"purchasable","16":"product-type-simple"},"supplier_id":null,"supplier_sku":"","atum_controlled":true,"out_stock_date":"2021-07-03 12:39:49","out_stock_threshold":null,"inheritable":false,"inbound_stock":0,"stock_on_hold":1,"sold_today":0,"sales_last_days":0,"reserved_stock":0,"customer_returns":0,"warehouse_damage":0,"lost_in_post":0,"other_logs":0,"out_stock_days":1747,"lost_sales":0,"has_location":false,"update_date":"2026-04-16T00:12:32","atum_locations":[],"atum_stock_status":"outofstock","restock_status":false,"low_stock_amount":1,"sales_update_date":"2026-04-16T00:12:32","calc_backorders":null,"jetpack_sharing_enabled":true,"jetpack_likes_enabled":true,"brands":[{"id":2078,"name":"Lucifer \u010dokolada","slug":"lucifer-cokolada"}],"_links":{"self":[{"href":"https:\/\/sprememba.si\/SiSQ-Spirits\/wp-json\/wp\/v2\/product\/14708","targetHints":{"allow":["GET"]}}],"collection":[{"href":"https:\/\/sprememba.si\/SiSQ-Spirits\/wp-json\/wp\/v2\/product"}],"about":[{"href":"https:\/\/sprememba.si\/SiSQ-Spirits\/wp-json\/wp\/v2\/types\/product"}],"wp:featuredmedia":[{"embeddable":true,"href":"https:\/\/sprememba.si\/SiSQ-Spirits\/wp-json\/wp\/v2\/media\/14709"}],"wp:attachment":[{"href":"https:\/\/sprememba.si\/SiSQ-Spirits\/wp-json\/wp\/v2\/media?parent=14708"}],"wp:term":[{"taxonomy":"pwb-brand","embeddable":true,"href":"https:\/\/sprememba.si\/SiSQ-Spirits\/wp-json\/wp\/v2\/pwb-brand?post=14708"},{"taxonomy":"product_brand","embeddable":true,"href":"https:\/\/sprememba.si\/SiSQ-Spirits\/wp-json\/wp\/v2\/product_brand?post=14708"},{"taxonomy":"product_cat","embeddable":true,"href":"https:\/\/sprememba.si\/SiSQ-Spirits\/wp-json\/wp\/v2\/product_cat?post=14708"},{"taxonomy":"product_tag","embeddable":true,"href":"https:\/\/sprememba.si\/SiSQ-Spirits\/wp-json\/wp\/v2\/product_tag?post=14708"}],"curies":[{"name":"wp","href":"https:\/\/api.w.org\/{rel}","templated":true}]}}