{"id":14719,"date":"2020-11-08T14:33:31","date_gmt":"2020-11-08T13:33:31","guid":{"rendered":"https:\/\/sprememba.si\/SiSQ-Spirits\/?post_type=product&#038;p=14719"},"modified":"2024-10-03T09:43:47","modified_gmt":"2024-10-03T07:43:47","slug":"slovenski-gin-darilo-santei-skrasa-2-x-polaris-tonik","status":"publish","type":"product","link":"https:\/\/sprememba.si\/SiSQ-Spirits\/trgovina\/slovenski-gin-darilo-santei-skrasa-2-x-polaris-tonik\/","title":{"rendered":"SLOVENSKI GIN darilo: SANTEI Skrasa + 2 x Polaris + tonik"},"content":{"rendered":"<p>SLOVENSKI GIN darilna \u0161katla vsebuje steklenico prvega slovenskega gina, ki je narejen na grozdni osnovi <a href=\"https:\/\/sprememba.si\/SiSQ-Spirits\/trgovina\/santei-gin\/\" target=\"_blank\" rel=\"noopener noreferrer\"><strong>Santei Skrasa No.19<\/strong><\/a>, 2 x slovenski kozarec Polaris in <strong>zeli\u0161\u010dne dodatke<\/strong> za pripravo gin tonika. Prilo\u017eeni so tudi <strong>recepti<\/strong> za gin tonik in vro\u010di gin.<\/p>\n<p>Santei gin SKRASA No. 19 je prvi slovenski buti\u010dni destiliran gin narejen na grozdni osnovi. Po okusu ga odlikujeta mehkoba in harmonija, ki se prepletata z omamnimi vonjavami Krasa.<\/p>\n<p>Vsebuje 19 sestavin, ki so bile nabrane na Nanosu, Golakih, \u010cavnu in kra\u0161ki planoti: brinove jagode, sivka, kra\u0161ki \u0161etraj, ro\u017emarin in druge. Kra\u0161ki me\u0161anici so dodali osnovna zeli\u0161\u010da za gin kot so semena koriandra, korenina angelike, sladki koren in druga. Sve\u017eino prispevata limonina in pomaran\u010dna lupinica. Zeli\u0161\u010da so bila pri tretji destilaciji dodana prvotnemu lastnemu vinskemu destilatu.<\/p>\n<p>Kozarca Polaris sta narejena v Steklarni Hrastnik 1860 namenjena prav gin tonik.<\/p>\n","protected":false},"excerpt":{"rendered":"<p>Craft gin Santei s Krasa, 2 kozarca Polaris Steklarna Hrastnik, premium tonik hoppy tonic<\/p>\n","protected":false},"featured_media":740,"template":"","meta":{"_uag_custom_page_level_css":"","_price":"46","_stock":"1","_tribe_ticket_header":"","_tribe_default_ticket_provider":"","_tribe_ticket_capacity":"14","_ticket_start_date":"","_ticket_end_date":"","_tribe_ticket_show_description":"","_tribe_ticket_show_not_going":false,"_tribe_ticket_use_global_stock":"","_tribe_ticket_global_stock_level":"","_global_stock_mode":"","_global_stock_cap":"","_tribe_rsvp_for_event":"","_tribe_ticket_going_count":"","_tribe_ticket_not_going_count":"","_tribe_tickets_list":"[]","_tribe_ticket_has_attendee_info_fields":false,"jetpack_post_was_ever_published":false,"_tec_slr_enabled":"","_tec_slr_layout":""},"pwb-brand":[806,150,1653],"product_brand":[],"product_cat":[1220,372],"product_tag":[1551],"class_list":{"0":"post-14719","1":"product","2":"type-product","3":"status-publish","4":"has-post-thumbnail","6":"pwb-brand-santei","7":"pwb-brand-pivovarna-pelicon","8":"pwb-brand-steklarna-hrastnik-1860","9":"product_cat-gin-darilni-paket","10":"product_cat-drugo","11":"product_tag-gin-darilo","12":"wcpa_has_options","14":"first","15":"instock","16":"shipping-taxable","17":"purchasable","18":"product-type-simple"},"supplier_id":null,"supplier_sku":"","atum_controlled":true,"out_stock_date":null,"out_stock_threshold":null,"inheritable":false,"inbound_stock":0,"stock_on_hold":0,"sold_today":0,"sales_last_days":0,"reserved_stock":0,"customer_returns":0,"warehouse_damage":0,"lost_in_post":0,"other_logs":0,"out_stock_days":0,"lost_sales":0,"has_location":false,"update_date":"2026-05-07T01:57:09","atum_locations":[],"atum_stock_status":"instock","restock_status":false,"low_stock_amount":3,"sales_update_date":"2026-05-07T01:57:09","calc_backorders":null,"uagb_featured_image_src":{"full":["https:\/\/i0.wp.com\/sprememba.si\/SiSQ-Spirits\/wp-content\/uploads\/2018\/08\/slovenski-gin-darilo-broken_bones-enoteka-SiSQSpirits-800.png?fit=800%2C800&ssl=1",800,800,false],"thumbnail":["https:\/\/i0.wp.com\/sprememba.si\/SiSQ-Spirits\/wp-content\/uploads\/2018\/08\/slovenski-gin-darilo-broken_bones-enoteka-SiSQSpirits-800.png?resize=150%2C150&ssl=1",150,150,true],"medium":["https:\/\/i0.wp.com\/sprememba.si\/SiSQ-Spirits\/wp-content\/uploads\/2018\/08\/slovenski-gin-darilo-broken_bones-enoteka-SiSQSpirits-800.png?fit=300%2C300&ssl=1",300,300,true],"medium_large":["https:\/\/i0.wp.com\/sprememba.si\/SiSQ-Spirits\/wp-content\/uploads\/2018\/08\/slovenski-gin-darilo-broken_bones-enoteka-SiSQSpirits-800.png?fit=768%2C768&ssl=1",768,768,true],"large":["https:\/\/i0.wp.com\/sprememba.si\/SiSQ-Spirits\/wp-content\/uploads\/2018\/08\/slovenski-gin-darilo-broken_bones-enoteka-SiSQSpirits-800.png?fit=800%2C800&ssl=1",800,800,true],"1536x1536":["https:\/\/i0.wp.com\/sprememba.si\/SiSQ-Spirits\/wp-content\/uploads\/2018\/08\/slovenski-gin-darilo-broken_bones-enoteka-SiSQSpirits-800.png?fit=800%2C800&ssl=1",800,800,true],"2048x2048":["https:\/\/i0.wp.com\/sprememba.si\/SiSQ-Spirits\/wp-content\/uploads\/2018\/08\/slovenski-gin-darilo-broken_bones-enoteka-SiSQSpirits-800.png?fit=800%2C800&ssl=1",800,800,true],"woocommerce_thumbnail":["https:\/\/i0.wp.com\/sprememba.si\/SiSQ-Spirits\/wp-content\/uploads\/2018\/08\/slovenski-gin-darilo-broken_bones-enoteka-SiSQSpirits-800.png?resize=324%2C324&ssl=1",324,324,true],"woocommerce_single":["https:\/\/i0.wp.com\/sprememba.si\/SiSQ-Spirits\/wp-content\/uploads\/2018\/08\/slovenski-gin-darilo-broken_bones-enoteka-SiSQSpirits-800.png?fit=416%2C416&ssl=1",416,416,true],"woocommerce_gallery_thumbnail":["https:\/\/i0.wp.com\/sprememba.si\/SiSQ-Spirits\/wp-content\/uploads\/2018\/08\/slovenski-gin-darilo-broken_bones-enoteka-SiSQSpirits-800.png?resize=100%2C100&ssl=1",100,100,true],"variation_swatches_image_size":["https:\/\/i0.wp.com\/sprememba.si\/SiSQ-Spirits\/wp-content\/uploads\/2018\/08\/slovenski-gin-darilo-broken_bones-enoteka-SiSQSpirits-800.png?resize=50%2C50&ssl=1",50,50,true],"variation_swatches_tooltip_size":["https:\/\/i0.wp.com\/sprememba.si\/SiSQ-Spirits\/wp-content\/uploads\/2018\/08\/slovenski-gin-darilo-broken_bones-enoteka-SiSQSpirits-800.png?resize=100%2C100&ssl=1",100,100,true]},"uagb_author_info":{"display_name":"SiSQSpirits","author_link":"https:\/\/sprememba.si\/SiSQ-Spirits\/author\/"},"uagb_comment_info":0,"uagb_excerpt":"Craft gin Santei s Krasa, 2 kozarca Polaris Steklarna Hrastnik, premium tonik hoppy tonic","jetpack_sharing_enabled":true,"jetpack_likes_enabled":true,"brands":[{"id":150,"name":"Pivovarna Pelicon","slug":"pivovarna-pelicon"},{"id":806,"name":"Santei","slug":"santei"},{"id":1653,"name":"Steklarna Hrastnik 1860","slug":"steklarna-hrastnik-1860"}],"_links":{"self":[{"href":"https:\/\/sprememba.si\/SiSQ-Spirits\/wp-json\/wp\/v2\/product\/14719","targetHints":{"allow":["GET"]}}],"collection":[{"href":"https:\/\/sprememba.si\/SiSQ-Spirits\/wp-json\/wp\/v2\/product"}],"about":[{"href":"https:\/\/sprememba.si\/SiSQ-Spirits\/wp-json\/wp\/v2\/types\/product"}],"wp:featuredmedia":[{"embeddable":true,"href":"https:\/\/sprememba.si\/SiSQ-Spirits\/wp-json\/wp\/v2\/media\/740"}],"wp:attachment":[{"href":"https:\/\/sprememba.si\/SiSQ-Spirits\/wp-json\/wp\/v2\/media?parent=14719"}],"wp:term":[{"taxonomy":"pwb-brand","embeddable":true,"href":"https:\/\/sprememba.si\/SiSQ-Spirits\/wp-json\/wp\/v2\/pwb-brand?post=14719"},{"taxonomy":"product_brand","embeddable":true,"href":"https:\/\/sprememba.si\/SiSQ-Spirits\/wp-json\/wp\/v2\/product_brand?post=14719"},{"taxonomy":"product_cat","embeddable":true,"href":"https:\/\/sprememba.si\/SiSQ-Spirits\/wp-json\/wp\/v2\/product_cat?post=14719"},{"taxonomy":"product_tag","embeddable":true,"href":"https:\/\/sprememba.si\/SiSQ-Spirits\/wp-json\/wp\/v2\/product_tag?post=14719"}],"curies":[{"name":"wp","href":"https:\/\/api.w.org\/{rel}","templated":true}]}}