{"id":14755,"date":"2020-11-12T12:42:07","date_gmt":"2020-11-12T11:42:07","guid":{"rendered":"https:\/\/sprememba.si\/SiSQ-Spirits\/?post_type=product&#038;p=14755"},"modified":"2021-08-08T20:20:14","modified_gmt":"2021-08-08T18:20:14","slug":"lucifer-cokolada-californication-s-soljo-in-pisano-karamelo","status":"publish","type":"product","link":"https:\/\/sprememba.si\/SiSQ-Spirits\/trgovina\/lucifer-cokolada-californication-s-soljo-in-pisano-karamelo\/","title":{"rendered":"Lucifer \u010dokolada CALIFORNICATION s soljo in pisano karamelo"},"content":{"rendered":"<p>Lucifer \u010dokolada Californication vas bo pocrkljala s slastno mle\u010dno \u010dokolado z 38 % kakava in navdu\u0161ila s pisanimi ko\u0161\u010dki hrustljave karamele ter skritim talentom \u2013 kristal\u010dki soli.<\/p>\n<p>V \u010dudovitem svetu slavnih okusov Lucifer \u010dokolade si svoje mesto zaslu\u017ei tudi \u010dudovita mle\u010dna \u010dokolada s soljo in karamelo Californication. Izjemna kombinacija mle\u010dne \u010dokolade s soljo in karamelo bo navdu\u0161ila vse, ki i\u0161\u010dete nekaj druga\u010dnega.<\/p>\n<p>Mle\u010dna \u010dokolada s soljo in karamelo Californication ne bo pobo\u017eala le va\u0161ih brbon\u010dic, temve\u010d tudi va\u0161e o\u010di. Ko jo boste vzeli v roke, vas bo o\u010darala njena elegantna embala\u017ea in z veseljem boste pokukali v njeno notranjost. S \u0161e ve\u010djim veseljem pa jo boste kot najslaj\u0161e \u010dokoladno darilo podarili svojim najbli\u017ejim in poslovnim partnerjem ter jim tako polep\u0161ali dan.<\/p>\n<p>\u010cokoladna darila so ena najlep\u0161ih daril, ki vselej privabijo sladek nasmeh.<\/p>\n","protected":false},"excerpt":{"rendered":"<p>Fina ro\u010dno in v Sloveniji izdelana mle\u010dna \u010dokolada (38%), obogatena s soljo in pisanimi ko\u0161\u010dki hrustljave karamele, v bogati darilni embala\u017ei, 100g<\/p>\n<p><span style=\"color: #ff0000;\">V darilnih paketih \u0161e dodaten popust na \u010dokolado!<\/span><\/p>\n","protected":false},"featured_media":14756,"template":"","meta":{"_uag_custom_page_level_css":"","_price":"3.78","_stock":null,"_tribe_ticket_header":"","_tribe_default_ticket_provider":"","_tribe_ticket_capacity":"0","_ticket_start_date":"","_ticket_end_date":"","_tribe_ticket_show_description":"","_tribe_ticket_show_not_going":false,"_tribe_ticket_use_global_stock":"","_tribe_ticket_global_stock_level":"","_global_stock_mode":"","_global_stock_cap":"","_tribe_rsvp_for_event":"","_tribe_ticket_going_count":"","_tribe_ticket_not_going_count":"","_tribe_tickets_list":"[]","_tribe_ticket_has_attendee_info_fields":false,"jetpack_post_was_ever_published":false,"_tec_slr_enabled":"","_tec_slr_layout":""},"pwb-brand":[2078],"product_brand":[],"product_cat":[372,2076],"product_tag":[],"class_list":{"0":"post-14755","1":"product","2":"type-product","3":"status-publish","4":"has-post-thumbnail","6":"pwb-brand-lucifer-cokolada","7":"product_cat-drugo","8":"product_cat-sladke-razvade","10":"first","11":"outofstock","12":"sale","13":"shipping-taxable","14":"purchasable","15":"product-type-simple"},"supplier_id":null,"supplier_sku":"","atum_controlled":true,"out_stock_date":null,"out_stock_threshold":null,"inheritable":false,"inbound_stock":0,"stock_on_hold":0,"sold_today":0,"sales_last_days":0,"reserved_stock":0,"customer_returns":0,"warehouse_damage":0,"lost_in_post":0,"other_logs":0,"out_stock_days":0,"lost_sales":0,"has_location":false,"update_date":"2026-05-07T01:57:09","atum_locations":[],"atum_stock_status":"outofstock","restock_status":false,"low_stock_amount":"","sales_update_date":"2026-05-07T01:57:09","calc_backorders":null,"uagb_featured_image_src":{"full":["https:\/\/i0.wp.com\/sprememba.si\/SiSQ-Spirits\/wp-content\/uploads\/2020\/11\/cokoladne_tablice_mlecna_cokolada_s_soljo_in_karamelo_lucifer_chocolate_californication-1.jpg?fit=902%2C1000&ssl=1",902,1000,false],"thumbnail":["https:\/\/i0.wp.com\/sprememba.si\/SiSQ-Spirits\/wp-content\/uploads\/2020\/11\/cokoladne_tablice_mlecna_cokolada_s_soljo_in_karamelo_lucifer_chocolate_californication-1.jpg?resize=150%2C150&ssl=1",150,150,true],"medium":["https:\/\/i0.wp.com\/sprememba.si\/SiSQ-Spirits\/wp-content\/uploads\/2020\/11\/cokoladne_tablice_mlecna_cokolada_s_soljo_in_karamelo_lucifer_chocolate_californication-1.jpg?fit=271%2C300&ssl=1",271,300,true],"medium_large":["https:\/\/i0.wp.com\/sprememba.si\/SiSQ-Spirits\/wp-content\/uploads\/2020\/11\/cokoladne_tablice_mlecna_cokolada_s_soljo_in_karamelo_lucifer_chocolate_californication-1.jpg?fit=768%2C851&ssl=1",768,851,true],"large":["https:\/\/i0.wp.com\/sprememba.si\/SiSQ-Spirits\/wp-content\/uploads\/2020\/11\/cokoladne_tablice_mlecna_cokolada_s_soljo_in_karamelo_lucifer_chocolate_californication-1.jpg?fit=902%2C1000&ssl=1",902,1000,true],"1536x1536":["https:\/\/i0.wp.com\/sprememba.si\/SiSQ-Spirits\/wp-content\/uploads\/2020\/11\/cokoladne_tablice_mlecna_cokolada_s_soljo_in_karamelo_lucifer_chocolate_californication-1.jpg?fit=902%2C1000&ssl=1",902,1000,true],"2048x2048":["https:\/\/i0.wp.com\/sprememba.si\/SiSQ-Spirits\/wp-content\/uploads\/2020\/11\/cokoladne_tablice_mlecna_cokolada_s_soljo_in_karamelo_lucifer_chocolate_californication-1.jpg?fit=902%2C1000&ssl=1",902,1000,true],"woocommerce_thumbnail":["https:\/\/i0.wp.com\/sprememba.si\/SiSQ-Spirits\/wp-content\/uploads\/2020\/11\/cokoladne_tablice_mlecna_cokolada_s_soljo_in_karamelo_lucifer_chocolate_californication-1.jpg?resize=324%2C324&ssl=1",324,324,true],"woocommerce_single":["https:\/\/i0.wp.com\/sprememba.si\/SiSQ-Spirits\/wp-content\/uploads\/2020\/11\/cokoladne_tablice_mlecna_cokolada_s_soljo_in_karamelo_lucifer_chocolate_californication-1.jpg?fit=416%2C461&ssl=1",416,461,true],"woocommerce_gallery_thumbnail":["https:\/\/i0.wp.com\/sprememba.si\/SiSQ-Spirits\/wp-content\/uploads\/2020\/11\/cokoladne_tablice_mlecna_cokolada_s_soljo_in_karamelo_lucifer_chocolate_californication-1.jpg?resize=100%2C100&ssl=1",100,100,true],"variation_swatches_image_size":["https:\/\/i0.wp.com\/sprememba.si\/SiSQ-Spirits\/wp-content\/uploads\/2020\/11\/cokoladne_tablice_mlecna_cokolada_s_soljo_in_karamelo_lucifer_chocolate_californication-1.jpg?resize=50%2C50&ssl=1",50,50,true],"variation_swatches_tooltip_size":["https:\/\/i0.wp.com\/sprememba.si\/SiSQ-Spirits\/wp-content\/uploads\/2020\/11\/cokoladne_tablice_mlecna_cokolada_s_soljo_in_karamelo_lucifer_chocolate_californication-1.jpg?resize=100%2C100&ssl=1",100,100,true]},"uagb_author_info":{"display_name":"SiSQSpirits","author_link":"https:\/\/sprememba.si\/SiSQ-Spirits\/author\/"},"uagb_comment_info":0,"uagb_excerpt":"Fina ro\u010dno in v Sloveniji izdelana mle\u010dna \u010dokolada (38%), obogatena s soljo in pisanimi ko\u0161\u010dki hrustljave karamele, v bogati darilni embala\u017ei, 100g V darilnih paketih \u0161e dodaten popust na \u010dokolado!","jetpack_sharing_enabled":true,"jetpack_likes_enabled":true,"brands":[{"id":2078,"name":"Lucifer \u010dokolada","slug":"lucifer-cokolada"}],"_links":{"self":[{"href":"https:\/\/sprememba.si\/SiSQ-Spirits\/wp-json\/wp\/v2\/product\/14755","targetHints":{"allow":["GET"]}}],"collection":[{"href":"https:\/\/sprememba.si\/SiSQ-Spirits\/wp-json\/wp\/v2\/product"}],"about":[{"href":"https:\/\/sprememba.si\/SiSQ-Spirits\/wp-json\/wp\/v2\/types\/product"}],"wp:featuredmedia":[{"embeddable":true,"href":"https:\/\/sprememba.si\/SiSQ-Spirits\/wp-json\/wp\/v2\/media\/14756"}],"wp:attachment":[{"href":"https:\/\/sprememba.si\/SiSQ-Spirits\/wp-json\/wp\/v2\/media?parent=14755"}],"wp:term":[{"taxonomy":"pwb-brand","embeddable":true,"href":"https:\/\/sprememba.si\/SiSQ-Spirits\/wp-json\/wp\/v2\/pwb-brand?post=14755"},{"taxonomy":"product_brand","embeddable":true,"href":"https:\/\/sprememba.si\/SiSQ-Spirits\/wp-json\/wp\/v2\/product_brand?post=14755"},{"taxonomy":"product_cat","embeddable":true,"href":"https:\/\/sprememba.si\/SiSQ-Spirits\/wp-json\/wp\/v2\/product_cat?post=14755"},{"taxonomy":"product_tag","embeddable":true,"href":"https:\/\/sprememba.si\/SiSQ-Spirits\/wp-json\/wp\/v2\/product_tag?post=14755"}],"curies":[{"name":"wp","href":"https:\/\/api.w.org\/{rel}","templated":true}]}}