{"id":15079,"date":"2021-01-11T15:19:57","date_gmt":"2021-01-11T14:19:57","guid":{"rendered":"https:\/\/sprememba.si\/SiSQ-Spirits\/?post_type=product&#038;p=15079"},"modified":"2024-10-03T09:43:47","modified_gmt":"2024-10-03T07:43:47","slug":"broken-bones-peated-whisky","status":"publish","type":"product","link":"https:\/\/sprememba.si\/SiSQ-Spirits\/trgovina\/broken-bones-peated-whisky\/","title":{"rendered":"Broken Bones Peated whisky"},"content":{"rendered":"<p>Broken Bones Peated whisky je prvi pravi dimljen viski narejen v Sloveniji.<\/p>\n<p>Leta 2012 so se odlo\u010dili narediti slovenski viski, ki bi se lahko kosal z najbolj\u0161imi \u0161kotskimi viskiji, je bila pred njima dolga pot raziskovanja, izobra\u017eevanja, poskusov in izbolj\u0161av.\u00a0Pet let je bilo potrebno, da je bila izbrana kombinacija sladu, kvasa, na\u010dina fermentacije, destilacije in sodov. Nato pa tri leta skrbnega negovanja v sodih, da so 13.julija 2020 predstavili <strong>prvi slovenski viski,<\/strong> z izrazitim, cvetli\u010dnim in polnim okusom \u2013 Broken Bones Single Malt Whisky (prva serija 66 steklenic je \u017ee razprodana).<\/p>\n<p>Dimljen (\u0161otast) Broken Bones viski je kompleksen, polnega in prijetno dimljenega okusa in arome. Utele\u0161a naravna bogastva Slovenije, zelenega dragulja Evrope. Neskon\u010dne gozdove, ki ponujajo zna\u010dilen hrastov les za izdelavo sodov, \u010disto vodo iz \u010dudovitih gora in sve\u017e zrak.<\/p>\n<p>Broken Bones Peated Single Malt Whisky je narejen iz dimljenega je\u010dmenovega sladu, ki so ga su\u0161ili s kurjenjem \u0161ote, izbranih kvasovk in vode. Po destilaciji, ki je malce druga\u010dna kot pri izdelavi klasi\u010dnega viskija, je skrbno negovan v kombinaciji sodov iz slovenskega hrasta in dvojno rabljenih ameri\u0161kih sodov, v katerih se je staral tudi dimljeni \u0161kotski viski. Ni hladno filtriran. Brez dodanih barvil. Staran 3 leta.<\/p>\n<p>Prva serija Broken Bones Peated Single Malt Whisky-ja je na voljo v ekskluzivni, omejeni koli\u010dini le 66 o\u0161tevil\u010denih in podpisanih steklenic.<\/p>\n<p>&nbsp;<\/p>\n","protected":false},"excerpt":{"rendered":"<p><strong>Prvi slovenski dimljen viski!<\/strong><\/p>\n<p>Omejena serija Broken Bones Peated Single Malt Whisky-ja je na voljo v ekskluzivni, omejeni koli\u010dini le 66 o\u0161tevil\u010denih in podpisanih steklenic.<\/p>\n","protected":false},"featured_media":15080,"template":"","meta":{"_price":"155","_stock":"","_tribe_ticket_header":"","_tribe_default_ticket_provider":"","_tribe_ticket_capacity":"2","_ticket_start_date":"","_ticket_end_date":"","_tribe_ticket_show_description":"","_tribe_ticket_show_not_going":false,"_tribe_ticket_use_global_stock":"","_tribe_ticket_global_stock_level":"","_global_stock_mode":"","_global_stock_cap":"","_tribe_rsvp_for_event":"","_tribe_ticket_going_count":"","_tribe_ticket_not_going_count":"","_tribe_tickets_list":"[]","_tribe_ticket_has_attendee_info_fields":false,"jetpack_post_was_ever_published":false,"_tec_slr_enabled":"","_tec_slr_layout":""},"pwb-brand":[536],"product_brand":[],"product_cat":[1620,1960],"product_tag":[],"class_list":{"0":"post-15079","1":"product","2":"type-product","3":"status-publish","4":"has-post-thumbnail","6":"pwb-brand-destilarna-broken-bones","7":"product_cat-destilati","8":"product_cat-viski","10":"first","11":"outofstock","12":"shipping-taxable","13":"purchasable","14":"product-type-simple"},"supplier_id":null,"supplier_sku":"","atum_controlled":true,"out_stock_date":null,"out_stock_threshold":null,"inheritable":false,"inbound_stock":0,"stock_on_hold":0,"sold_today":0,"sales_last_days":0,"reserved_stock":0,"customer_returns":0,"warehouse_damage":0,"lost_in_post":0,"other_logs":0,"out_stock_days":0,"lost_sales":0,"has_location":false,"update_date":"2026-04-29T01:16:02","atum_locations":[],"atum_stock_status":"outofstock","restock_status":false,"low_stock_amount":"","sales_update_date":"2026-04-29T01:16:02","calc_backorders":null,"jetpack_sharing_enabled":true,"jetpack_likes_enabled":true,"brands":[{"id":536,"name":"Destilarna Broken Bones","slug":"destilarna-broken-bones"}],"_links":{"self":[{"href":"https:\/\/sprememba.si\/SiSQ-Spirits\/wp-json\/wp\/v2\/product\/15079","targetHints":{"allow":["GET"]}}],"collection":[{"href":"https:\/\/sprememba.si\/SiSQ-Spirits\/wp-json\/wp\/v2\/product"}],"about":[{"href":"https:\/\/sprememba.si\/SiSQ-Spirits\/wp-json\/wp\/v2\/types\/product"}],"wp:featuredmedia":[{"embeddable":true,"href":"https:\/\/sprememba.si\/SiSQ-Spirits\/wp-json\/wp\/v2\/media\/15080"}],"wp:attachment":[{"href":"https:\/\/sprememba.si\/SiSQ-Spirits\/wp-json\/wp\/v2\/media?parent=15079"}],"wp:term":[{"taxonomy":"pwb-brand","embeddable":true,"href":"https:\/\/sprememba.si\/SiSQ-Spirits\/wp-json\/wp\/v2\/pwb-brand?post=15079"},{"taxonomy":"product_brand","embeddable":true,"href":"https:\/\/sprememba.si\/SiSQ-Spirits\/wp-json\/wp\/v2\/product_brand?post=15079"},{"taxonomy":"product_cat","embeddable":true,"href":"https:\/\/sprememba.si\/SiSQ-Spirits\/wp-json\/wp\/v2\/product_cat?post=15079"},{"taxonomy":"product_tag","embeddable":true,"href":"https:\/\/sprememba.si\/SiSQ-Spirits\/wp-json\/wp\/v2\/product_tag?post=15079"}],"curies":[{"name":"wp","href":"https:\/\/api.w.org\/{rel}","templated":true}]}}