{"id":15104,"date":"2021-01-28T12:18:37","date_gmt":"2021-01-28T11:18:37","guid":{"rendered":"https:\/\/sprememba.si\/SiSQ-Spirits\/?post_type=product&#038;p=15104"},"modified":"2023-12-12T23:32:02","modified_gmt":"2023-12-12T22:32:02","slug":"slavcek-rebula-reserve","status":"publish","type":"product","link":"https:\/\/sprememba.si\/SiSQ-Spirits\/trgovina\/slavcek-rebula-reserve\/","title":{"rendered":"Slav\u010dek Rebula Reserve"},"content":{"rendered":"<p>Slav\u010dek Rebula Reserve je vino samo najboljsih letnikov.Trgatev zanjo poteka kasneje od obi\u010dajne. Po pre\u0161anju ze rahlo prezrelega grozdja, sledi 3 tedenska maceracija z potapljanjem klobuka. Nato sledi zorenje v lesenem sodu skupaj z finimi dro\u017emi.<\/p>\n<p>Je jantarne barve, cvetlica je medena, zeli\u0161\u010dna, okus intenziven, poln, kar traja in traja, spominja na cimet, klin\u010dke, tudi di\u0161avnice daljnega vzhoda.<\/p>\n<p>Ekolo\u0161ke pridelave, stekleni\u010deno brez filtracije. Maceracija 20 dni, zorjeno 24 mesecev v lesenih sodih.<\/p>\n","protected":false},"excerpt":{"rendered":"<p>Slav\u010dek Rebula Reserve je vino samo najbolj\u0161ih letnikov.<\/p>\n","protected":false},"featured_media":15106,"template":"","meta":{"_uag_custom_page_level_css":"","_price":"25","_stock":"2","_tribe_ticket_header":"","_tribe_default_ticket_provider":"","_tribe_ticket_capacity":"2","_ticket_start_date":"","_ticket_end_date":"","_tribe_ticket_show_description":"","_tribe_ticket_show_not_going":false,"_tribe_ticket_use_global_stock":"","_tribe_ticket_global_stock_level":"","_global_stock_mode":"","_global_stock_cap":"","_tribe_rsvp_for_event":"","_tribe_ticket_going_count":"","_tribe_ticket_not_going_count":"","_tribe_tickets_list":"[]","_tribe_ticket_has_attendee_info_fields":false,"_tec_slr_enabled":"","_tec_slr_layout":""},"pwb-brand":[280],"product_brand":[],"product_cat":[955,308],"product_tag":[],"class_list":{"0":"post-15104","1":"product","2":"type-product","3":"status-publish","4":"has-post-thumbnail","6":"pwb-brand-kmetija-slavcek","7":"product_cat-vino","8":"product_cat-oranzno-vino","10":"first","11":"instock","12":"shipping-taxable","13":"purchasable","14":"product-type-simple"},"supplier_id":null,"supplier_sku":"","atum_controlled":true,"out_stock_date":null,"out_stock_threshold":null,"inheritable":false,"inbound_stock":0,"stock_on_hold":0,"sold_today":0,"sales_last_days":0,"reserved_stock":0,"customer_returns":0,"warehouse_damage":0,"lost_in_post":0,"other_logs":0,"out_stock_days":0,"lost_sales":0,"has_location":false,"update_date":"2026-05-13T00:03:23","atum_locations":[],"atum_stock_status":"instock","restock_status":false,"low_stock_amount":"","sales_update_date":"2026-05-13T00:03:23","calc_backorders":null,"uagb_featured_image_src":{"full":["https:\/\/i0.wp.com\/sprememba.si\/SiSQ-Spirits\/wp-content\/uploads\/2021\/01\/slavcek-rebula-reserve-enoteka-mozirje.png?fit=800%2C800&ssl=1",800,800,false],"thumbnail":["https:\/\/i0.wp.com\/sprememba.si\/SiSQ-Spirits\/wp-content\/uploads\/2021\/01\/slavcek-rebula-reserve-enoteka-mozirje.png?resize=150%2C150&ssl=1",150,150,true],"medium":["https:\/\/i0.wp.com\/sprememba.si\/SiSQ-Spirits\/wp-content\/uploads\/2021\/01\/slavcek-rebula-reserve-enoteka-mozirje.png?fit=300%2C300&ssl=1",300,300,true],"medium_large":["https:\/\/i0.wp.com\/sprememba.si\/SiSQ-Spirits\/wp-content\/uploads\/2021\/01\/slavcek-rebula-reserve-enoteka-mozirje.png?fit=768%2C768&ssl=1",768,768,true],"large":["https:\/\/i0.wp.com\/sprememba.si\/SiSQ-Spirits\/wp-content\/uploads\/2021\/01\/slavcek-rebula-reserve-enoteka-mozirje.png?fit=800%2C800&ssl=1",800,800,true],"1536x1536":["https:\/\/i0.wp.com\/sprememba.si\/SiSQ-Spirits\/wp-content\/uploads\/2021\/01\/slavcek-rebula-reserve-enoteka-mozirje.png?fit=800%2C800&ssl=1",800,800,true],"2048x2048":["https:\/\/i0.wp.com\/sprememba.si\/SiSQ-Spirits\/wp-content\/uploads\/2021\/01\/slavcek-rebula-reserve-enoteka-mozirje.png?fit=800%2C800&ssl=1",800,800,true],"woocommerce_thumbnail":["https:\/\/i0.wp.com\/sprememba.si\/SiSQ-Spirits\/wp-content\/uploads\/2021\/01\/slavcek-rebula-reserve-enoteka-mozirje.png?resize=324%2C324&ssl=1",324,324,true],"woocommerce_single":["https:\/\/i0.wp.com\/sprememba.si\/SiSQ-Spirits\/wp-content\/uploads\/2021\/01\/slavcek-rebula-reserve-enoteka-mozirje.png?fit=416%2C416&ssl=1",416,416,true],"woocommerce_gallery_thumbnail":["https:\/\/i0.wp.com\/sprememba.si\/SiSQ-Spirits\/wp-content\/uploads\/2021\/01\/slavcek-rebula-reserve-enoteka-mozirje.png?resize=100%2C100&ssl=1",100,100,true],"variation_swatches_image_size":["https:\/\/i0.wp.com\/sprememba.si\/SiSQ-Spirits\/wp-content\/uploads\/2021\/01\/slavcek-rebula-reserve-enoteka-mozirje.png?resize=50%2C50&ssl=1",50,50,true],"variation_swatches_tooltip_size":["https:\/\/i0.wp.com\/sprememba.si\/SiSQ-Spirits\/wp-content\/uploads\/2021\/01\/slavcek-rebula-reserve-enoteka-mozirje.png?resize=100%2C100&ssl=1",100,100,true]},"uagb_author_info":{"display_name":"SiSQSpirits","author_link":"https:\/\/sprememba.si\/SiSQ-Spirits\/author\/"},"uagb_comment_info":0,"uagb_excerpt":"Slav\u010dek Rebula Reserve je vino samo najbolj\u0161ih letnikov.","jetpack_sharing_enabled":true,"jetpack_likes_enabled":true,"brands":[{"id":280,"name":"Kmetija Slav\u010dek","slug":"kmetija-slavcek"}],"_links":{"self":[{"href":"https:\/\/sprememba.si\/SiSQ-Spirits\/wp-json\/wp\/v2\/product\/15104","targetHints":{"allow":["GET"]}}],"collection":[{"href":"https:\/\/sprememba.si\/SiSQ-Spirits\/wp-json\/wp\/v2\/product"}],"about":[{"href":"https:\/\/sprememba.si\/SiSQ-Spirits\/wp-json\/wp\/v2\/types\/product"}],"wp:featuredmedia":[{"embeddable":true,"href":"https:\/\/sprememba.si\/SiSQ-Spirits\/wp-json\/wp\/v2\/media\/15106"}],"wp:attachment":[{"href":"https:\/\/sprememba.si\/SiSQ-Spirits\/wp-json\/wp\/v2\/media?parent=15104"}],"wp:term":[{"taxonomy":"pwb-brand","embeddable":true,"href":"https:\/\/sprememba.si\/SiSQ-Spirits\/wp-json\/wp\/v2\/pwb-brand?post=15104"},{"taxonomy":"product_brand","embeddable":true,"href":"https:\/\/sprememba.si\/SiSQ-Spirits\/wp-json\/wp\/v2\/product_brand?post=15104"},{"taxonomy":"product_cat","embeddable":true,"href":"https:\/\/sprememba.si\/SiSQ-Spirits\/wp-json\/wp\/v2\/product_cat?post=15104"},{"taxonomy":"product_tag","embeddable":true,"href":"https:\/\/sprememba.si\/SiSQ-Spirits\/wp-json\/wp\/v2\/product_tag?post=15104"}],"curies":[{"name":"wp","href":"https:\/\/api.w.org\/{rel}","templated":true}]}}