{"id":15168,"date":"2021-03-11T13:29:23","date_gmt":"2021-03-11T12:29:23","guid":{"rendered":"https:\/\/sprememba.si\/SiSQ-Spirits\/?post_type=product&#038;p=15168"},"modified":"2021-11-12T17:51:49","modified_gmt":"2021-11-12T16:51:49","slug":"skubeer-sale5ki","status":"publish","type":"product","link":"https:\/\/sprememba.si\/SiSQ-Spirits\/trgovina\/skubeer-sale5ki\/","title":{"rendered":"Skubeer Sale5ki"},"content":{"rendered":"<p>Stil piva: Slovenski Golden Ale<\/p>\n<p>Lahko in ne\u017eno pivo. Preprost v svojem zna\u010daju in sve\u017e, kar ga dela izjemno preprosto pitnega \u2013 \u0161e posebej v kombinaciji z nizko alkoholno stopnjo.<\/p>\n<p>Blaga hmeljna aroma se poka\u017ee z zadr\u017eanimi travnatimi notami ter nekaj be\u017enega sadnega duha dale\u010d v ozadju. Ne\u017ena hmeljna grenkoba, ki ji nekaj sve\u017eine poda ob\u010dutek sve\u017ee poko\u0161ene trave in blagih citrusov v spremljavi.<\/p>\n<p>Zelo primeren za kraft okusov nevajene ljubitelje piva.<\/p>\n<p>ABV: 4,1%<\/p>\n<p>IBU: 28<\/p>\n","protected":false},"excerpt":{"rendered":"<p><strong>\u0160ale\u0161ki Golden Ale<\/strong><\/p>\n<p>Lahko in ne\u017eno pivo. Preprost v svojem zna\u010daju in sve\u017e, kar ga dela izjemno preprosto pitnega.<br \/>\nNizka alkoholna stopnja &#8211; 4,1 %.<\/p>\n","protected":false},"featured_media":15169,"template":"","meta":{"_price":"1.9","_stock":null,"_tribe_ticket_header":"","_tribe_default_ticket_provider":"","_tribe_ticket_capacity":"3","_ticket_start_date":"","_ticket_end_date":"","_tribe_ticket_show_description":"","_tribe_ticket_show_not_going":false,"_tribe_ticket_use_global_stock":"","_tribe_ticket_global_stock_level":"","_global_stock_mode":"","_global_stock_cap":"","_tribe_rsvp_for_event":"","_tribe_ticket_going_count":"","_tribe_ticket_not_going_count":"","_tribe_tickets_list":"[]","_tribe_ticket_has_attendee_info_fields":false,"jetpack_post_was_ever_published":false,"_tec_slr_enabled":"","_tec_slr_layout":""},"pwb-brand":[1564],"product_brand":[],"product_cat":[471,159],"product_tag":[],"class_list":{"0":"post-15168","1":"product","2":"type-product","3":"status-publish","4":"has-post-thumbnail","6":"pwb-brand-skubeer","7":"product_cat-pivo","8":"product_cat-slovensko-buticno-pivo","10":"first","11":"instock","12":"shipping-taxable","13":"purchasable","14":"product-type-simple"},"supplier_id":null,"supplier_sku":"","atum_controlled":true,"out_stock_date":null,"out_stock_threshold":null,"inheritable":false,"inbound_stock":0,"stock_on_hold":0,"sold_today":0,"sales_last_days":0,"reserved_stock":0,"customer_returns":0,"warehouse_damage":0,"lost_in_post":0,"other_logs":0,"out_stock_days":0,"lost_sales":0,"has_location":false,"update_date":"2026-04-19T00:19:17","atum_locations":[],"atum_stock_status":"instock","restock_status":false,"low_stock_amount":"","sales_update_date":"2026-04-19T00:19:17","calc_backorders":null,"jetpack_sharing_enabled":true,"jetpack_likes_enabled":true,"brands":[{"id":1564,"name":"Skubeer","slug":"skubeer"}],"_links":{"self":[{"href":"https:\/\/sprememba.si\/SiSQ-Spirits\/wp-json\/wp\/v2\/product\/15168","targetHints":{"allow":["GET"]}}],"collection":[{"href":"https:\/\/sprememba.si\/SiSQ-Spirits\/wp-json\/wp\/v2\/product"}],"about":[{"href":"https:\/\/sprememba.si\/SiSQ-Spirits\/wp-json\/wp\/v2\/types\/product"}],"wp:featuredmedia":[{"embeddable":true,"href":"https:\/\/sprememba.si\/SiSQ-Spirits\/wp-json\/wp\/v2\/media\/15169"}],"wp:attachment":[{"href":"https:\/\/sprememba.si\/SiSQ-Spirits\/wp-json\/wp\/v2\/media?parent=15168"}],"wp:term":[{"taxonomy":"pwb-brand","embeddable":true,"href":"https:\/\/sprememba.si\/SiSQ-Spirits\/wp-json\/wp\/v2\/pwb-brand?post=15168"},{"taxonomy":"product_brand","embeddable":true,"href":"https:\/\/sprememba.si\/SiSQ-Spirits\/wp-json\/wp\/v2\/product_brand?post=15168"},{"taxonomy":"product_cat","embeddable":true,"href":"https:\/\/sprememba.si\/SiSQ-Spirits\/wp-json\/wp\/v2\/product_cat?post=15168"},{"taxonomy":"product_tag","embeddable":true,"href":"https:\/\/sprememba.si\/SiSQ-Spirits\/wp-json\/wp\/v2\/product_tag?post=15168"}],"curies":[{"name":"wp","href":"https:\/\/api.w.org\/{rel}","templated":true}]}}