{"id":15281,"date":"2021-05-24T13:21:28","date_gmt":"2021-05-24T11:21:28","guid":{"rendered":"https:\/\/sprememba.si\/SiSQ-Spirits\/?post_type=product&#038;p=15281"},"modified":"2024-03-04T17:12:59","modified_gmt":"2024-03-04T16:12:59","slug":"pelicon-time-2019","status":"publish","type":"product","link":"https:\/\/sprememba.si\/SiSQ-Spirits\/trgovina\/pelicon-time-2019\/","title":{"rendered":"Pelicon Time 2019"},"content":{"rendered":"<div>Pelicon Time 2019 je tretje pivo iz serije TIME &#8211; izbrali so stil piva <em>rye wine<\/em> staran v sodih tekile.<\/div>\n<div>To je r\u017eeno vino, ki je svetle, zlate\u00a0barve, z nizko gren\u010dico, vinski notami chardonnaya in lesa. Gosti oljnati teksturi dajeta r\u017e in tekila pikantno podlago, medtem ko mo\u010dna volta\u017ea 12 % pogreje usta in pripravi paleto tudi na najbolj zahtevne jedi.<\/div>\n<div><\/div>\n<div>\n<p>Pelicon Time je serija bogatih in mo\u010dnih stilov piva, ki jih za leto dni pustijo po\u010divati v razli\u010dnih sodih destilatov. Pivo \u010daka in diha z okoljem, med tem procesom se zgodijo interakcije med pivo, lesom in kisikom. Kar nastane je unikatna \u010dasovna kapsula.<\/p>\n<\/div>\n<div>Serija je omejena. Priporo\u010dena temperatura stre\u017ebe\u00a0od 12 do 14 stopinj v trebu\u0161astem kozarcu.<\/div>\n","protected":false},"excerpt":{"rendered":"<p>Omejena serija<\/p>\n<p>Stil piva: rye wine<br \/>\nAlkoholna stopnja: 12.0 %<br \/>\nPakiranje: 750 ml<br \/>\nNepasterizirano, zorjeno v v lesenih sodih in v steklenici.<\/p>\n","protected":false},"featured_media":15282,"template":"","meta":{"_price":"12","_stock":"","_tribe_ticket_header":"","_tribe_default_ticket_provider":"","_tribe_ticket_capacity":"3","_ticket_start_date":"","_ticket_end_date":"","_tribe_ticket_show_description":"","_tribe_ticket_show_not_going":false,"_tribe_ticket_use_global_stock":"","_tribe_ticket_global_stock_level":"","_global_stock_mode":"","_global_stock_cap":"","_tribe_rsvp_for_event":"","_tribe_ticket_going_count":"","_tribe_ticket_not_going_count":"","_tribe_tickets_list":"[]","_tribe_ticket_has_attendee_info_fields":false,"jetpack_post_was_ever_published":false,"_tec_slr_enabled":"","_tec_slr_layout":""},"pwb-brand":[150],"product_brand":[],"product_cat":[471,317,159],"product_tag":[],"class_list":{"0":"post-15281","1":"product","2":"type-product","3":"status-publish","4":"has-post-thumbnail","6":"pwb-brand-pivovarna-pelicon","7":"product_cat-pivo","8":"product_cat-omejene-serije","9":"product_cat-slovensko-buticno-pivo","11":"first","12":"outofstock","13":"sale","14":"shipping-taxable","15":"purchasable","16":"product-type-simple"},"supplier_id":null,"supplier_sku":"","atum_controlled":true,"out_stock_date":null,"out_stock_threshold":null,"inheritable":false,"inbound_stock":0,"stock_on_hold":0,"sold_today":0,"sales_last_days":0,"reserved_stock":0,"customer_returns":0,"warehouse_damage":0,"lost_in_post":0,"other_logs":0,"out_stock_days":0,"lost_sales":0,"has_location":false,"update_date":"2026-04-19T00:19:14","atum_locations":[],"atum_stock_status":"outofstock","restock_status":false,"low_stock_amount":"","sales_update_date":"2026-04-19T00:19:14","calc_backorders":null,"jetpack_sharing_enabled":true,"jetpack_likes_enabled":true,"brands":[{"id":150,"name":"Pivovarna Pelicon","slug":"pivovarna-pelicon"}],"_links":{"self":[{"href":"https:\/\/sprememba.si\/SiSQ-Spirits\/wp-json\/wp\/v2\/product\/15281","targetHints":{"allow":["GET"]}}],"collection":[{"href":"https:\/\/sprememba.si\/SiSQ-Spirits\/wp-json\/wp\/v2\/product"}],"about":[{"href":"https:\/\/sprememba.si\/SiSQ-Spirits\/wp-json\/wp\/v2\/types\/product"}],"wp:featuredmedia":[{"embeddable":true,"href":"https:\/\/sprememba.si\/SiSQ-Spirits\/wp-json\/wp\/v2\/media\/15282"}],"wp:attachment":[{"href":"https:\/\/sprememba.si\/SiSQ-Spirits\/wp-json\/wp\/v2\/media?parent=15281"}],"wp:term":[{"taxonomy":"pwb-brand","embeddable":true,"href":"https:\/\/sprememba.si\/SiSQ-Spirits\/wp-json\/wp\/v2\/pwb-brand?post=15281"},{"taxonomy":"product_brand","embeddable":true,"href":"https:\/\/sprememba.si\/SiSQ-Spirits\/wp-json\/wp\/v2\/product_brand?post=15281"},{"taxonomy":"product_cat","embeddable":true,"href":"https:\/\/sprememba.si\/SiSQ-Spirits\/wp-json\/wp\/v2\/product_cat?post=15281"},{"taxonomy":"product_tag","embeddable":true,"href":"https:\/\/sprememba.si\/SiSQ-Spirits\/wp-json\/wp\/v2\/product_tag?post=15281"}],"curies":[{"name":"wp","href":"https:\/\/api.w.org\/{rel}","templated":true}]}}