{"id":15337,"date":"2021-07-16T08:42:37","date_gmt":"2021-07-16T06:42:37","guid":{"rendered":"https:\/\/sprememba.si\/SiSQ-Spirits\/?post_type=product&#038;p=15337"},"modified":"2024-10-15T11:19:00","modified_gmt":"2024-10-15T09:19:00","slug":"cokoladne-kroglice-mango-in-pasijonka-z-belo-cokolado","status":"publish","type":"product","link":"https:\/\/sprememba.si\/SiSQ-Spirits\/trgovina\/cokoladne-kroglice-mango-in-pasijonka-z-belo-cokolado\/","title":{"rendered":"\u010cokoladne kroglice \u2013 Mango in pasijonka z belo \u010dokolado"},"content":{"rendered":"<p>V \u010dokoladne kroglice so ujeli zapeljivo aromo manga, zdru\u017eenega s prijetno kislostjo pasijonke. Za \u0161e ve\u010dji u\u017eitek so ju oblili z belo \u010dokolado z noto limete, ki senzacijo okusov harmoni\u010dno zaokro\u017ei \u2013 gurmanski u\u017eitek, ki pri\u010dara poletje tudi na de\u017eeven dan<\/p>\n<p>Mango poskrbi za za prijetno sadnost in sladkost, pasijonka pa za sve\u017eino in uravnote\u017eeno kislost. Vse to je nadgrajeno s posebno belo \u010dokolado z noto limete.<\/p>\n<h3>Edinstvene arome<\/h3>\n<p>in okusi se dopolnjujejo in navdu\u0161ujejo, kot vedno pa so\u00a0brez konzervansov ali drugih umetnih dodatkov, zato je vsaka kroglica pravo do\u017eivetje.<\/p>\n<p><strong>Okusite sve\u017eo sadno senzacijo!<\/strong> Ne boste se jim mogli upreti, ko jih boste enkrat poskusili \u2013 ena ni nobena<\/p>\n<p>&nbsp;<\/p>\n<p>&nbsp;<\/p>\n","protected":false},"excerpt":{"rendered":"<p><span style=\"color: #ff6600;\">OMEJENA SERIJA!<\/span><\/p>\n<p>\u010cokoladne kroglice\u00a0<strong>mango &amp; pasijonka<\/strong> so sadje na tretjo potenco \u2013 tako bi lahko opisali sadno senzacijo, ki nas prevzame, ko ugriznemo vanje.<\/p>\n<p>Gurmanske oran\u017ene kroglice bele \u010dokolade skrivajo super sadno sredico.<\/p>\n<p>Sanjske kroglice so zapeljiv trendovski posladek in popolno darilo za vsakega \u010dokoholika, 125 g.<\/p>\n","protected":false},"featured_media":15338,"template":"","meta":{"_uag_custom_page_level_css":"","_price":"5","_stock":"1","_tribe_ticket_header":"","_tribe_default_ticket_provider":"","_tribe_ticket_capacity":"10","_ticket_start_date":"","_ticket_end_date":"","_tribe_ticket_show_description":"","_tribe_ticket_show_not_going":false,"_tribe_ticket_use_global_stock":"","_tribe_ticket_global_stock_level":"","_global_stock_mode":"","_global_stock_cap":"","_tribe_rsvp_for_event":"","_tribe_ticket_going_count":"","_tribe_ticket_not_going_count":"","_tribe_tickets_list":"[]","_tribe_ticket_has_attendee_info_fields":false,"_tec_slr_enabled":"","_tec_slr_layout":""},"pwb-brand":[2078],"product_brand":[],"product_cat":[372,2076],"product_tag":[],"class_list":{"0":"post-15337","1":"product","2":"type-product","3":"status-publish","4":"has-post-thumbnail","6":"pwb-brand-lucifer-cokolada","7":"product_cat-drugo","8":"product_cat-sladke-razvade","10":"first","11":"instock","12":"sale","13":"shipping-taxable","14":"purchasable","15":"product-type-simple"},"supplier_id":null,"supplier_sku":"","atum_controlled":true,"out_stock_date":null,"out_stock_threshold":null,"inheritable":false,"inbound_stock":0,"stock_on_hold":0,"sold_today":0,"sales_last_days":0,"reserved_stock":0,"customer_returns":0,"warehouse_damage":0,"lost_in_post":0,"other_logs":0,"out_stock_days":0,"lost_sales":0,"has_location":false,"update_date":"2026-05-13T00:03:20","atum_locations":[],"atum_stock_status":"instock","restock_status":false,"low_stock_amount":"","sales_update_date":"2026-05-13T00:03:20","calc_backorders":null,"uagb_featured_image_src":{"full":["https:\/\/i0.wp.com\/sprememba.si\/SiSQ-Spirits\/wp-content\/uploads\/2021\/07\/COKOLADNE-KROGLICE-MANGO-LUCIFER.png?fit=800%2C800&ssl=1",800,800,false],"thumbnail":["https:\/\/i0.wp.com\/sprememba.si\/SiSQ-Spirits\/wp-content\/uploads\/2021\/07\/COKOLADNE-KROGLICE-MANGO-LUCIFER.png?resize=150%2C150&ssl=1",150,150,true],"medium":["https:\/\/i0.wp.com\/sprememba.si\/SiSQ-Spirits\/wp-content\/uploads\/2021\/07\/COKOLADNE-KROGLICE-MANGO-LUCIFER.png?fit=300%2C300&ssl=1",300,300,true],"medium_large":["https:\/\/i0.wp.com\/sprememba.si\/SiSQ-Spirits\/wp-content\/uploads\/2021\/07\/COKOLADNE-KROGLICE-MANGO-LUCIFER.png?fit=768%2C768&ssl=1",768,768,true],"large":["https:\/\/i0.wp.com\/sprememba.si\/SiSQ-Spirits\/wp-content\/uploads\/2021\/07\/COKOLADNE-KROGLICE-MANGO-LUCIFER.png?fit=800%2C800&ssl=1",800,800,true],"1536x1536":["https:\/\/i0.wp.com\/sprememba.si\/SiSQ-Spirits\/wp-content\/uploads\/2021\/07\/COKOLADNE-KROGLICE-MANGO-LUCIFER.png?fit=800%2C800&ssl=1",800,800,true],"2048x2048":["https:\/\/i0.wp.com\/sprememba.si\/SiSQ-Spirits\/wp-content\/uploads\/2021\/07\/COKOLADNE-KROGLICE-MANGO-LUCIFER.png?fit=800%2C800&ssl=1",800,800,true],"woocommerce_thumbnail":["https:\/\/i0.wp.com\/sprememba.si\/SiSQ-Spirits\/wp-content\/uploads\/2021\/07\/COKOLADNE-KROGLICE-MANGO-LUCIFER.png?resize=324%2C324&ssl=1",324,324,true],"woocommerce_single":["https:\/\/i0.wp.com\/sprememba.si\/SiSQ-Spirits\/wp-content\/uploads\/2021\/07\/COKOLADNE-KROGLICE-MANGO-LUCIFER.png?fit=416%2C416&ssl=1",416,416,true],"woocommerce_gallery_thumbnail":["https:\/\/i0.wp.com\/sprememba.si\/SiSQ-Spirits\/wp-content\/uploads\/2021\/07\/COKOLADNE-KROGLICE-MANGO-LUCIFER.png?resize=100%2C100&ssl=1",100,100,true],"variation_swatches_image_size":["https:\/\/i0.wp.com\/sprememba.si\/SiSQ-Spirits\/wp-content\/uploads\/2021\/07\/COKOLADNE-KROGLICE-MANGO-LUCIFER.png?resize=50%2C50&ssl=1",50,50,true],"variation_swatches_tooltip_size":["https:\/\/i0.wp.com\/sprememba.si\/SiSQ-Spirits\/wp-content\/uploads\/2021\/07\/COKOLADNE-KROGLICE-MANGO-LUCIFER.png?resize=100%2C100&ssl=1",100,100,true]},"uagb_author_info":{"display_name":"SiSQSpirits","author_link":"https:\/\/sprememba.si\/SiSQ-Spirits\/author\/"},"uagb_comment_info":0,"uagb_excerpt":"OMEJENA SERIJA! \u010cokoladne kroglice\u00a0mango &amp; pasijonka so sadje na tretjo potenco \u2013 tako bi lahko opisali sadno senzacijo, ki nas prevzame, ko ugriznemo vanje. Gurmanske oran\u017ene kroglice bele \u010dokolade skrivajo super sadno sredico. Sanjske kroglice so zapeljiv trendovski posladek in popolno darilo za vsakega \u010dokoholika, 125 g.","jetpack_sharing_enabled":true,"jetpack_likes_enabled":true,"brands":[{"id":2078,"name":"Lucifer \u010dokolada","slug":"lucifer-cokolada"}],"_links":{"self":[{"href":"https:\/\/sprememba.si\/SiSQ-Spirits\/wp-json\/wp\/v2\/product\/15337","targetHints":{"allow":["GET"]}}],"collection":[{"href":"https:\/\/sprememba.si\/SiSQ-Spirits\/wp-json\/wp\/v2\/product"}],"about":[{"href":"https:\/\/sprememba.si\/SiSQ-Spirits\/wp-json\/wp\/v2\/types\/product"}],"wp:featuredmedia":[{"embeddable":true,"href":"https:\/\/sprememba.si\/SiSQ-Spirits\/wp-json\/wp\/v2\/media\/15338"}],"wp:attachment":[{"href":"https:\/\/sprememba.si\/SiSQ-Spirits\/wp-json\/wp\/v2\/media?parent=15337"}],"wp:term":[{"taxonomy":"pwb-brand","embeddable":true,"href":"https:\/\/sprememba.si\/SiSQ-Spirits\/wp-json\/wp\/v2\/pwb-brand?post=15337"},{"taxonomy":"product_brand","embeddable":true,"href":"https:\/\/sprememba.si\/SiSQ-Spirits\/wp-json\/wp\/v2\/product_brand?post=15337"},{"taxonomy":"product_cat","embeddable":true,"href":"https:\/\/sprememba.si\/SiSQ-Spirits\/wp-json\/wp\/v2\/product_cat?post=15337"},{"taxonomy":"product_tag","embeddable":true,"href":"https:\/\/sprememba.si\/SiSQ-Spirits\/wp-json\/wp\/v2\/product_tag?post=15337"}],"curies":[{"name":"wp","href":"https:\/\/api.w.org\/{rel}","templated":true}]}}