{"id":15340,"date":"2021-07-16T10:47:20","date_gmt":"2021-07-16T08:47:20","guid":{"rendered":"https:\/\/sprememba.si\/SiSQ-Spirits\/?post_type=product&#038;p=15340"},"modified":"2025-04-02T17:49:53","modified_gmt":"2025-04-02T15:49:53","slug":"cokoladne-kroglice-z-lesniki-in-medeno-cokolado","status":"publish","type":"product","link":"https:\/\/sprememba.si\/SiSQ-Spirits\/trgovina\/cokoladne-kroglice-z-lesniki-in-medeno-cokolado\/","title":{"rendered":"\u010cokoladne kroglice z le\u0161niki in medeno \u010dokolado"},"content":{"rendered":"<p>Slastne \u010dokoladne kroglice vas bodo razvajale s kremno mle\u010dno \u010dokolado z 34-odstotnim dele\u017eem kakava in s \u010dudovitim okusom <strong>medu<\/strong>. Posute<strong> z zlatim prahom<\/strong> pa povabile k u\u017eitku, ki v notranjosti skriva lepo presene\u010denje v obliki <strong>celega le\u0161nika<\/strong>.<\/p>\n<p>Izberite slastne, ro\u010dno izdelane \u010dokoladne kroglice z le\u0161niki in medeno \u010dokolado in zavrtite svoj sladkosnedi svet v nepozabnih okusih, kjer vas pod medeno mle\u010dno \u010dokolado pri\u010daka krhek cel le\u0161nik, poln vitaminov, mineralov in koristnih ma\u0161\u010dob.<\/p>\n<p>&nbsp;<\/p>\n","protected":false},"excerpt":{"rendered":"<p>Izjemne ro\u010dno izdelane \u010dokoladne kroglice z le\u0161niki so oblili s slastno medeno \u010dokolado, posuli z zlatim prahom ter jih oblekli v elegantno stekleno darilno embala\u017eo \u2013 za drobne trenutke razvajanja na prav poseben na\u010din, 125g.<\/p>\n","protected":false},"featured_media":15342,"template":"","meta":{"_price":"5","_stock":"","_tribe_ticket_header":"","_tribe_default_ticket_provider":"","_tribe_ticket_capacity":"25","_ticket_start_date":"","_ticket_end_date":"","_tribe_ticket_show_description":"","_tribe_ticket_show_not_going":false,"_tribe_ticket_use_global_stock":"","_tribe_ticket_global_stock_level":"","_global_stock_mode":"","_global_stock_cap":"","_tribe_rsvp_for_event":"","_tribe_ticket_going_count":"","_tribe_ticket_not_going_count":"","_tribe_tickets_list":"[]","_tribe_ticket_has_attendee_info_fields":false,"jetpack_post_was_ever_published":false,"_tec_slr_enabled":"","_tec_slr_layout":""},"pwb-brand":[],"product_brand":[],"product_cat":[372,2076],"product_tag":[],"class_list":{"0":"post-15340","1":"product","2":"type-product","3":"status-publish","4":"has-post-thumbnail","6":"product_cat-drugo","7":"product_cat-sladke-razvade","9":"first","10":"outofstock","11":"sale","12":"shipping-taxable","13":"purchasable","14":"product-type-simple"},"supplier_id":null,"supplier_sku":"","atum_controlled":true,"out_stock_date":null,"out_stock_threshold":null,"inheritable":false,"inbound_stock":0,"stock_on_hold":0,"sold_today":0,"sales_last_days":0,"reserved_stock":0,"customer_returns":0,"warehouse_damage":0,"lost_in_post":0,"other_logs":0,"out_stock_days":0,"lost_sales":0,"has_location":false,"update_date":"2026-04-17T00:13:50","atum_locations":[],"atum_stock_status":"outofstock","restock_status":false,"low_stock_amount":"","sales_update_date":"2026-04-17T00:13:50","calc_backorders":null,"jetpack_sharing_enabled":true,"jetpack_likes_enabled":true,"brands":[],"_links":{"self":[{"href":"https:\/\/sprememba.si\/SiSQ-Spirits\/wp-json\/wp\/v2\/product\/15340","targetHints":{"allow":["GET"]}}],"collection":[{"href":"https:\/\/sprememba.si\/SiSQ-Spirits\/wp-json\/wp\/v2\/product"}],"about":[{"href":"https:\/\/sprememba.si\/SiSQ-Spirits\/wp-json\/wp\/v2\/types\/product"}],"wp:featuredmedia":[{"embeddable":true,"href":"https:\/\/sprememba.si\/SiSQ-Spirits\/wp-json\/wp\/v2\/media\/15342"}],"wp:attachment":[{"href":"https:\/\/sprememba.si\/SiSQ-Spirits\/wp-json\/wp\/v2\/media?parent=15340"}],"wp:term":[{"taxonomy":"pwb-brand","embeddable":true,"href":"https:\/\/sprememba.si\/SiSQ-Spirits\/wp-json\/wp\/v2\/pwb-brand?post=15340"},{"taxonomy":"product_brand","embeddable":true,"href":"https:\/\/sprememba.si\/SiSQ-Spirits\/wp-json\/wp\/v2\/product_brand?post=15340"},{"taxonomy":"product_cat","embeddable":true,"href":"https:\/\/sprememba.si\/SiSQ-Spirits\/wp-json\/wp\/v2\/product_cat?post=15340"},{"taxonomy":"product_tag","embeddable":true,"href":"https:\/\/sprememba.si\/SiSQ-Spirits\/wp-json\/wp\/v2\/product_tag?post=15340"}],"curies":[{"name":"wp","href":"https:\/\/api.w.org\/{rel}","templated":true}]}}