{"id":15375,"date":"2021-08-19T13:12:21","date_gmt":"2021-08-19T11:12:21","guid":{"rendered":"https:\/\/sprememba.si\/SiSQ-Spirits\/?post_type=product&#038;p=15375"},"modified":"2024-03-05T12:06:53","modified_gmt":"2024-03-05T11:06:53","slug":"cuk-zelen","status":"publish","type":"product","link":"https:\/\/sprememba.si\/SiSQ-Spirits\/trgovina\/cuk-zelen\/","title":{"rendered":"\u010cuk Zelen"},"content":{"rendered":"<p>Svetlo rumenkasta barva s zelenimi odtenki je privla\u010dna in zelo mladostna, kar dokazuje visoko obstojnost vina, kar je pomemben kakovostni atribut, saj pove, da se bo vino upiralo prehitremu staranju. Tak\u0161na je tudi cvetica, obstojna in nosilna, razpoznavno sortna in s zna\u010dilno mineralno noto \u2013 prav po njej se zelen prepozna.<\/p>\n<p>Velja pohvaliti prostorno in pestro aromatsko sestavo (po limeti, grenivki, borovih iglicah, gozdni praproti). \u0160e bolj izrazita je polnost okusa, kar je treba izpostaviti. Kislost je prijetno zmerna in prav ni\u010d ne izstopa. Oku\u0161alna skladnost je nasploh velika odlika, ki pove, da je vino dozorelo.<\/p>\n<p>Tolik\u0161na eleganca je posledica skrbnega, ne\u017enega ravnanja z grozdjem in vinom.<\/p>\n<p>&nbsp;<\/p>\n<p>Ro\u010dna trgatev. Klasi\u010dna vinifikacija, tri mesece le\u017eanja na finih dro\u017eeh v inox posodi<\/p>\n","protected":false},"excerpt":{"rendered":"<p>Tako polno in sortno razpoznavno vino vedno privabi ljubitelje in poznavalce. \u0160iroka aroma in polni okus.<\/p>\n","protected":false},"featured_media":15376,"template":"","meta":{"_price":"9","_stock":"2","_tribe_ticket_header":"","_tribe_default_ticket_provider":"","_tribe_ticket_capacity":"2","_ticket_start_date":"","_ticket_end_date":"","_tribe_ticket_show_description":"","_tribe_ticket_show_not_going":false,"_tribe_ticket_use_global_stock":"","_tribe_ticket_global_stock_level":"","_global_stock_mode":"","_global_stock_cap":"","_tribe_rsvp_for_event":"","_tribe_ticket_going_count":"","_tribe_ticket_not_going_count":"","_tribe_tickets_list":"[]","_tribe_ticket_has_attendee_info_fields":false,"jetpack_post_was_ever_published":false,"_tec_slr_enabled":"","_tec_slr_layout":""},"pwb-brand":[2419],"product_brand":[],"product_cat":[955,961],"product_tag":[],"class_list":{"0":"post-15375","1":"product","2":"type-product","3":"status-publish","4":"has-post-thumbnail","6":"pwb-brand-vina-cuk","7":"product_cat-vino","8":"product_cat-belo-vino","10":"first","11":"instock","12":"shipping-taxable","13":"purchasable","14":"product-type-simple"},"supplier_id":null,"supplier_sku":"","atum_controlled":true,"out_stock_date":null,"out_stock_threshold":null,"inheritable":false,"inbound_stock":0,"stock_on_hold":0,"sold_today":0,"sales_last_days":0,"reserved_stock":0,"customer_returns":0,"warehouse_damage":0,"lost_in_post":0,"other_logs":0,"out_stock_days":0,"lost_sales":0,"has_location":false,"update_date":"2026-04-17T00:13:50","atum_locations":[],"atum_stock_status":"instock","restock_status":false,"low_stock_amount":1,"sales_update_date":"2026-04-17T00:13:50","calc_backorders":null,"jetpack_sharing_enabled":true,"jetpack_likes_enabled":true,"brands":[{"id":2419,"name":"Vina \u010cuk","slug":"vina-cuk"}],"_links":{"self":[{"href":"https:\/\/sprememba.si\/SiSQ-Spirits\/wp-json\/wp\/v2\/product\/15375","targetHints":{"allow":["GET"]}}],"collection":[{"href":"https:\/\/sprememba.si\/SiSQ-Spirits\/wp-json\/wp\/v2\/product"}],"about":[{"href":"https:\/\/sprememba.si\/SiSQ-Spirits\/wp-json\/wp\/v2\/types\/product"}],"wp:featuredmedia":[{"embeddable":true,"href":"https:\/\/sprememba.si\/SiSQ-Spirits\/wp-json\/wp\/v2\/media\/15376"}],"wp:attachment":[{"href":"https:\/\/sprememba.si\/SiSQ-Spirits\/wp-json\/wp\/v2\/media?parent=15375"}],"wp:term":[{"taxonomy":"pwb-brand","embeddable":true,"href":"https:\/\/sprememba.si\/SiSQ-Spirits\/wp-json\/wp\/v2\/pwb-brand?post=15375"},{"taxonomy":"product_brand","embeddable":true,"href":"https:\/\/sprememba.si\/SiSQ-Spirits\/wp-json\/wp\/v2\/product_brand?post=15375"},{"taxonomy":"product_cat","embeddable":true,"href":"https:\/\/sprememba.si\/SiSQ-Spirits\/wp-json\/wp\/v2\/product_cat?post=15375"},{"taxonomy":"product_tag","embeddable":true,"href":"https:\/\/sprememba.si\/SiSQ-Spirits\/wp-json\/wp\/v2\/product_tag?post=15375"}],"curies":[{"name":"wp","href":"https:\/\/api.w.org\/{rel}","templated":true}]}}