{"id":15473,"date":"2024-11-19T14:14:25","date_gmt":"2024-11-19T13:14:25","guid":{"rendered":"https:\/\/sprememba.si\/SiSQ-Spirits\/?post_type=product&#038;p=15473"},"modified":"2025-12-17T10:00:35","modified_gmt":"2025-12-17T09:00:35","slug":"gin-kroglice-3-x","status":"publish","type":"product","link":"https:\/\/sprememba.si\/SiSQ-Spirits\/trgovina\/gin-kroglice-3-x\/","title":{"rendered":"Gin kroglice 3 x"},"content":{"rendered":"<p>Gin kroglice 3 so polnjene s prvim slovenskim craft ginom Brin. Popestrite leto\u0161nje okra\u0161evanje novoletnih jelk z malo druga\u010dnimi okraski. Ti so polni veselja .<\/p>\n<p>V kompletu so 3 novoletno bo\u017ei\u010dne kroglice razli\u010dnih barv in v vsaki je 0,05l gina GinBrin. Potrebujete samo \u0161e dru\u017ebo in okra\u0161evanje se lahko za\u010dne.<\/p>\n<p>Gin kroglice so \u0161e v <a href=\"https:\/\/sprememba.si\/SiSQ-Spirits\/gin-kroglice\/\" target=\"_blank\" rel=\"noopener\">kompletu po 6 x<\/a> ali pa se kupi posamezna <a href=\"https:\/\/sprememba.si\/SiSQ-Spirits\/trgovina\/gin-brin-kroglica\/\" target=\"_blank\" rel=\"noopener\">gin kroglica<\/a>.<\/p>\n<p>&nbsp;<\/p>\n<p>Po dogovoru je mo\u017een tudi tisk va\u0161ega loga\/ime podjetja na trak.<\/p>\n","protected":false},"excerpt":{"rendered":"<p>3 kroglice napolnjene z odli\u010dnim Gin Brin<\/p>\n","protected":false},"featured_media":15474,"template":"","meta":{"_price":"15","_stock":"18","_tribe_ticket_header":"","_tribe_default_ticket_provider":"","_tribe_ticket_capacity":"1","_ticket_start_date":"","_ticket_end_date":"","_tribe_ticket_show_description":"","_tribe_ticket_show_not_going":false,"_tribe_ticket_use_global_stock":"","_tribe_ticket_global_stock_level":"","_global_stock_mode":"","_global_stock_cap":"","_tribe_rsvp_for_event":"","_tribe_ticket_going_count":"","_tribe_ticket_not_going_count":"","_tribe_tickets_list":"[]","_tribe_ticket_has_attendee_info_fields":false,"jetpack_post_was_ever_published":false,"_tec_slr_enabled":"","_tec_slr_layout":""},"pwb-brand":[840],"product_brand":[],"product_cat":[1220],"product_tag":[2462],"class_list":{"0":"post-15473","1":"product","2":"type-product","3":"status-publish","4":"has-post-thumbnail","6":"pwb-brand-destilarna-gin-brin","7":"product_cat-gin-darilni-paket","8":"product_tag-bauble-sl","9":"wcpa_has_options","11":"first","12":"instock","13":"shipping-taxable","14":"purchasable","15":"product-type-simple"},"supplier_id":null,"supplier_sku":"","atum_controlled":true,"out_stock_date":null,"out_stock_threshold":null,"inheritable":false,"inbound_stock":0,"stock_on_hold":0,"sold_today":0,"sales_last_days":0,"reserved_stock":0,"customer_returns":0,"warehouse_damage":0,"lost_in_post":0,"other_logs":0,"out_stock_days":0,"lost_sales":0,"has_location":false,"update_date":"2026-04-17T00:13:48","atum_locations":[],"atum_stock_status":"instock","restock_status":false,"low_stock_amount":"","sales_update_date":"2026-04-17T00:13:48","calc_backorders":null,"jetpack_sharing_enabled":true,"jetpack_likes_enabled":true,"brands":[{"id":840,"name":"Destilarna Gin Brin","slug":"destilarna-gin-brin"}],"_links":{"self":[{"href":"https:\/\/sprememba.si\/SiSQ-Spirits\/wp-json\/wp\/v2\/product\/15473","targetHints":{"allow":["GET"]}}],"collection":[{"href":"https:\/\/sprememba.si\/SiSQ-Spirits\/wp-json\/wp\/v2\/product"}],"about":[{"href":"https:\/\/sprememba.si\/SiSQ-Spirits\/wp-json\/wp\/v2\/types\/product"}],"wp:featuredmedia":[{"embeddable":true,"href":"https:\/\/sprememba.si\/SiSQ-Spirits\/wp-json\/wp\/v2\/media\/15474"}],"wp:attachment":[{"href":"https:\/\/sprememba.si\/SiSQ-Spirits\/wp-json\/wp\/v2\/media?parent=15473"}],"wp:term":[{"taxonomy":"pwb-brand","embeddable":true,"href":"https:\/\/sprememba.si\/SiSQ-Spirits\/wp-json\/wp\/v2\/pwb-brand?post=15473"},{"taxonomy":"product_brand","embeddable":true,"href":"https:\/\/sprememba.si\/SiSQ-Spirits\/wp-json\/wp\/v2\/product_brand?post=15473"},{"taxonomy":"product_cat","embeddable":true,"href":"https:\/\/sprememba.si\/SiSQ-Spirits\/wp-json\/wp\/v2\/product_cat?post=15473"},{"taxonomy":"product_tag","embeddable":true,"href":"https:\/\/sprememba.si\/SiSQ-Spirits\/wp-json\/wp\/v2\/product_tag?post=15473"}],"curies":[{"name":"wp","href":"https:\/\/api.w.org\/{rel}","templated":true}]}}