{"id":15522,"date":"2021-12-09T18:17:53","date_gmt":"2021-12-09T17:17:53","guid":{"rendered":"https:\/\/sprememba.si\/SiSQ-Spirits\/?post_type=product&#038;p=15522"},"modified":"2024-03-04T17:13:58","modified_gmt":"2024-03-04T16:13:58","slug":"time-2020-pelicon","status":"publish","type":"product","link":"https:\/\/sprememba.si\/SiSQ-Spirits\/trgovina\/time-2020-pelicon\/","title":{"rendered":"Pelicon Time 2020"},"content":{"rendered":"<p>Stil piva:\u00a0imperial stout<br \/>\nAlkoholna stopnja: 13.0 %<br \/>\nPakiranje: 750\u00a0ml<br \/>\nNefiltrirano, nepasterizirano in zorjenov v lesenih sodih.<\/p>\n<p>Kot mnogi med nami, je tudi to pivo leto 2020 pre\u017eivelo v samoizolaciji, in sicer v sodih bourbona. Po ve\u010d kot dvanajstih mesecih staranja je pri\u0161el bogat temni imerial stout z notami \u0161erija, vanilije, suhega sadja in kakava. Skozi izredno gosto \u010drno telo se po\u010dasi na vrhu nabere temno rjava razko\u0161na pena.<\/p>\n<p>Pivovarsko znanje in mojsterski prijem Mateja Pelicona pa se poka\u017ee, ko pri 13 % alkohola tega skoraj ne za\u010duti\u0161.<\/p>\n","protected":false},"excerpt":{"rendered":"<p>Stil piva:\u00a0imperial stout Alkoholna stopnja: 13.0 % Pakiranje: 750\u00a0ml Nefiltrirano, nepasterizirano in zorjenov v lesenih sodih. Kot mnogi med nami, je tudi to pivo leto 2020 pre\u017eivelo v samoizolaciji, in [&hellip;]<\/p>\n","protected":false},"featured_media":15536,"template":"","meta":{"_price":"14","_stock":"7","_tribe_ticket_header":"","_tribe_default_ticket_provider":"","_tribe_ticket_capacity":"5","_ticket_start_date":"","_ticket_end_date":"","_tribe_ticket_show_description":"","_tribe_ticket_show_not_going":false,"_tribe_ticket_use_global_stock":"","_tribe_ticket_global_stock_level":"","_global_stock_mode":"","_global_stock_cap":"","_tribe_rsvp_for_event":"","_tribe_ticket_going_count":"","_tribe_ticket_not_going_count":"","_tribe_tickets_list":"[]","_tribe_ticket_has_attendee_info_fields":false,"jetpack_post_was_ever_published":false,"_tec_slr_enabled":"","_tec_slr_layout":""},"pwb-brand":[150],"product_brand":[],"product_cat":[471,317],"product_tag":[],"class_list":{"0":"post-15522","1":"product","2":"type-product","3":"status-publish","4":"has-post-thumbnail","6":"pwb-brand-pivovarna-pelicon","7":"product_cat-pivo","8":"product_cat-omejene-serije","10":"first","11":"instock","12":"sale","13":"shipping-taxable","14":"purchasable","15":"product-type-simple"},"supplier_id":16304,"supplier_sku":"","atum_controlled":true,"out_stock_date":null,"out_stock_threshold":null,"inheritable":false,"inbound_stock":0,"stock_on_hold":0,"sold_today":0,"sales_last_days":0,"reserved_stock":0,"customer_returns":0,"warehouse_damage":0,"lost_in_post":0,"other_logs":0,"out_stock_days":0,"lost_sales":0,"has_location":false,"update_date":"2026-04-21T00:29:14","atum_locations":[],"atum_stock_status":"instock","restock_status":false,"low_stock_amount":"","sales_update_date":"2026-04-21T00:29:14","calc_backorders":null,"jetpack_sharing_enabled":true,"jetpack_likes_enabled":true,"brands":[{"id":150,"name":"Pivovarna Pelicon","slug":"pivovarna-pelicon"}],"_links":{"self":[{"href":"https:\/\/sprememba.si\/SiSQ-Spirits\/wp-json\/wp\/v2\/product\/15522","targetHints":{"allow":["GET"]}}],"collection":[{"href":"https:\/\/sprememba.si\/SiSQ-Spirits\/wp-json\/wp\/v2\/product"}],"about":[{"href":"https:\/\/sprememba.si\/SiSQ-Spirits\/wp-json\/wp\/v2\/types\/product"}],"wp:featuredmedia":[{"embeddable":true,"href":"https:\/\/sprememba.si\/SiSQ-Spirits\/wp-json\/wp\/v2\/media\/15536"}],"wp:attachment":[{"href":"https:\/\/sprememba.si\/SiSQ-Spirits\/wp-json\/wp\/v2\/media?parent=15522"}],"wp:term":[{"taxonomy":"pwb-brand","embeddable":true,"href":"https:\/\/sprememba.si\/SiSQ-Spirits\/wp-json\/wp\/v2\/pwb-brand?post=15522"},{"taxonomy":"product_brand","embeddable":true,"href":"https:\/\/sprememba.si\/SiSQ-Spirits\/wp-json\/wp\/v2\/product_brand?post=15522"},{"taxonomy":"product_cat","embeddable":true,"href":"https:\/\/sprememba.si\/SiSQ-Spirits\/wp-json\/wp\/v2\/product_cat?post=15522"},{"taxonomy":"product_tag","embeddable":true,"href":"https:\/\/sprememba.si\/SiSQ-Spirits\/wp-json\/wp\/v2\/product_tag?post=15522"}],"curies":[{"name":"wp","href":"https:\/\/api.w.org\/{rel}","templated":true}]}}