{"id":15530,"date":"2021-12-13T09:03:06","date_gmt":"2021-12-13T08:03:06","guid":{"rendered":"https:\/\/sprememba.si\/SiSQ-Spirits\/?post_type=product&#038;p=15530"},"modified":"2023-08-16T09:52:55","modified_gmt":"2023-08-16T07:52:55","slug":"pelicon-time-zbirka","status":"publish","type":"product","link":"https:\/\/sprememba.si\/SiSQ-Spirits\/trgovina\/pelicon-time-zbirka\/","title":{"rendered":"Pelicon Time zbirka"},"content":{"rendered":"<p>Pelicon Time zbirka vseh dosedanjih buteljk v njihovi zbirki posebnih piv pod imenom <a href=\"https:\/\/sprememba.si\/SiSQ-Spirits\/?term=&amp;s=time&amp;post_type=product&amp;taxonomy=product_cat\" target=\"_blank\" rel=\"noopener\">Time<\/a>.\u00a0 Kot bonus je prilo\u017een \u0161e leto\u0161nji Pelicon <a href=\"https:\/\/sprememba.si\/SiSQ-Spirits\/trgovina\/pelicon-winter\/\" target=\"_blank\" rel=\"noopener\">Winter<\/a>.<\/p>\n<p>Zbirka Time vsebuje:<\/p>\n<ul>\n<li>Time 2017 (old pale staran v sodih bourbona)<\/li>\n<li>Time 2018 (wheat wine &#8211; r\u017eeno vino staran v sodih tekile)<\/li>\n<li>Time 2019 (rye wine &#8211; je\u010dmenovo vino starano v sodih ruma in bourbona)<\/li>\n<li>Time 2020 (imperial stout staran v sodih bourbona)<\/li>\n<li>Winter ( winter warmer &#8211; zimsko pivo z za\u010dimbami)<\/li>\n<\/ul>\n<p>Najpopularnej\u0161e staranje piva je v lesenih sodih. Sodi se \u0161irijo in kr\u010dijo ob nihanju temperature in pri tem srkajo in iztiskajo tudi teko\u010dino. Iz te interakcije se ob primernem staranju pojavijo nove, zanimivej\u0161e arome in okusi, ki jih sicer ne bi bilo. Za vse to pa je potreben \u010das.<\/p>\n<p>V Pelicon zbirki <strong>Time<\/strong> so starali v lesenih sodih treh razli\u010dnih destilatov old pale, wheat wine, rye wine in sedaj \u0161e imperial stout. Vsakega so starali leto dni, pivo pa je imenovano po letu zvarjenja.<\/p>\n<p>&nbsp;<\/p>\n","protected":false},"excerpt":{"rendered":"<p>Samo 2 kompleta \u0161e na voljo!<\/p>\n","protected":false},"featured_media":15532,"template":"","meta":{"_price":"58","_stock":"0","_tribe_ticket_header":"","_tribe_default_ticket_provider":"","_tribe_ticket_capacity":"3","_ticket_start_date":"","_ticket_end_date":"","_tribe_ticket_show_description":"","_tribe_ticket_show_not_going":false,"_tribe_ticket_use_global_stock":"","_tribe_ticket_global_stock_level":"","_global_stock_mode":"","_global_stock_cap":"","_tribe_rsvp_for_event":"","_tribe_ticket_going_count":"","_tribe_ticket_not_going_count":"","_tribe_tickets_list":"[]","_tribe_ticket_has_attendee_info_fields":false,"jetpack_post_was_ever_published":false,"_tec_slr_enabled":"","_tec_slr_layout":""},"pwb-brand":[150],"product_brand":[],"product_cat":[317,2466,471],"product_tag":[2493],"class_list":{"0":"post-15530","1":"product","2":"type-product","3":"status-publish","4":"has-post-thumbnail","6":"pwb-brand-pivovarna-pelicon","7":"product_cat-omejene-serije","8":"product_cat-izpostavljeno","9":"product_cat-pivo","10":"product_tag-pelicon-komplet","12":"first","13":"outofstock","14":"sale","15":"featured","16":"shipping-taxable","17":"purchasable","18":"product-type-simple"},"supplier_id":16304,"supplier_sku":"","atum_controlled":true,"out_stock_date":"2023-08-13 19:20:21","out_stock_threshold":null,"inheritable":false,"inbound_stock":0,"stock_on_hold":0,"sold_today":0,"sales_last_days":0,"reserved_stock":0,"customer_returns":0,"warehouse_damage":0,"lost_in_post":0,"other_logs":0,"out_stock_days":992,"lost_sales":0,"has_location":false,"update_date":"2026-05-02T01:48:34","atum_locations":[],"atum_stock_status":"outofstock","restock_status":false,"low_stock_amount":"","sales_update_date":"2026-05-02T01:48:34","calc_backorders":null,"jetpack_sharing_enabled":true,"jetpack_likes_enabled":true,"brands":[{"id":150,"name":"Pivovarna Pelicon","slug":"pivovarna-pelicon"}],"_links":{"self":[{"href":"https:\/\/sprememba.si\/SiSQ-Spirits\/wp-json\/wp\/v2\/product\/15530","targetHints":{"allow":["GET"]}}],"collection":[{"href":"https:\/\/sprememba.si\/SiSQ-Spirits\/wp-json\/wp\/v2\/product"}],"about":[{"href":"https:\/\/sprememba.si\/SiSQ-Spirits\/wp-json\/wp\/v2\/types\/product"}],"wp:featuredmedia":[{"embeddable":true,"href":"https:\/\/sprememba.si\/SiSQ-Spirits\/wp-json\/wp\/v2\/media\/15532"}],"wp:attachment":[{"href":"https:\/\/sprememba.si\/SiSQ-Spirits\/wp-json\/wp\/v2\/media?parent=15530"}],"wp:term":[{"taxonomy":"pwb-brand","embeddable":true,"href":"https:\/\/sprememba.si\/SiSQ-Spirits\/wp-json\/wp\/v2\/pwb-brand?post=15530"},{"taxonomy":"product_brand","embeddable":true,"href":"https:\/\/sprememba.si\/SiSQ-Spirits\/wp-json\/wp\/v2\/product_brand?post=15530"},{"taxonomy":"product_cat","embeddable":true,"href":"https:\/\/sprememba.si\/SiSQ-Spirits\/wp-json\/wp\/v2\/product_cat?post=15530"},{"taxonomy":"product_tag","embeddable":true,"href":"https:\/\/sprememba.si\/SiSQ-Spirits\/wp-json\/wp\/v2\/product_tag?post=15530"}],"curies":[{"name":"wp","href":"https:\/\/api.w.org\/{rel}","templated":true}]}}