{"id":1592,"date":"2019-06-06T22:07:05","date_gmt":"2019-06-06T20:07:05","guid":{"rendered":"https:\/\/sprememba.si\/SiSQ-Spirits\/?post_type=product&#038;p=1592"},"modified":"2026-03-01T10:56:23","modified_gmt":"2026-03-01T09:56:23","slug":"santei-gin","status":"publish","type":"product","link":"https:\/\/sprememba.si\/SiSQ-Spirits\/trgovina\/santei-gin\/","title":{"rendered":"Santei gin SKRASA"},"content":{"rendered":"<p>Za\u010detnemu ne\u017enemu vonju brinovih jaogd se pridru\u017eita vonja sivke in ro\u017emarina, v ozadju pa vohamo \u0161opek kra\u0161kih zeli\u0161\u010d, kar daje ginu Skrasa No. 19 telo, globino in krepost.<\/p>\n<p>Vsebuje 19 sestavin, ki so bile nabrane na Nanosu, Golakih, \u010cavnu in kra\u0161ki planoti: brinove jagode, sivka, kra\u0161ki \u0161etraj, ro\u017emarin in druge. Kra\u0161ki me\u0161anici so dodali osnovna zeli\u0161\u010da za gin kot so semena koriandra, korenina angelike, sladki koren in druga. Sve\u017eino prispevata limonina in pomaran\u010dna lupinica. Zeli\u0161\u010da so bila pri tretji destilaciji dodana prvotnemu lastnemu vinskemu destilatu.<\/p>\n<p>Predlog za serviranje: sam, brez ledu in par kapljic vode. Za gin tonik se naj uporabi premium tonik, ki ni presladek.<\/p>\n<p><strong>Kombiniranje s hrano:<\/strong><br \/>\nlubenico in feta sir, posut s kra\u0161kimi zeli\u0161\u010di priporo\u010da <strong><em>Danijel Galjot<\/em><\/strong>, ki se ukvarja s spajanjem gina in hrane v Hotelu Triglav Bled.<\/p>\n<p>Ker Santei gin Skrasa ni narejen na \u017eitni osnovi, ampak, je osnova vinski destilat, zato lahko brez skrbi u\u017eivajo v njem tudi tisti, ki imajo druga\u010de te\u017eave zaradi glutena ( <strong>brezglutenski)<\/strong>.<br \/>\nVinski destilat je narejen iz bio grozdja, tako da je gin <strong>bio izdelek<\/strong>.<\/p>\n<p>Na voljo tudi kot <a href=\"https:\/\/sprememba.si\/SiSQ-Spirits\/trgovina\/slovenski-gin-darilo-s-santei\/\" target=\"_blank\" rel=\"noopener noreferrer\">darilni paket Slovenski gin s Santei ginom Skrasa<\/a> ali pa s popularnim slovenskim kozarcem za gin tonik <a href=\"https:\/\/sprememba.si\/SiSQ-Spirits\/trgovina\/slovenski-gin-darilo-santei-skrasa-2-x-polaris\/\" target=\"_blank\" rel=\"noopener\">darilni paket Slovenski gin S Santei ginom + 2 x Polaris kozarca<\/a><\/p>\n","protected":false},"excerpt":{"rendered":"<p><span style=\"color: #ff0000;\">ZADNJE STEKLENICE!!!<\/span><\/p>\n<p>Santei gin SKRASA No. 19 je prvi slovenski buti\u010dni destiliran gin narejen na grozdni osnovi. Po okusu ga odlikujeta mehkoba in harmonija, ki se prepletata z omamnimi vonjavami Krasa<\/p>\n","protected":false},"featured_media":1593,"template":"","meta":{"_price":"35","_stock":"10","_tribe_ticket_header":"","_tribe_default_ticket_provider":"","_tribe_ticket_capacity":"17","_ticket_start_date":"","_ticket_end_date":"","_tribe_ticket_show_description":"","_tribe_ticket_show_not_going":false,"_tribe_ticket_use_global_stock":"","_tribe_ticket_global_stock_level":"","_global_stock_mode":"","_global_stock_cap":"","_tribe_rsvp_for_event":"","_tribe_ticket_going_count":"","_tribe_ticket_not_going_count":"","_tribe_tickets_list":"[]","_tribe_ticket_has_attendee_info_fields":false,"jetpack_post_was_ever_published":false,"_tec_slr_enabled":"","_tec_slr_layout":""},"pwb-brand":[806],"product_brand":[],"product_cat":[865,1620,1239],"product_tag":[1080,600,1087,554],"class_list":{"0":"post-1592","1":"product","2":"type-product","3":"status-publish","4":"has-post-thumbnail","6":"pwb-brand-santei","7":"product_cat-gin","8":"product_cat-destilati","9":"product_cat-slovenski-gin","10":"product_tag-brezglutensko","11":"product_tag-gin","12":"product_tag-santei","13":"product_tag-slovenski-gin-craft","15":"first","16":"instock","17":"sale","18":"featured","19":"shipping-taxable","20":"purchasable","21":"product-type-simple"},"supplier_id":null,"supplier_sku":"","atum_controlled":true,"out_stock_date":null,"out_stock_threshold":null,"inheritable":false,"inbound_stock":0,"stock_on_hold":0,"sold_today":0,"sales_last_days":0,"reserved_stock":0,"customer_returns":0,"warehouse_damage":0,"lost_in_post":0,"other_logs":0,"out_stock_days":0,"lost_sales":0,"has_location":false,"update_date":"2026-04-23T00:33:42","atum_locations":[],"atum_stock_status":"instock","restock_status":false,"low_stock_amount":"","sales_update_date":"2026-04-23T00:33:42","calc_backorders":null,"jetpack_sharing_enabled":true,"jetpack_likes_enabled":true,"brands":[{"id":806,"name":"Santei","slug":"santei"}],"_links":{"self":[{"href":"https:\/\/sprememba.si\/SiSQ-Spirits\/wp-json\/wp\/v2\/product\/1592","targetHints":{"allow":["GET"]}}],"collection":[{"href":"https:\/\/sprememba.si\/SiSQ-Spirits\/wp-json\/wp\/v2\/product"}],"about":[{"href":"https:\/\/sprememba.si\/SiSQ-Spirits\/wp-json\/wp\/v2\/types\/product"}],"wp:featuredmedia":[{"embeddable":true,"href":"https:\/\/sprememba.si\/SiSQ-Spirits\/wp-json\/wp\/v2\/media\/1593"}],"wp:attachment":[{"href":"https:\/\/sprememba.si\/SiSQ-Spirits\/wp-json\/wp\/v2\/media?parent=1592"}],"wp:term":[{"taxonomy":"pwb-brand","embeddable":true,"href":"https:\/\/sprememba.si\/SiSQ-Spirits\/wp-json\/wp\/v2\/pwb-brand?post=1592"},{"taxonomy":"product_brand","embeddable":true,"href":"https:\/\/sprememba.si\/SiSQ-Spirits\/wp-json\/wp\/v2\/product_brand?post=1592"},{"taxonomy":"product_cat","embeddable":true,"href":"https:\/\/sprememba.si\/SiSQ-Spirits\/wp-json\/wp\/v2\/product_cat?post=1592"},{"taxonomy":"product_tag","embeddable":true,"href":"https:\/\/sprememba.si\/SiSQ-Spirits\/wp-json\/wp\/v2\/product_tag?post=1592"}],"curies":[{"name":"wp","href":"https:\/\/api.w.org\/{rel}","templated":true}]}}