{"id":15996,"date":"2022-11-17T07:37:00","date_gmt":"2022-11-17T06:37:00","guid":{"rendered":"https:\/\/sprememba.si\/SiSQ-Spirits\/?post_type=product&#038;p=15996"},"modified":"2025-10-20T14:23:41","modified_gmt":"2025-10-20T12:23:41","slug":"rum-barcelo-imperial-onyx","status":"publish","type":"product","link":"https:\/\/sprememba.si\/SiSQ-Spirits\/trgovina\/rum-barcelo-imperial-onyx\/","title":{"rendered":"Rum Barcelo Imperial Onyx 38 %"},"content":{"rendered":"<p>Rum Barcel\u00f3 Imperial Onyx je izjemen dominikanski rum, ki s svojo globino in edinstvenim karakterjem prepri\u010da \u0161e tako zahtevne ljubitelje. To je skrbno izbrana me\u0161anica rumov, ki so do deset let starani v mo\u010dno pre\u017eganih hrastovih sodih (imenovano &#8220;heavy char&#8221;). Ta intenzivni postopek staranja mu podari neponovljive in robustne note.<\/p>\n<h4>Skrivnost edinstvenosti<\/h4>\n<p>Po zorenju rum sledi posebnemu filtriranju skozi avtenti\u010dne Oniks kamne. Ta misti\u010dni proces mu podari izjemno gladkost, eleganco in dodaten sloj kompleksnosti.<\/p>\n<h4>Senzori\u010dne lastnosti &#8211; Staran in Kompleksen<\/h4>\n<p>Barva: Globok mahagonij z jantarnimi (bakrenimi) odtenki, kar odra\u017ea bogato zorenje.<br \/>\nTelo: Robustno, strukturirano in izrazitega zna\u010daja.<br \/>\nAroma: Intenzivna in kompleksna. Prevladujejo note ope\u010denega lesa, vanilije, karamele in ne\u017eni pridih \u010de\u0161nje, kave in ore\u0161\u010dkov.<br \/>\nOkus: Poln in gladek. Ob\u010dutki so intenzivni, z izrazitimi toni lesa in vanilije, ki se prepletajo z ope\u010denimi aromami in subtilno sladkostjo suhega sadja.<br \/>\nZaklju\u010dek: Dolg in obstojen pookus, ki pusti prijeten ob\u010dutek topline in zadovoljstva.<\/p>\n<h3>Filtracija z Oniksom \u2013 Ve\u010d kot le rum<\/h3>\n<p>Oniks kamni, ki se uporabljajo za filtriranje, so kristali notranje mo\u010di in veljajo za mo\u010dan za\u0161\u010ditni kamen in talisman. Tradicionalno prina\u0161ajo harmonijo, stabilnost in sre\u010do ter krepijo samozavest. Filtracija skozi Oniks ne podari rumu le izjemne gladkosti in elegance, ampak ga ovije tudi v avro mistike.<\/p>\n<h4>Naravna kakovost<\/h4>\n<p>Pri Ronu Barcel\u00f3 stoji kakovost na prvem mestu. Kot pri vseh premium rumih Barcel\u00f3, tudi temu rumu ni dodan sladkor, kar zagotavlja \u010dist in naraven okus iz fermentiranega soka sladkornega trsa.<\/p>\n<h4>Idealen<\/h4>\n<p>Za u\u017eivanje \u010distega, z ledom ali kot izpopolnjena osnova za klasi\u010dne in sodobne koktajle (posebej se priporo\u010da za Dark &amp; Stormy in temnej\u0161e Daiquirije). Odli\u010den je tudi kot stilski spremljevalec ob cigari.<\/p>\n<p>Izdelek je v elegantni darilni embala\u017ei.<\/p>\n","protected":false},"excerpt":{"rendered":"<p><span class=\"jCAhz ChMk0b\"><span class=\"ryNqvb\">Intenzivnost, Eleganca in Magija Oniksa<br \/>\nStaran in kompleksen rum, ki navdu\u0161i vse \u010dute. Rum z\u00a0intenzivnimi, globokimi notami in edinstvenim karakterjem.<\/span><\/span><\/p>\n<p>Filtriran preko \u010drnih onyx kamnov daje gost rum z odtenki \u017egane pomaran\u010dne lupine, \u010drnih \u010de\u0161enj in polsladkega toastega hrasta, s pridihom mle\u010dne \u010dokolade na koncu.<\/p>\n","protected":false},"featured_media":15997,"template":"","meta":{"_price":"39.60","_stock":"6","_tribe_ticket_header":"","_tribe_default_ticket_provider":"","_tribe_ticket_capacity":"1","_ticket_start_date":"","_ticket_end_date":"","_tribe_ticket_show_description":"","_tribe_ticket_show_not_going":false,"_tribe_ticket_use_global_stock":"","_tribe_ticket_global_stock_level":"","_global_stock_mode":"","_global_stock_cap":"","_tribe_rsvp_for_event":"","_tribe_ticket_going_count":"","_tribe_ticket_not_going_count":"","_tribe_tickets_list":"[]","_tribe_ticket_has_attendee_info_fields":false,"jetpack_post_was_ever_published":false,"_tec_slr_enabled":"","_tec_slr_layout":""},"pwb-brand":[2592],"product_brand":[],"product_cat":[1620,2590],"product_tag":[],"class_list":{"0":"post-15996","1":"product","2":"type-product","3":"status-publish","4":"has-post-thumbnail","6":"pwb-brand-distillery-barcelo","7":"product_cat-destilati","8":"product_cat-rum","10":"first","11":"instock","12":"featured","13":"shipping-taxable","14":"purchasable","15":"product-type-simple"},"supplier_id":16081,"supplier_sku":"","atum_controlled":true,"out_stock_date":null,"out_stock_threshold":null,"inheritable":false,"inbound_stock":0,"stock_on_hold":0,"sold_today":0,"sales_last_days":0,"reserved_stock":0,"customer_returns":0,"warehouse_damage":0,"lost_in_post":0,"other_logs":0,"out_stock_days":0,"lost_sales":0,"has_location":false,"update_date":"2026-04-23T00:33:39","atum_locations":[],"atum_stock_status":"instock","restock_status":false,"low_stock_amount":"","sales_update_date":"2026-04-23T00:33:39","calc_backorders":null,"jetpack_sharing_enabled":true,"jetpack_likes_enabled":true,"brands":[{"id":2592,"name":"Distillery Barcelo","slug":"distillery-barcelo"}],"_links":{"self":[{"href":"https:\/\/sprememba.si\/SiSQ-Spirits\/wp-json\/wp\/v2\/product\/15996","targetHints":{"allow":["GET"]}}],"collection":[{"href":"https:\/\/sprememba.si\/SiSQ-Spirits\/wp-json\/wp\/v2\/product"}],"about":[{"href":"https:\/\/sprememba.si\/SiSQ-Spirits\/wp-json\/wp\/v2\/types\/product"}],"wp:featuredmedia":[{"embeddable":true,"href":"https:\/\/sprememba.si\/SiSQ-Spirits\/wp-json\/wp\/v2\/media\/15997"}],"wp:attachment":[{"href":"https:\/\/sprememba.si\/SiSQ-Spirits\/wp-json\/wp\/v2\/media?parent=15996"}],"wp:term":[{"taxonomy":"pwb-brand","embeddable":true,"href":"https:\/\/sprememba.si\/SiSQ-Spirits\/wp-json\/wp\/v2\/pwb-brand?post=15996"},{"taxonomy":"product_brand","embeddable":true,"href":"https:\/\/sprememba.si\/SiSQ-Spirits\/wp-json\/wp\/v2\/product_brand?post=15996"},{"taxonomy":"product_cat","embeddable":true,"href":"https:\/\/sprememba.si\/SiSQ-Spirits\/wp-json\/wp\/v2\/product_cat?post=15996"},{"taxonomy":"product_tag","embeddable":true,"href":"https:\/\/sprememba.si\/SiSQ-Spirits\/wp-json\/wp\/v2\/product_tag?post=15996"}],"curies":[{"name":"wp","href":"https:\/\/api.w.org\/{rel}","templated":true}]}}