{"id":15999,"date":"2022-11-17T07:56:02","date_gmt":"2022-11-17T06:56:02","guid":{"rendered":"https:\/\/sprememba.si\/SiSQ-Spirits\/?post_type=product&#038;p=15999"},"modified":"2025-12-17T08:27:48","modified_gmt":"2025-12-17T07:27:48","slug":"rum-barcelo-imperial-darilni-paket","status":"publish","type":"product","link":"https:\/\/sprememba.si\/SiSQ-Spirits\/trgovina\/rum-barcelo-imperial-darilni-paket\/","title":{"rendered":"Rum Barcelo Imperial darilni paket"},"content":{"rendered":"<p>Rum Barcelo Imperial darilni paket vsebuje poleg ruma \u0161e 2 kozarca prav za rum.<\/p>\n<p>Rum je izdelan iz dragocenega nektarja najbolj\u0161ega izbora dominikanskega sladkornega trsa, pridelanega na lastnih planta\u017eah, je Barcel\u00f3 Imperial rezultat vrtoglavih sanj: staranje najbolj\u0161ih zalog ruma. Barcel\u00f3 Imperial, naravno staran do deset let v najbolj\u0161ih podnebnih razmerah, je izjemna harmonija barve, vonja in okusa za \u010dute.<\/p>\n<p>Note ruma: intenzivna bakreno jantarna barva. Briljantna bakreno jantarna barva. Vonj maslene kreme, suhih \u010de\u0161enj, intenzivne vanilje, ananasove marmelade in karameliziranih ore\u0161\u010dkov, ki jim sledi blag vstop v suh, a saden okus.<\/p>\n<p>Srednje in bujno telo z veliko globino in uravnote\u017eenostjo. Zaklju\u010dite z okusom koren\u010dkove sladoledne torte, kola ore\u0161\u010dkov in mo\u010dnega pope\u010denega okusa, ki postopoma zbledi.<\/p>\n<p>V Barcelo rume se ne dodaja sladkor kot v mnoge druge premium rume, le karamela za barvo.<\/p>\n","protected":false},"excerpt":{"rendered":"<p>Izdelan iz dragocenega nektarja najbolj\u0161ega izbora dominikanskega sladkornega trsa, pridelanega na lastnih planta\u017eah<\/p>\n","protected":false},"featured_media":16000,"template":"","meta":{"_price":"36","_stock":"3","_tribe_ticket_header":"","_tribe_default_ticket_provider":"","_tribe_ticket_capacity":"18","_ticket_start_date":"","_ticket_end_date":"","_tribe_ticket_show_description":"","_tribe_ticket_show_not_going":false,"_tribe_ticket_use_global_stock":"","_tribe_ticket_global_stock_level":"","_global_stock_mode":"","_global_stock_cap":"","_tribe_rsvp_for_event":"","_tribe_ticket_going_count":"","_tribe_ticket_not_going_count":"","_tribe_tickets_list":"[]","_tribe_ticket_has_attendee_info_fields":false,"jetpack_post_was_ever_published":false,"_tec_slr_enabled":"","_tec_slr_layout":""},"pwb-brand":[2592],"product_brand":[],"product_cat":[2590,551,1620,2445],"product_tag":[],"class_list":{"0":"post-15999","1":"product","2":"type-product","3":"status-publish","4":"has-post-thumbnail","6":"pwb-brand-distillery-barcelo","7":"product_cat-rum","8":"product_cat-darilni-kompleti","9":"product_cat-destilati","10":"product_cat-zganjice-darilni-paket","11":"wcpa_has_options","13":"first","14":"instock","15":"featured","16":"purchasable","17":"product-type-simple"},"supplier_id":16081,"supplier_sku":"","atum_controlled":true,"out_stock_date":null,"out_stock_threshold":null,"inheritable":false,"inbound_stock":0,"stock_on_hold":0,"sold_today":0,"sales_last_days":0,"reserved_stock":0,"customer_returns":0,"warehouse_damage":0,"lost_in_post":0,"other_logs":0,"out_stock_days":0,"lost_sales":0,"has_location":false,"update_date":"2026-04-16T00:12:35","atum_locations":[],"atum_stock_status":"instock","restock_status":false,"low_stock_amount":3,"sales_update_date":"2026-04-16T00:12:35","calc_backorders":null,"jetpack_sharing_enabled":true,"jetpack_likes_enabled":true,"brands":[{"id":2592,"name":"Distillery Barcelo","slug":"distillery-barcelo"}],"_links":{"self":[{"href":"https:\/\/sprememba.si\/SiSQ-Spirits\/wp-json\/wp\/v2\/product\/15999","targetHints":{"allow":["GET"]}}],"collection":[{"href":"https:\/\/sprememba.si\/SiSQ-Spirits\/wp-json\/wp\/v2\/product"}],"about":[{"href":"https:\/\/sprememba.si\/SiSQ-Spirits\/wp-json\/wp\/v2\/types\/product"}],"wp:featuredmedia":[{"embeddable":true,"href":"https:\/\/sprememba.si\/SiSQ-Spirits\/wp-json\/wp\/v2\/media\/16000"}],"wp:attachment":[{"href":"https:\/\/sprememba.si\/SiSQ-Spirits\/wp-json\/wp\/v2\/media?parent=15999"}],"wp:term":[{"taxonomy":"pwb-brand","embeddable":true,"href":"https:\/\/sprememba.si\/SiSQ-Spirits\/wp-json\/wp\/v2\/pwb-brand?post=15999"},{"taxonomy":"product_brand","embeddable":true,"href":"https:\/\/sprememba.si\/SiSQ-Spirits\/wp-json\/wp\/v2\/product_brand?post=15999"},{"taxonomy":"product_cat","embeddable":true,"href":"https:\/\/sprememba.si\/SiSQ-Spirits\/wp-json\/wp\/v2\/product_cat?post=15999"},{"taxonomy":"product_tag","embeddable":true,"href":"https:\/\/sprememba.si\/SiSQ-Spirits\/wp-json\/wp\/v2\/product_tag?post=15999"}],"curies":[{"name":"wp","href":"https:\/\/api.w.org\/{rel}","templated":true}]}}