{"id":16060,"date":"2022-12-08T12:33:26","date_gmt":"2022-12-08T11:33:26","guid":{"rendered":"https:\/\/sprememba.si\/SiSQ-Spirits\/?post_type=product&#038;p=16060"},"modified":"2023-05-04T08:08:45","modified_gmt":"2023-05-04T06:08:45","slug":"baraba-rakija-viljamovka","status":"publish","type":"product","link":"https:\/\/sprememba.si\/SiSQ-Spirits\/trgovina\/baraba-rakija-viljamovka\/","title":{"rendered":"Baraba rakija Viljamovka"},"content":{"rendered":"<p>Baraba rakija Viljamovka je premium rakija iz Srbske destilarne Podrum Pali\u0107. Najbolj zrele sade\u017ee iz lastnih sadovnjakov izberejo za \u017eganje \u017elahtnega zna\u010daja, ki se lahko psotre\u017ee kot aperitiv ali kot digestiv.<\/p>\n<p>Edinstveno, son\u010dno podnebje Pali\u0107a je odli\u010dno za gojenje so\u010dnih in aromati\u010dnih hru\u0161k viljamovk.<\/p>\n","protected":false},"excerpt":{"rendered":"<p>Baraba rakija Viljamovka je premium rakija iz Srbske destilarne Podrum Pali\u0107 iz lastnih vojvodinskih nasadov hru\u0161k sorte viljamovka<\/p>\n","protected":false},"featured_media":16061,"template":"","meta":{"_price":"20.80","_stock":"0","_tribe_ticket_header":"","_tribe_default_ticket_provider":"","_tribe_ticket_capacity":"2","_ticket_start_date":"","_ticket_end_date":"","_tribe_ticket_show_description":"","_tribe_ticket_show_not_going":false,"_tribe_ticket_use_global_stock":"","_tribe_ticket_global_stock_level":"","_global_stock_mode":"","_global_stock_cap":"","_tribe_rsvp_for_event":"","_tribe_ticket_going_count":"","_tribe_ticket_not_going_count":"","_tribe_tickets_list":"[]","_tribe_ticket_has_attendee_info_fields":false,"jetpack_post_was_ever_published":false,"_tec_slr_enabled":"","_tec_slr_layout":""},"pwb-brand":[2609],"product_brand":[],"product_cat":[1620,174],"product_tag":[2626,2619,2628],"class_list":{"0":"post-16060","1":"product","2":"type-product","3":"status-publish","4":"has-post-thumbnail","6":"pwb-brand-podrum-palic","7":"product_cat-destilati","8":"product_cat-sadje-zganje","9":"product_tag-baraba","10":"product_tag-rakija","11":"product_tag-viljamovka","13":"first","14":"outofstock","15":"shipping-taxable","16":"purchasable","17":"product-type-simple"},"supplier_id":null,"supplier_sku":"","atum_controlled":true,"out_stock_date":"2023-05-04 06:08:45","out_stock_threshold":null,"inheritable":false,"inbound_stock":0,"stock_on_hold":0,"sold_today":0,"sales_last_days":0,"reserved_stock":0,"customer_returns":0,"warehouse_damage":0,"lost_in_post":0,"other_logs":0,"out_stock_days":1077,"lost_sales":0,"has_location":false,"update_date":"2026-04-16T00:12:34","atum_locations":[],"atum_stock_status":"outofstock","restock_status":false,"low_stock_amount":"","sales_update_date":"2026-04-16T00:12:34","calc_backorders":null,"jetpack_sharing_enabled":true,"jetpack_likes_enabled":true,"brands":[{"id":2609,"name":"Podrum Pali\u0107","slug":"podrum-palic"}],"_links":{"self":[{"href":"https:\/\/sprememba.si\/SiSQ-Spirits\/wp-json\/wp\/v2\/product\/16060","targetHints":{"allow":["GET"]}}],"collection":[{"href":"https:\/\/sprememba.si\/SiSQ-Spirits\/wp-json\/wp\/v2\/product"}],"about":[{"href":"https:\/\/sprememba.si\/SiSQ-Spirits\/wp-json\/wp\/v2\/types\/product"}],"wp:featuredmedia":[{"embeddable":true,"href":"https:\/\/sprememba.si\/SiSQ-Spirits\/wp-json\/wp\/v2\/media\/16061"}],"wp:attachment":[{"href":"https:\/\/sprememba.si\/SiSQ-Spirits\/wp-json\/wp\/v2\/media?parent=16060"}],"wp:term":[{"taxonomy":"pwb-brand","embeddable":true,"href":"https:\/\/sprememba.si\/SiSQ-Spirits\/wp-json\/wp\/v2\/pwb-brand?post=16060"},{"taxonomy":"product_brand","embeddable":true,"href":"https:\/\/sprememba.si\/SiSQ-Spirits\/wp-json\/wp\/v2\/product_brand?post=16060"},{"taxonomy":"product_cat","embeddable":true,"href":"https:\/\/sprememba.si\/SiSQ-Spirits\/wp-json\/wp\/v2\/product_cat?post=16060"},{"taxonomy":"product_tag","embeddable":true,"href":"https:\/\/sprememba.si\/SiSQ-Spirits\/wp-json\/wp\/v2\/product_tag?post=16060"}],"curies":[{"name":"wp","href":"https:\/\/api.w.org\/{rel}","templated":true}]}}