{"id":16179,"date":"2023-03-13T13:55:57","date_gmt":"2023-03-13T12:55:57","guid":{"rendered":"https:\/\/sprememba.si\/SiSQ-Spirits\/?post_type=product&#038;p=16179"},"modified":"2024-03-04T17:17:59","modified_gmt":"2024-03-04T16:17:59","slug":"hoppy-cola","status":"publish","type":"product","link":"https:\/\/sprememba.si\/SiSQ-Spirits\/trgovina\/hoppy-cola\/","title":{"rendered":"Hoppy cola"},"content":{"rendered":"<p>Pelicon Hoppy Cola\u00a0je gazirana pija\u010da ustvarjena po originalnem receptu Pivovarne Pelicon, iz izbranih za\u010dimb, zeli\u0161\u010d, in aromati\u010dnega hmelja Citra. Privo\u0161\u010dite si jo lahko ohlajeno na 8\u02daC, ali pa v izbranem koktajlu z drugimi pija\u010dami. Miksu dodajte \u0161e rezino limete\u00a0ter veliko ledu &#8211; et voil\u00e0!<\/p>\n<p>Sestavine:\u00a0Voda, sladkor, izvle\u010dek pra\u017eenega je\u010dmena (gluten), kislina: mle\u010dna kislina (vegan), naravne arome: vanilja, hmelj sorte Citra, cimet, pomaran\u010da, limona, mu\u0161katni ore\u0161\u010dek, konzervans: kalijev sorbat.<\/p>\n","protected":false},"excerpt":{"rendered":"<p>Gazirana sodavica iz izbranih za\u010dimb, zeli\u0161\u010d, in aromati\u010dnega hmelja Citra. Brez umetnih arom in sladil<\/p>\n","protected":false},"featured_media":16180,"template":"","meta":{"_uag_custom_page_level_css":"","_price":"1.99","_stock":"","_tribe_ticket_header":"","_tribe_default_ticket_provider":"","_tribe_ticket_capacity":"2","_ticket_start_date":"","_ticket_end_date":"","_tribe_ticket_show_description":"","_tribe_ticket_show_not_going":false,"_tribe_ticket_use_global_stock":"","_tribe_ticket_global_stock_level":"","_global_stock_mode":"","_global_stock_cap":"","_tribe_rsvp_for_event":"","_tribe_ticket_going_count":"","_tribe_ticket_not_going_count":"","_tribe_tickets_list":"[]","_tribe_ticket_has_attendee_info_fields":false,"_tec_slr_enabled":"","_tec_slr_layout":""},"pwb-brand":[150],"product_brand":[],"product_cat":[2002],"product_tag":[2674],"class_list":{"0":"post-16179","1":"product","2":"type-product","3":"status-publish","4":"has-post-thumbnail","6":"pwb-brand-pivovarna-pelicon","7":"product_cat-brezalkoholna-pijaca","8":"product_tag-kraft-kola","10":"first","11":"outofstock","12":"shipping-taxable","13":"purchasable","14":"product-type-simple"},"supplier_id":16304,"supplier_sku":"","atum_controlled":true,"out_stock_date":null,"out_stock_threshold":null,"inheritable":false,"inbound_stock":0,"stock_on_hold":0,"sold_today":0,"sales_last_days":0,"reserved_stock":0,"customer_returns":0,"warehouse_damage":0,"lost_in_post":0,"other_logs":0,"out_stock_days":0,"lost_sales":0,"has_location":false,"update_date":"2026-05-13T00:03:18","atum_locations":[],"atum_stock_status":"outofstock","restock_status":false,"low_stock_amount":"","sales_update_date":"2026-05-13T00:03:18","calc_backorders":null,"uagb_featured_image_src":{"full":["https:\/\/i0.wp.com\/sprememba.si\/SiSQ-Spirits\/wp-content\/uploads\/2023\/03\/Pelicon-Hoppy-cola-Enopteka-Mozirje.png?fit=800%2C800&ssl=1",800,800,false],"thumbnail":["https:\/\/i0.wp.com\/sprememba.si\/SiSQ-Spirits\/wp-content\/uploads\/2023\/03\/Pelicon-Hoppy-cola-Enopteka-Mozirje.png?resize=150%2C150&ssl=1",150,150,true],"medium":["https:\/\/i0.wp.com\/sprememba.si\/SiSQ-Spirits\/wp-content\/uploads\/2023\/03\/Pelicon-Hoppy-cola-Enopteka-Mozirje.png?fit=300%2C300&ssl=1",300,300,true],"medium_large":["https:\/\/i0.wp.com\/sprememba.si\/SiSQ-Spirits\/wp-content\/uploads\/2023\/03\/Pelicon-Hoppy-cola-Enopteka-Mozirje.png?fit=768%2C768&ssl=1",768,768,true],"large":["https:\/\/i0.wp.com\/sprememba.si\/SiSQ-Spirits\/wp-content\/uploads\/2023\/03\/Pelicon-Hoppy-cola-Enopteka-Mozirje.png?fit=800%2C800&ssl=1",800,800,true],"1536x1536":["https:\/\/i0.wp.com\/sprememba.si\/SiSQ-Spirits\/wp-content\/uploads\/2023\/03\/Pelicon-Hoppy-cola-Enopteka-Mozirje.png?fit=800%2C800&ssl=1",800,800,true],"2048x2048":["https:\/\/i0.wp.com\/sprememba.si\/SiSQ-Spirits\/wp-content\/uploads\/2023\/03\/Pelicon-Hoppy-cola-Enopteka-Mozirje.png?fit=800%2C800&ssl=1",800,800,true],"woocommerce_thumbnail":["https:\/\/i0.wp.com\/sprememba.si\/SiSQ-Spirits\/wp-content\/uploads\/2023\/03\/Pelicon-Hoppy-cola-Enopteka-Mozirje.png?resize=324%2C324&ssl=1",324,324,true],"woocommerce_single":["https:\/\/i0.wp.com\/sprememba.si\/SiSQ-Spirits\/wp-content\/uploads\/2023\/03\/Pelicon-Hoppy-cola-Enopteka-Mozirje.png?fit=416%2C416&ssl=1",416,416,true],"woocommerce_gallery_thumbnail":["https:\/\/i0.wp.com\/sprememba.si\/SiSQ-Spirits\/wp-content\/uploads\/2023\/03\/Pelicon-Hoppy-cola-Enopteka-Mozirje.png?resize=100%2C100&ssl=1",100,100,true],"variation_swatches_image_size":["https:\/\/i0.wp.com\/sprememba.si\/SiSQ-Spirits\/wp-content\/uploads\/2023\/03\/Pelicon-Hoppy-cola-Enopteka-Mozirje.png?resize=50%2C50&ssl=1",50,50,true],"variation_swatches_tooltip_size":["https:\/\/i0.wp.com\/sprememba.si\/SiSQ-Spirits\/wp-content\/uploads\/2023\/03\/Pelicon-Hoppy-cola-Enopteka-Mozirje.png?resize=100%2C100&ssl=1",100,100,true]},"uagb_author_info":{"display_name":"SiSQSpirits","author_link":"https:\/\/sprememba.si\/SiSQ-Spirits\/author\/"},"uagb_comment_info":0,"uagb_excerpt":"Gazirana sodavica iz izbranih za\u010dimb, zeli\u0161\u010d, in aromati\u010dnega hmelja Citra. Brez umetnih arom in sladil","jetpack_sharing_enabled":true,"jetpack_likes_enabled":true,"brands":[{"id":150,"name":"Pivovarna Pelicon","slug":"pivovarna-pelicon"}],"_links":{"self":[{"href":"https:\/\/sprememba.si\/SiSQ-Spirits\/wp-json\/wp\/v2\/product\/16179","targetHints":{"allow":["GET"]}}],"collection":[{"href":"https:\/\/sprememba.si\/SiSQ-Spirits\/wp-json\/wp\/v2\/product"}],"about":[{"href":"https:\/\/sprememba.si\/SiSQ-Spirits\/wp-json\/wp\/v2\/types\/product"}],"wp:featuredmedia":[{"embeddable":true,"href":"https:\/\/sprememba.si\/SiSQ-Spirits\/wp-json\/wp\/v2\/media\/16180"}],"wp:attachment":[{"href":"https:\/\/sprememba.si\/SiSQ-Spirits\/wp-json\/wp\/v2\/media?parent=16179"}],"wp:term":[{"taxonomy":"pwb-brand","embeddable":true,"href":"https:\/\/sprememba.si\/SiSQ-Spirits\/wp-json\/wp\/v2\/pwb-brand?post=16179"},{"taxonomy":"product_brand","embeddable":true,"href":"https:\/\/sprememba.si\/SiSQ-Spirits\/wp-json\/wp\/v2\/product_brand?post=16179"},{"taxonomy":"product_cat","embeddable":true,"href":"https:\/\/sprememba.si\/SiSQ-Spirits\/wp-json\/wp\/v2\/product_cat?post=16179"},{"taxonomy":"product_tag","embeddable":true,"href":"https:\/\/sprememba.si\/SiSQ-Spirits\/wp-json\/wp\/v2\/product_tag?post=16179"}],"curies":[{"name":"wp","href":"https:\/\/api.w.org\/{rel}","templated":true}]}}