{"id":1626,"date":"2019-06-07T13:15:01","date_gmt":"2019-06-07T11:15:01","guid":{"rendered":"https:\/\/sprememba.si\/SiSQ-Spirits\/?post_type=product&#038;p=1626"},"modified":"2021-12-06T09:37:00","modified_gmt":"2021-12-06T08:37:00","slug":"gin-brin-citrus","status":"publish","type":"product","link":"https:\/\/sprememba.si\/SiSQ-Spirits\/trgovina\/gin-brin-citrus\/","title":{"rendered":"Gin Brin Citrus"},"content":{"rendered":"<p><a href=\"https:\/\/sprememba.si\/SiSQ-Spirits\/trgovina\/gin-brin-slovenski-craft\/\" target=\"_blank\" rel=\"noopener noreferrer\">Gin BRIN<\/a> je dobil novo razli\u010dico &#8211; gin BRIN CITRUS. Ne\u017ene arome citrusov lepo dopolnijo klasi\u010den gin BRIN.<\/p>\n<p>Ro\u010dno izdelan London Dry Gin.<\/p>\n<p>Na voljo tudi kot <a href=\"https:\/\/sprememba.si\/SiSQ-Spirits\/trgovina\/slovenski-gin-darilo-z-gin-brin-c\/\" target=\"_blank\" rel=\"noopener noreferrer\">darilni paket Slovenski gin z Gin Brin Citrusom<\/a><\/p>\n","protected":false},"excerpt":{"rendered":"<p><a href=\"https:\/\/sprememba.si\/SiSQ-Spirits\/trgovina\/gin-brin-slovenski-craft\/\" target=\"_blank\" rel=\"noopener noreferrer\">Gin BRIN<\/a> je dobil novo razli\u010dico &#8211; gin BRIN CITRUS. Ne\u017ene arome citrusov lepo dopolnijo klasi\u010den gin BRIN.<\/p>\n","protected":false},"featured_media":5550,"template":"","meta":{"_price":"24","_stock":"0","_tribe_ticket_header":"","_tribe_default_ticket_provider":"","_tribe_ticket_capacity":"4","_ticket_start_date":"","_ticket_end_date":"","_tribe_ticket_show_description":"","_tribe_ticket_show_not_going":false,"_tribe_ticket_use_global_stock":"","_tribe_ticket_global_stock_level":"","_global_stock_mode":"","_global_stock_cap":"","_tribe_rsvp_for_event":"","_tribe_ticket_going_count":"","_tribe_ticket_not_going_count":"","_tribe_tickets_list":"[]","_tribe_ticket_has_attendee_info_fields":false,"jetpack_post_was_ever_published":false,"_tec_slr_enabled":"","_tec_slr_layout":""},"pwb-brand":[840],"product_brand":[],"product_cat":[865,1620,1239],"product_tag":[554],"class_list":{"0":"post-1626","1":"product","2":"type-product","3":"status-publish","4":"has-post-thumbnail","6":"pwb-brand-destilarna-gin-brin","7":"product_cat-gin","8":"product_cat-destilati","9":"product_cat-slovenski-gin","10":"product_tag-slovenski-gin-craft","12":"first","13":"outofstock","14":"sale","15":"shipping-taxable","16":"purchasable","17":"product-type-simple"},"supplier_id":null,"supplier_sku":"","atum_controlled":true,"out_stock_date":"2021-12-06 07:37:00","out_stock_threshold":null,"inheritable":false,"inbound_stock":0,"stock_on_hold":0,"sold_today":0,"sales_last_days":0,"reserved_stock":0,"customer_returns":0,"warehouse_damage":0,"lost_in_post":0,"other_logs":0,"out_stock_days":1591,"lost_sales":0,"has_location":false,"update_date":"2026-04-16T00:12:35","atum_locations":[],"atum_stock_status":"outofstock","restock_status":false,"low_stock_amount":0,"sales_update_date":"2026-04-16T00:12:35","calc_backorders":null,"jetpack_sharing_enabled":true,"jetpack_likes_enabled":true,"brands":[{"id":840,"name":"Destilarna Gin Brin","slug":"destilarna-gin-brin"}],"_links":{"self":[{"href":"https:\/\/sprememba.si\/SiSQ-Spirits\/wp-json\/wp\/v2\/product\/1626","targetHints":{"allow":["GET"]}}],"collection":[{"href":"https:\/\/sprememba.si\/SiSQ-Spirits\/wp-json\/wp\/v2\/product"}],"about":[{"href":"https:\/\/sprememba.si\/SiSQ-Spirits\/wp-json\/wp\/v2\/types\/product"}],"wp:featuredmedia":[{"embeddable":true,"href":"https:\/\/sprememba.si\/SiSQ-Spirits\/wp-json\/wp\/v2\/media\/5550"}],"wp:attachment":[{"href":"https:\/\/sprememba.si\/SiSQ-Spirits\/wp-json\/wp\/v2\/media?parent=1626"}],"wp:term":[{"taxonomy":"pwb-brand","embeddable":true,"href":"https:\/\/sprememba.si\/SiSQ-Spirits\/wp-json\/wp\/v2\/pwb-brand?post=1626"},{"taxonomy":"product_brand","embeddable":true,"href":"https:\/\/sprememba.si\/SiSQ-Spirits\/wp-json\/wp\/v2\/product_brand?post=1626"},{"taxonomy":"product_cat","embeddable":true,"href":"https:\/\/sprememba.si\/SiSQ-Spirits\/wp-json\/wp\/v2\/product_cat?post=1626"},{"taxonomy":"product_tag","embeddable":true,"href":"https:\/\/sprememba.si\/SiSQ-Spirits\/wp-json\/wp\/v2\/product_tag?post=1626"}],"curies":[{"name":"wp","href":"https:\/\/api.w.org\/{rel}","templated":true}]}}