{"id":16272,"date":"2023-05-14T11:44:19","date_gmt":"2023-05-14T09:44:19","guid":{"rendered":"https:\/\/sprememba.si\/SiSQ-Spirits\/?post_type=product&#038;p=16272"},"modified":"2026-04-13T16:22:26","modified_gmt":"2026-04-13T14:22:26","slug":"pultar-cuk-skatla-5-l","status":"publish","type":"product","link":"https:\/\/sprememba.si\/SiSQ-Spirits\/trgovina\/pultar-cuk-skatla-5-l\/","title":{"rendered":"Pultar \u010cuk Bel, \u0161katla 5 l"},"content":{"rendered":"<p>Me\u0161anica Sauvignona in\u00a0 Rumeni mu\u0161kata je poimenovana po potoku Pultar, ki te\u010de med vinogradi, kjer raste njihovo grozdje.<\/p>\n<p>&nbsp;<\/p>\n<p>V kartonski \u0161katli je metalizirana vre\u010dka. Vre\u010dka varuje pred zrakom, svetlobo in drugimi vplivi okolja ter tako ohranja \u017eivljenjsko dobo in kakovost vina.<\/p>\n<p>Ventil VI-TOP je profesionalni ventil za vre\u010dke za vino, s katerim je mogo\u010de teko\u010dino v vre\u010dki izprazniti, ne da bi v vre\u010dko spustil zrak. Tako se dlje \u010dasa ohrani kakovost teko\u010dine. Odprto je lahko 2 tedna.<\/p>\n","protected":false},"excerpt":{"rendered":"<p>Odli\u010dno za piknike. \u0160katla gre v obi\u010dajen hladilnik. Dober sam ali kot \u0161pricer.<\/p>\n","protected":false},"featured_media":16273,"template":"","meta":{"_uag_custom_page_level_css":"","_price":"15","_stock":"1","_tribe_ticket_header":"","_tribe_default_ticket_provider":"","_tribe_ticket_capacity":"0","_ticket_start_date":"","_ticket_end_date":"","_tribe_ticket_show_description":"","_tribe_ticket_show_not_going":false,"_tribe_ticket_use_global_stock":"","_tribe_ticket_global_stock_level":"","_global_stock_mode":"","_global_stock_cap":"","_tribe_rsvp_for_event":"","_tribe_ticket_going_count":"","_tribe_ticket_not_going_count":"","_tribe_tickets_list":"[]","_tribe_ticket_has_attendee_info_fields":false,"jetpack_post_was_ever_published":false,"_tec_slr_enabled":"","_tec_slr_layout":""},"pwb-brand":[2419],"product_brand":[],"product_cat":[955,961],"product_tag":[],"class_list":{"0":"post-16272","1":"product","2":"type-product","3":"status-publish","4":"has-post-thumbnail","6":"pwb-brand-vina-cuk","7":"product_cat-vino","8":"product_cat-belo-vino","10":"first","11":"instock","12":"shipping-taxable","13":"purchasable","14":"product-type-simple"},"supplier_id":null,"supplier_sku":"","atum_controlled":true,"out_stock_date":null,"out_stock_threshold":null,"inheritable":false,"inbound_stock":0,"stock_on_hold":0,"sold_today":0,"sales_last_days":0,"reserved_stock":0,"customer_returns":0,"warehouse_damage":0,"lost_in_post":0,"other_logs":0,"out_stock_days":0,"lost_sales":0,"has_location":false,"update_date":"2026-05-07T01:57:14","atum_locations":[],"atum_stock_status":"instock","restock_status":false,"low_stock_amount":"","sales_update_date":"2026-05-07T01:57:14","calc_backorders":null,"uagb_featured_image_src":{"full":["https:\/\/i0.wp.com\/sprememba.si\/SiSQ-Spirits\/wp-content\/uploads\/2023\/05\/karton_5l.webp?fit=800%2C800&ssl=1",800,800,false],"thumbnail":["https:\/\/i0.wp.com\/sprememba.si\/SiSQ-Spirits\/wp-content\/uploads\/2023\/05\/karton_5l.webp?resize=150%2C150&ssl=1",150,150,true],"medium":["https:\/\/i0.wp.com\/sprememba.si\/SiSQ-Spirits\/wp-content\/uploads\/2023\/05\/karton_5l.webp?fit=300%2C300&ssl=1",300,300,true],"medium_large":["https:\/\/i0.wp.com\/sprememba.si\/SiSQ-Spirits\/wp-content\/uploads\/2023\/05\/karton_5l.webp?fit=768%2C768&ssl=1",768,768,true],"large":["https:\/\/i0.wp.com\/sprememba.si\/SiSQ-Spirits\/wp-content\/uploads\/2023\/05\/karton_5l.webp?fit=800%2C800&ssl=1",800,800,true],"1536x1536":["https:\/\/i0.wp.com\/sprememba.si\/SiSQ-Spirits\/wp-content\/uploads\/2023\/05\/karton_5l.webp?fit=800%2C800&ssl=1",800,800,true],"2048x2048":["https:\/\/i0.wp.com\/sprememba.si\/SiSQ-Spirits\/wp-content\/uploads\/2023\/05\/karton_5l.webp?fit=800%2C800&ssl=1",800,800,true],"woocommerce_thumbnail":["https:\/\/i0.wp.com\/sprememba.si\/SiSQ-Spirits\/wp-content\/uploads\/2023\/05\/karton_5l.webp?resize=324%2C324&ssl=1",324,324,true],"woocommerce_single":["https:\/\/i0.wp.com\/sprememba.si\/SiSQ-Spirits\/wp-content\/uploads\/2023\/05\/karton_5l.webp?fit=416%2C416&ssl=1",416,416,true],"woocommerce_gallery_thumbnail":["https:\/\/i0.wp.com\/sprememba.si\/SiSQ-Spirits\/wp-content\/uploads\/2023\/05\/karton_5l.webp?resize=100%2C100&ssl=1",100,100,true],"variation_swatches_image_size":["https:\/\/i0.wp.com\/sprememba.si\/SiSQ-Spirits\/wp-content\/uploads\/2023\/05\/karton_5l.webp?resize=50%2C50&ssl=1",50,50,true],"variation_swatches_tooltip_size":["https:\/\/i0.wp.com\/sprememba.si\/SiSQ-Spirits\/wp-content\/uploads\/2023\/05\/karton_5l.webp?resize=100%2C100&ssl=1",100,100,true]},"uagb_author_info":{"display_name":"SiSQSpirits","author_link":"https:\/\/sprememba.si\/SiSQ-Spirits\/author\/"},"uagb_comment_info":0,"uagb_excerpt":"Odli\u010dno za piknike. \u0160katla gre v obi\u010dajen hladilnik. Dober sam ali kot \u0161pricer.","jetpack_sharing_enabled":true,"jetpack_likes_enabled":true,"brands":[{"id":2419,"name":"Vina \u010cuk","slug":"vina-cuk"}],"_links":{"self":[{"href":"https:\/\/sprememba.si\/SiSQ-Spirits\/wp-json\/wp\/v2\/product\/16272","targetHints":{"allow":["GET"]}}],"collection":[{"href":"https:\/\/sprememba.si\/SiSQ-Spirits\/wp-json\/wp\/v2\/product"}],"about":[{"href":"https:\/\/sprememba.si\/SiSQ-Spirits\/wp-json\/wp\/v2\/types\/product"}],"wp:featuredmedia":[{"embeddable":true,"href":"https:\/\/sprememba.si\/SiSQ-Spirits\/wp-json\/wp\/v2\/media\/16273"}],"wp:attachment":[{"href":"https:\/\/sprememba.si\/SiSQ-Spirits\/wp-json\/wp\/v2\/media?parent=16272"}],"wp:term":[{"taxonomy":"pwb-brand","embeddable":true,"href":"https:\/\/sprememba.si\/SiSQ-Spirits\/wp-json\/wp\/v2\/pwb-brand?post=16272"},{"taxonomy":"product_brand","embeddable":true,"href":"https:\/\/sprememba.si\/SiSQ-Spirits\/wp-json\/wp\/v2\/product_brand?post=16272"},{"taxonomy":"product_cat","embeddable":true,"href":"https:\/\/sprememba.si\/SiSQ-Spirits\/wp-json\/wp\/v2\/product_cat?post=16272"},{"taxonomy":"product_tag","embeddable":true,"href":"https:\/\/sprememba.si\/SiSQ-Spirits\/wp-json\/wp\/v2\/product_tag?post=16272"}],"curies":[{"name":"wp","href":"https:\/\/api.w.org\/{rel}","templated":true}]}}