{"id":16822,"date":"2024-10-28T12:03:44","date_gmt":"2024-10-28T11:03:44","guid":{"rendered":"https:\/\/sprememba.si\/SiSQ-Spirits\/?post_type=product&#038;p=16822"},"modified":"2025-03-16T16:02:05","modified_gmt":"2025-03-16T15:02:05","slug":"rum-barcelo-premium-blend-40-aniversario","status":"publish","type":"product","link":"https:\/\/sprememba.si\/SiSQ-Spirits\/trgovina\/rum-barcelo-premium-blend-40-aniversario\/","title":{"rendered":"Rum Barcelo Premium Blend 40 Aniversario"},"content":{"rendered":"<p>Rum Barcelo Premium Blend 40 Aniversario je posebna me\u0161anica preteklih rezerv Barcel\u00f3 Imperial, zorena v izbranih kosih sodov iz ameri\u0161kega hrasta in francoskega hrasta, oba z razli\u010dnimi stopnjami okusov; nato je me\u0161anica po\u010divala \u0161e dodatno v evropskih sodih.<\/p>\n<p>\u0160tirideset let posve\u010deno ohranjanju kakovostne tradicije Barcel\u00f3 rumov. Darilo tistim, ki resni\u010dno cenijo brbon\u010dice vrhunskega vrhunskega ruma.<\/p>\n<p>Svetlo bakreno rjave barve. Harmoni\u010dni pridihi cr\u00eame br\u00fbl\u00e9e, karameliziranih rozin, izvrstnih suhih za\u010dimb in suhih \u010de\u0161enj. Gladek vstop s polsuhim, vendar sadnim telesom velike globine, razvijajo\u010de se plasti ore\u0161\u010dkov, zna\u010dilnih za fini evropski les.<br \/>\nZaklju\u010di z dolgim priokusom listov popra in elegantnega tobaka. \u017divahen rum omejene proizvodnje, dvakrat staran in po\u010divan v sodu. Pripravite se razveseliti svoje \u010dute z vsakim po\u017eirkom posebej.<\/p>\n<p>Odli\u010dno za: fine cigare, starani siri, elegantne sladice, temna \u010dokolada in izbrani kosi rde\u010dega mesa.<\/p>\n<p>Nagrade:<\/p>\n<ul>\n<li>Best rum of the year, The Spirits Business &#8211; Rum Masters Competition 2024<\/li>\n<li>Gold Medal, London Spirits Competition 2023<\/li>\n<li>Gold medal, San Frncisco World Spirits Competition 2023<\/li>\n<\/ul>\n<p>&nbsp;<\/p>\n","protected":false},"excerpt":{"rendered":"<p>Premium rum, ki obele\u017euje 40-letnico premiere Barcelo Imperial ruma.<\/p>\n","protected":false},"featured_media":16826,"template":"","meta":{"_price":"","_stock":"5","_tribe_ticket_header":"","_tribe_default_ticket_provider":"","_tribe_ticket_capacity":"6","_ticket_start_date":"","_ticket_end_date":"","_tribe_ticket_show_description":"","_tribe_ticket_show_not_going":false,"_tribe_ticket_use_global_stock":"","_tribe_ticket_global_stock_level":"","_global_stock_mode":"","_global_stock_cap":"","_tribe_rsvp_for_event":"","_tribe_ticket_going_count":"","_tribe_ticket_not_going_count":"","_tribe_tickets_list":"[]","_tribe_ticket_has_attendee_info_fields":false,"jetpack_post_was_ever_published":false,"_tec_slr_enabled":"","_tec_slr_layout":""},"pwb-brand":[2592],"product_brand":[],"product_cat":[1620,2590],"product_tag":[],"class_list":{"0":"post-16822","1":"product","2":"type-product","3":"status-publish","4":"has-post-thumbnail","6":"pwb-brand-distillery-barcelo","7":"product_cat-destilati","8":"product_cat-rum","10":"first","11":"instock","12":"featured","13":"shipping-taxable","14":"product-type-simple"},"supplier_id":null,"supplier_sku":"","atum_controlled":true,"out_stock_date":null,"out_stock_threshold":null,"inheritable":false,"inbound_stock":0,"stock_on_hold":0,"sold_today":0,"sales_last_days":0,"reserved_stock":0,"customer_returns":0,"warehouse_damage":0,"lost_in_post":0,"other_logs":0,"out_stock_days":0,"lost_sales":0,"has_location":false,"update_date":"2026-04-30T01:20:59","atum_locations":[],"atum_stock_status":"instock","restock_status":false,"low_stock_amount":"","sales_update_date":"2026-04-30T01:20:59","calc_backorders":null,"jetpack_sharing_enabled":true,"jetpack_likes_enabled":true,"brands":[{"id":2592,"name":"Distillery Barcelo","slug":"distillery-barcelo"}],"_links":{"self":[{"href":"https:\/\/sprememba.si\/SiSQ-Spirits\/wp-json\/wp\/v2\/product\/16822","targetHints":{"allow":["GET"]}}],"collection":[{"href":"https:\/\/sprememba.si\/SiSQ-Spirits\/wp-json\/wp\/v2\/product"}],"about":[{"href":"https:\/\/sprememba.si\/SiSQ-Spirits\/wp-json\/wp\/v2\/types\/product"}],"wp:featuredmedia":[{"embeddable":true,"href":"https:\/\/sprememba.si\/SiSQ-Spirits\/wp-json\/wp\/v2\/media\/16826"}],"wp:attachment":[{"href":"https:\/\/sprememba.si\/SiSQ-Spirits\/wp-json\/wp\/v2\/media?parent=16822"}],"wp:term":[{"taxonomy":"pwb-brand","embeddable":true,"href":"https:\/\/sprememba.si\/SiSQ-Spirits\/wp-json\/wp\/v2\/pwb-brand?post=16822"},{"taxonomy":"product_brand","embeddable":true,"href":"https:\/\/sprememba.si\/SiSQ-Spirits\/wp-json\/wp\/v2\/product_brand?post=16822"},{"taxonomy":"product_cat","embeddable":true,"href":"https:\/\/sprememba.si\/SiSQ-Spirits\/wp-json\/wp\/v2\/product_cat?post=16822"},{"taxonomy":"product_tag","embeddable":true,"href":"https:\/\/sprememba.si\/SiSQ-Spirits\/wp-json\/wp\/v2\/product_tag?post=16822"}],"curies":[{"name":"wp","href":"https:\/\/api.w.org\/{rel}","templated":true}]}}