{"id":16839,"date":"2024-11-19T12:49:07","date_gmt":"2024-11-19T11:49:07","guid":{"rendered":"https:\/\/sprememba.si\/SiSQ-Spirits\/?post_type=product&#038;p=16839"},"modified":"2024-11-19T12:49:08","modified_gmt":"2024-11-19T11:49:08","slug":"carga-modri-pinot","status":"publish","type":"product","link":"https:\/\/sprememba.si\/SiSQ-Spirits\/trgovina\/carga-modri-pinot\/","title":{"rendered":"\u010carga Modri pinot"},"content":{"rendered":"<p>\u010carga Modri Pinot je dobil mesto v njihovih vinogradih \u017ee daljnega leta 1993. Ve\u010dji del grozdja ga uporabijo za pridelavo rose penine po klasi\u010dni metodi.<\/p>\n<p>Le iz izjemnih letnikov pridelajo Modri pinot selekcioniranih grozdov ravninskega vinograda Njiva ter iz teras vinograda Draga. Trgatvi sledi dalj\u0161a 14 dnevna\u00a0 klasi\u010dna maceracija s kon\u010dano fermentacijo ter opravljenim mle\u010dnokislinskim razkisom. Po prvem pretoku iz betonske posode je vino delno zorelo v velikem hrastovem sodu ter delno v francoskih barrique sodih 24 mesecev.<\/p>\n<p>Pinot noir mnogi vinski poznavalci ozna\u010dujejo kot izjemno in elegantno belo vino v rde\u010di preobleki. \u010carga Modri pinot je tipi\u010dne rubinaste barve s pridihom ope\u010dnatega odtenka. V dozoreli cvetici prevladuje aroma \u010de\u0161nje. Zorenje v lesenih sodih pa vinu daje mehkobo zrelih in ule\u017eanih taninov ter topel, dolg zaton. Poda se k preprostim jedem iz rde\u010dega mesa, sirom in nekaterim mesenim ribam (losos, morski pes).<\/p>\n","protected":false},"excerpt":{"rendered":"<p>Odkrijte \u010carga Modri pinot!\u00a0Privo\u0161\u010dite si edinstven okus \u010carga Modri pinot in u\u017eivajte v vrhunskem vinu.<\/p>\n","protected":false},"featured_media":16840,"template":"","meta":{"_price":"20","_stock":"3","_tribe_ticket_header":"","_tribe_default_ticket_provider":"","_tribe_ticket_capacity":"3","_ticket_start_date":"","_ticket_end_date":"","_tribe_ticket_show_description":"","_tribe_ticket_show_not_going":false,"_tribe_ticket_use_global_stock":"","_tribe_ticket_global_stock_level":"","_global_stock_mode":"","_global_stock_cap":"","_tribe_rsvp_for_event":"","_tribe_ticket_going_count":"","_tribe_ticket_not_going_count":"","_tribe_tickets_list":"[]","_tribe_ticket_has_attendee_info_fields":false,"jetpack_post_was_ever_published":false,"_tec_slr_enabled":"","_tec_slr_layout":""},"pwb-brand":[2060],"product_brand":[],"product_cat":[187,955],"product_tag":[1509,659],"class_list":{"0":"post-16839","1":"product","2":"type-product","3":"status-publish","4":"has-post-thumbnail","6":"pwb-brand-carga-1767","7":"product_cat-rdece-vino","8":"product_cat-vino","9":"product_tag-goriska-brda","10":"product_tag-modri-pinot","12":"first","13":"instock","14":"shipping-taxable","15":"purchasable","16":"product-type-simple"},"supplier_id":null,"supplier_sku":"","atum_controlled":true,"out_stock_date":null,"out_stock_threshold":null,"inheritable":false,"inbound_stock":0,"stock_on_hold":0,"sold_today":0,"sales_last_days":0,"reserved_stock":0,"customer_returns":0,"warehouse_damage":0,"lost_in_post":0,"other_logs":0,"out_stock_days":0,"lost_sales":0,"has_location":false,"update_date":"2026-05-06T01:54:09","atum_locations":[],"atum_stock_status":"instock","restock_status":false,"low_stock_amount":"","sales_update_date":"2026-05-06T01:54:09","calc_backorders":null,"jetpack_sharing_enabled":true,"jetpack_likes_enabled":true,"brands":[{"id":2060,"name":"\u010carga 1767","slug":"carga-1767"}],"_links":{"self":[{"href":"https:\/\/sprememba.si\/SiSQ-Spirits\/wp-json\/wp\/v2\/product\/16839","targetHints":{"allow":["GET"]}}],"collection":[{"href":"https:\/\/sprememba.si\/SiSQ-Spirits\/wp-json\/wp\/v2\/product"}],"about":[{"href":"https:\/\/sprememba.si\/SiSQ-Spirits\/wp-json\/wp\/v2\/types\/product"}],"wp:featuredmedia":[{"embeddable":true,"href":"https:\/\/sprememba.si\/SiSQ-Spirits\/wp-json\/wp\/v2\/media\/16840"}],"wp:attachment":[{"href":"https:\/\/sprememba.si\/SiSQ-Spirits\/wp-json\/wp\/v2\/media?parent=16839"}],"wp:term":[{"taxonomy":"pwb-brand","embeddable":true,"href":"https:\/\/sprememba.si\/SiSQ-Spirits\/wp-json\/wp\/v2\/pwb-brand?post=16839"},{"taxonomy":"product_brand","embeddable":true,"href":"https:\/\/sprememba.si\/SiSQ-Spirits\/wp-json\/wp\/v2\/product_brand?post=16839"},{"taxonomy":"product_cat","embeddable":true,"href":"https:\/\/sprememba.si\/SiSQ-Spirits\/wp-json\/wp\/v2\/product_cat?post=16839"},{"taxonomy":"product_tag","embeddable":true,"href":"https:\/\/sprememba.si\/SiSQ-Spirits\/wp-json\/wp\/v2\/product_tag?post=16839"}],"curies":[{"name":"wp","href":"https:\/\/api.w.org\/{rel}","templated":true}]}}